{"id":2312,"date":"2024-05-06T13:30:53","date_gmt":"2024-05-06T11:30:53","guid":{"rendered":"https:\/\/latelierlartdeboxer.com\/?page_id=2312"},"modified":"2024-05-06T14:09:33","modified_gmt":"2024-05-06T12:09:33","slug":"transmision-multimedia","status":"publish","type":"page","link":"https:\/\/latelierlartdeboxer.com\/es\/le-q-g\/medias-streaming\/","title":{"rendered":"Streaming multimedia"},"content":{"rendered":"<div data-elementor-type=\"wp-page\" data-elementor-id=\"2312\" class=\"elementor elementor-2312\" wpc-filter-elementor-widget=\"1\" data-elementor-post-type=\"page\">\n\t\t\t\t<div class=\"elementor-element elementor-element-ecf6a7e e-flex e-con-boxed e-con e-parent\" data-id=\"ecf6a7e\" data-element_type=\"container\" data-e-type=\"container\" data-settings=\"{&quot;background_background&quot;:&quot;classic&quot;}\">\n\t\t\t\t\t<div class=\"e-con-inner\">\n\t\t\t\t<div class=\"elementor-element elementor-element-7f08188 elementor-widget elementor-widget-heading\" data-id=\"7f08188\" data-element_type=\"widget\" data-e-type=\"widget\" data-widget_type=\"heading.default\">\n\t\t\t\t<div class=\"elementor-widget-container\">\n\t\t\t\t\t<h3 class=\"elementor-heading-title elementor-size-default\">Sede central<\/h3>\t\t\t\t<\/div>\n\t\t\t\t<\/div>\n\t\t\t\t<div class=\"elementor-element elementor-element-8985803 elementor-widget-divider--view-line elementor-widget elementor-widget-divider\" data-id=\"8985803\" data-element_type=\"widget\" data-e-type=\"widget\" data-widget_type=\"divider.default\">\n\t\t\t\t<div class=\"elementor-widget-container\">\n\t\t\t\t\t\t\t<div class=\"elementor-divider\">\n\t\t\t<span class=\"elementor-divider-separator\">\n\t\t\t\t\t\t<\/span>\n\t\t<\/div>\n\t\t\t\t\t\t<\/div>\n\t\t\t\t<\/div>\n\t\t\t\t<div class=\"elementor-element elementor-element-369a958 elementor-widget elementor-widget-heading\" data-id=\"369a958\" data-element_type=\"widget\" data-e-type=\"widget\" data-widget_type=\"heading.default\">\n\t\t\t\t<div class=\"elementor-widget-container\">\n\t\t\t\t\t<h1 class=\"elementor-heading-title elementor-size-default\">Streaming multimedia<\/h1>\t\t\t\t<\/div>\n\t\t\t\t<\/div>\n\t\t\t\t\t<\/div>\n\t\t\t\t<\/div>\n\t\t<div class=\"elementor-element elementor-element-da09ea9 e-flex e-con-boxed e-con e-parent\" data-id=\"da09ea9\" data-element_type=\"container\" data-e-type=\"container\">\n\t\t\t\t\t<div class=\"e-con-inner\">\n\t\t\t\t<div class=\"elementor-element elementor-element-7077778 elementor-widget elementor-widget-image\" data-id=\"7077778\" data-element_type=\"widget\" data-e-type=\"widget\" data-widget_type=\"image.default\">\n\t\t\t\t<div class=\"elementor-widget-container\">\n\t\t\t\t\t\t\t\t\t\t\t\t\t\t\t<img fetchpriority=\"high\" decoding=\"async\" width=\"300\" height=\"300\" src=\"https:\/\/latelierlartdeboxer.com\/wp-content\/uploads\/2023\/05\/logo-qg-300x300.png\" class=\"attachment-medium size-medium wp-image-282\" alt=\"\" srcset=\"https:\/\/latelierlartdeboxer.com\/wp-content\/uploads\/2023\/05\/logo-qg-300x300.png 300w, https:\/\/latelierlartdeboxer.com\/wp-content\/uploads\/2023\/05\/logo-qg-100x100.png 100w, https:\/\/latelierlartdeboxer.com\/wp-content\/uploads\/2023\/05\/logo-qg-600x600.png 600w, https:\/\/latelierlartdeboxer.com\/wp-content\/uploads\/2023\/05\/logo-qg-1024x1024.png 1024w, https:\/\/latelierlartdeboxer.com\/wp-content\/uploads\/2023\/05\/logo-qg-150x150.png 150w, https:\/\/latelierlartdeboxer.com\/wp-content\/uploads\/2023\/05\/logo-qg-768x768.png 768w, https:\/\/latelierlartdeboxer.com\/wp-content\/uploads\/2023\/05\/logo-qg.png 1064w\" sizes=\"(max-width: 300px) 100vw, 300px\" \/>\t\t\t\t\t\t\t\t\t\t\t\t\t\t\t<\/div>\n\t\t\t\t<\/div>\n\t\t\t\t\t<\/div>\n\t\t\t\t<\/div>\n\t\t<div class=\"elementor-element elementor-element-3e31fff e-flex e-con-boxed e-con e-parent\" data-id=\"3e31fff\" data-element_type=\"container\" data-e-type=\"container\">\n\t\t\t\t\t<div class=\"e-con-inner\">\n\t\t<div class=\"elementor-element elementor-element-4ca779b e-con-full e-flex e-con e-child\" data-id=\"4ca779b\" data-element_type=\"container\" data-e-type=\"container\">\n\t\t\t\t<div class=\"elementor-element elementor-element-4a44a87 elementor-widget elementor-widget-text-editor\" data-id=\"4a44a87\" data-element_type=\"widget\" data-e-type=\"widget\" data-widget_type=\"text-editor.default\">\n\t\t\t\t<div class=\"elementor-widget-container\">\n\t\t\t\t\t\t\t\t\t<div dir=\"auto\">Porque es importante comunicar y dar a conocer nuestros acontecimientos deportivos.\u00a0<\/div><div dir=\"auto\">Le Quartier G\u00e9n\u00e9ral enumera los distintos medios de comunicaci\u00f3n relacionados con el boxeo ingl\u00e9s, el kickboxing, el savate boxe fran\u00e7aise, el boxeo tailand\u00e9s y las mma.\u00a0<\/div><div dir=\"auto\">\u00a0<\/div><div dir=\"auto\"><span style=\"text-decoration: underline;\">Poner en contacto a las personas para una exposici\u00f3n digital:<\/span>\u00a0<\/div><div dir=\"auto\">El objetivo es que los organizadores puedan ofrecer sus eventos y llegar as\u00ed a un p\u00fablico m\u00e1s amplio, pero tambi\u00e9n que los usuarios de la plataforma puedan estar al tanto de la actualidad de los pu\u00f1etazos en tiempo real o por repetici\u00f3n.<\/div>\t\t\t\t\t\t\t\t<\/div>\n\t\t\t\t<\/div>\n\t\t\t\t<\/div>\n\t\t\t\t\t<\/div>\n\t\t\t\t<\/div>\n\t\t<div class=\"elementor-element elementor-element-a87c31a e-flex e-con-boxed e-con e-parent\" data-id=\"a87c31a\" data-element_type=\"container\" data-e-type=\"container\">\n\t\t\t\t\t<div class=\"e-con-inner\">\n\t\t\t\t<div class=\"elementor-element elementor-element-7aabedc elementor-widget elementor-widget-button\" data-id=\"7aabedc\" data-element_type=\"widget\" data-e-type=\"widget\" data-widget_type=\"button.default\">\n\t\t\t\t<div class=\"elementor-widget-container\">\n\t\t\t\t\t\t\t\t\t<div class=\"elementor-button-wrapper\">\n\t\t\t\t\t<a class=\"elementor-button elementor-button-link elementor-size-sm\" href=\"https:\/\/qg.latelierlartdeboxer.com\">\n\t\t\t\t\t\t<span class=\"elementor-button-content-wrapper\">\n\t\t\t\t\t\t<span class=\"elementor-button-icon\">\n\t\t\t\t<i aria-hidden=\"true\" class=\"fas fa-angle-right\"><\/i>\t\t\t<\/span>\n\t\t\t\t\t\t\t\t\t<span class=\"elementor-button-text\">Plataforma digital de la sede central<\/span>\n\t\t\t\t\t<\/span>\n\t\t\t\t\t<\/a>\n\t\t\t\t<\/div>\n\t\t\t\t\t\t\t\t<\/div>\n\t\t\t\t<\/div>\n\t\t\t\t\t<\/div>\n\t\t\t\t<\/div>\n\t\t\t\t<\/div>","protected":false},"excerpt":{"rendered":"<p>Le Quartier G\u00e9n\u00e9ral M\u00e9dias streaming Parce qu&rsquo;il est important de communiquer et diffuser nos \u00e9v\u00e9nements sportifs.\u00a0Le Quartier G\u00e9n\u00e9ral recense les diff\u00e9rents m\u00e9dias en lien avec la boxe anglaise, le kickboxing, la savate boxe fran\u00e7aise, la boxe tha\u00eflandaise et le mma.\u00a0\u00a0De la mise en relation pour une exposition au format digital :\u00a0L&rsquo;objectif est de permettre aux [&hellip;]<\/p>\n","protected":false},"author":1,"featured_media":0,"parent":49,"menu_order":0,"comment_status":"closed","ping_status":"closed","template":"","meta":{"_acf_changed":false,"site-sidebar-layout":"no-sidebar","site-content-layout":"page-builder","ast-site-content-layout":"full-width-container","site-content-style":"default","site-sidebar-style":"default","ast-global-header-display":"","ast-banner-title-visibility":"","ast-main-header-display":"","ast-hfb-above-header-display":"","ast-hfb-below-header-display":"","ast-hfb-mobile-header-display":"","site-post-title":"disabled","ast-breadcrumbs-content":"","ast-featured-img":"disabled","footer-sml-layout":"","ast-disable-related-posts":"","theme-transparent-header-meta":"","adv-header-id-meta":"","stick-header-meta":"","header-above-stick-meta":"","header-main-stick-meta":"","header-below-stick-meta":"","astra-migrate-meta-layouts":"set","ast-page-background-enabled":"default","ast-page-background-meta":{"desktop":{"background-color":"var(--ast-global-color-4)","background-image":"","background-repeat":"repeat","background-position":"center center","background-size":"auto","background-attachment":"scroll","background-type":"","background-media":"","overlay-type":"","overlay-color":"","overlay-opacity":"","overlay-gradient":""},"tablet":{"background-color":"","background-image":"","background-repeat":"repeat","background-position":"center center","background-size":"auto","background-attachment":"scroll","background-type":"","background-media":"","overlay-type":"","overlay-color":"","overlay-opacity":"","overlay-gradient":""},"mobile":{"background-color":"","background-image":"","background-repeat":"repeat","background-position":"center center","background-size":"auto","background-attachment":"scroll","background-type":"","background-media":"","overlay-type":"","overlay-color":"","overlay-opacity":"","overlay-gradient":""}},"ast-content-background-meta":{"desktop":{"background-color":"var(--ast-global-color-5)","background-image":"","background-repeat":"repeat","background-position":"center center","background-size":"auto","background-attachment":"scroll","background-type":"","background-media":"","overlay-type":"","overlay-color":"","overlay-opacity":"","overlay-gradient":""},"tablet":{"background-color":"var(--ast-global-color-5)","background-image":"","background-repeat":"repeat","background-position":"center center","background-size":"auto","background-attachment":"scroll","background-type":"","background-media":"","overlay-type":"","overlay-color":"","overlay-opacity":"","overlay-gradient":""},"mobile":{"background-color":"var(--ast-global-color-5)","background-image":"","background-repeat":"repeat","background-position":"center center","background-size":"auto","background-attachment":"scroll","background-type":"","background-media":"","overlay-type":"","overlay-color":"","overlay-opacity":"","overlay-gradient":""}},"footnotes":""},"class_list":["post-2312","page","type-page","status-publish","hentry"],"acf":[],"yoast_head":"<!-- This site is optimized with the Yoast SEO plugin v27.4 - https:\/\/yoast.com\/product\/yoast-seo-wordpress\/ -->\n<title>M\u00e9dias streaming - L&#039;Atelier l&#039;art de boxer<\/title>\n<meta name=\"robots\" content=\"index, follow, max-snippet:-1, max-image-preview:large, max-video-preview:-1\" \/>\n<link rel=\"canonical\" href=\"https:\/\/latelierlartdeboxer.com\/es\/la-q-g\/transmision-multimedia\/\" \/>\n<meta property=\"og:locale\" content=\"es_ES\" \/>\n<meta property=\"og:type\" content=\"article\" \/>\n<meta property=\"og:title\" content=\"M\u00e9dias streaming - L&#039;Atelier l&#039;art de boxer\" \/>\n<meta property=\"og:description\" content=\"Le Quartier G\u00e9n\u00e9ral M\u00e9dias streaming Parce qu&rsquo;il est important de communiquer et diffuser nos \u00e9v\u00e9nements sportifs.\u00a0Le Quartier G\u00e9n\u00e9ral recense les diff\u00e9rents m\u00e9dias en lien avec la boxe anglaise, le kickboxing, la savate boxe fran\u00e7aise, la boxe tha\u00eflandaise et le mma.\u00a0\u00a0De la mise en relation pour une exposition au format digital :\u00a0L&rsquo;objectif est de permettre aux [&hellip;]\" \/>\n<meta property=\"og:url\" content=\"https:\/\/latelierlartdeboxer.com\/es\/la-q-g\/transmision-multimedia\/\" \/>\n<meta property=\"og:site_name\" content=\"L&#039;Atelier l&#039;art de boxer\" \/>\n<meta property=\"article:modified_time\" content=\"2024-05-06T12:09:33+00:00\" \/>\n<meta property=\"og:image\" content=\"https:\/\/latelierlartdeboxer.com\/wp-content\/uploads\/2023\/05\/logo-qg-300x300.png\" \/>\n<meta name=\"twitter:card\" content=\"summary_large_image\" \/>\n<meta name=\"twitter:label1\" content=\"Tiempo de lectura\" \/>\n\t<meta name=\"twitter:data1\" content=\"1 minuto\" \/>\n<script type=\"application\/ld+json\" class=\"yoast-schema-graph\">{\"@context\":\"https:\\\/\\\/schema.org\",\"@graph\":[{\"@type\":\"WebPage\",\"@id\":\"https:\\\/\\\/latelierlartdeboxer.com\\\/le-q-g\\\/medias-streaming\\\/\",\"url\":\"https:\\\/\\\/latelierlartdeboxer.com\\\/le-q-g\\\/medias-streaming\\\/\",\"name\":\"M\u00e9dias streaming - L&#039;Atelier l&#039;art de boxer\",\"isPartOf\":{\"@id\":\"https:\\\/\\\/latelierlartdeboxer.com\\\/#website\"},\"datePublished\":\"2024-05-06T11:30:53+00:00\",\"dateModified\":\"2024-05-06T12:09:33+00:00\",\"breadcrumb\":{\"@id\":\"https:\\\/\\\/latelierlartdeboxer.com\\\/le-q-g\\\/medias-streaming\\\/#breadcrumb\"},\"inLanguage\":\"es\",\"potentialAction\":[{\"@type\":\"ReadAction\",\"target\":[\"https:\\\/\\\/latelierlartdeboxer.com\\\/le-q-g\\\/medias-streaming\\\/\"]}]},{\"@type\":\"BreadcrumbList\",\"@id\":\"https:\\\/\\\/latelierlartdeboxer.com\\\/le-q-g\\\/medias-streaming\\\/#breadcrumb\",\"itemListElement\":[{\"@type\":\"ListItem\",\"position\":1,\"name\":\"Accueil\",\"item\":\"https:\\\/\\\/latelierlartdeboxer.com\\\/\"},{\"@type\":\"ListItem\",\"position\":2,\"name\":\"Le Quartier G\u00e9n\u00e9ral\",\"item\":\"https:\\\/\\\/latelierlartdeboxer.com\\\/le-q-g\\\/\"},{\"@type\":\"ListItem\",\"position\":3,\"name\":\"M\u00e9dias streaming\"}]},{\"@type\":\"WebSite\",\"@id\":\"https:\\\/\\\/latelierlartdeboxer.com\\\/#website\",\"url\":\"https:\\\/\\\/latelierlartdeboxer.com\\\/\",\"name\":\"L&#039;Atelier l&#039;art de boxer\",\"description\":\"\",\"publisher\":{\"@id\":\"https:\\\/\\\/latelierlartdeboxer.com\\\/#organization\"},\"potentialAction\":[{\"@type\":\"SearchAction\",\"target\":{\"@type\":\"EntryPoint\",\"urlTemplate\":\"https:\\\/\\\/latelierlartdeboxer.com\\\/?s={search_term_string}\"},\"query-input\":{\"@type\":\"PropertyValueSpecification\",\"valueRequired\":true,\"valueName\":\"search_term_string\"}}],\"inLanguage\":\"es\"},{\"@type\":\"Organization\",\"@id\":\"https:\\\/\\\/latelierlartdeboxer.com\\\/#organization\",\"name\":\"L&#039;Atelier l&#039;art de boxer\",\"url\":\"https:\\\/\\\/latelierlartdeboxer.com\\\/\",\"logo\":{\"@type\":\"ImageObject\",\"inLanguage\":\"es\",\"@id\":\"https:\\\/\\\/latelierlartdeboxer.com\\\/#\\\/schema\\\/logo\\\/image\\\/\",\"url\":\"https:\\\/\\\/latelierlartdeboxer.com\\\/wp-content\\\/uploads\\\/2023\\\/05\\\/cropped-logo.png\",\"contentUrl\":\"https:\\\/\\\/latelierlartdeboxer.com\\\/wp-content\\\/uploads\\\/2023\\\/05\\\/cropped-logo.png\",\"width\":1062,\"height\":1062,\"caption\":\"L&#039;Atelier l&#039;art de boxer\"},\"image\":{\"@id\":\"https:\\\/\\\/latelierlartdeboxer.com\\\/#\\\/schema\\\/logo\\\/image\\\/\"}}]}<\/script>\n<!-- \/ Yoast SEO plugin. -->","yoast_head_json":{"title":"Media streaming - L'Atelier l'art de boxer","robots":{"index":"index","follow":"follow","max-snippet":"max-snippet:-1","max-image-preview":"max-image-preview:large","max-video-preview":"max-video-preview:-1"},"canonical":"https:\/\/latelierlartdeboxer.com\/es\/la-q-g\/transmision-multimedia\/","og_locale":"es_ES","og_type":"article","og_title":"M\u00e9dias streaming - L&#039;Atelier l&#039;art de boxer","og_description":"Le Quartier G\u00e9n\u00e9ral M\u00e9dias streaming Parce qu&rsquo;il est important de communiquer et diffuser nos \u00e9v\u00e9nements sportifs.\u00a0Le Quartier G\u00e9n\u00e9ral recense les diff\u00e9rents m\u00e9dias en lien avec la boxe anglaise, le kickboxing, la savate boxe fran\u00e7aise, la boxe tha\u00eflandaise et le mma.\u00a0\u00a0De la mise en relation pour une exposition au format digital :\u00a0L&rsquo;objectif est de permettre aux [&hellip;]","og_url":"https:\/\/latelierlartdeboxer.com\/es\/la-q-g\/transmision-multimedia\/","og_site_name":"L&#039;Atelier l&#039;art de boxer","article_modified_time":"2024-05-06T12:09:33+00:00","og_image":[{"url":"https:\/\/latelierlartdeboxer.com\/wp-content\/uploads\/2023\/05\/logo-qg-300x300.png","type":"","width":"","height":""}],"twitter_card":"summary_large_image","twitter_misc":{"Tiempo de lectura":"1 minuto"},"schema":{"@context":"https:\/\/schema.org","@graph":[{"@type":"WebPage","@id":"https:\/\/latelierlartdeboxer.com\/le-q-g\/medias-streaming\/","url":"https:\/\/latelierlartdeboxer.com\/le-q-g\/medias-streaming\/","name":"Media streaming - L'Atelier l'art de boxer","isPartOf":{"@id":"https:\/\/latelierlartdeboxer.com\/#website"},"datePublished":"2024-05-06T11:30:53+00:00","dateModified":"2024-05-06T12:09:33+00:00","breadcrumb":{"@id":"https:\/\/latelierlartdeboxer.com\/le-q-g\/medias-streaming\/#breadcrumb"},"inLanguage":"es","potentialAction":[{"@type":"ReadAction","target":["https:\/\/latelierlartdeboxer.com\/le-q-g\/medias-streaming\/"]}]},{"@type":"BreadcrumbList","@id":"https:\/\/latelierlartdeboxer.com\/le-q-g\/medias-streaming\/#breadcrumb","itemListElement":[{"@type":"ListItem","position":1,"name":"Accueil","item":"https:\/\/latelierlartdeboxer.com\/"},{"@type":"ListItem","position":2,"name":"Le Quartier G\u00e9n\u00e9ral","item":"https:\/\/latelierlartdeboxer.com\/le-q-g\/"},{"@type":"ListItem","position":3,"name":"M\u00e9dias streaming"}]},{"@type":"WebSite","@id":"https:\/\/latelierlartdeboxer.com\/#website","url":"https:\/\/latelierlartdeboxer.com\/","name":"Taller sobre el arte del boxeo","description":"","publisher":{"@id":"https:\/\/latelierlartdeboxer.com\/#organization"},"potentialAction":[{"@type":"SearchAction","target":{"@type":"EntryPoint","urlTemplate":"https:\/\/latelierlartdeboxer.com\/?s={search_term_string}"},"query-input":{"@type":"PropertyValueSpecification","valueRequired":true,"valueName":"search_term_string"}}],"inLanguage":"es"},{"@type":"Organization","@id":"https:\/\/latelierlartdeboxer.com\/#organization","name":"Taller sobre el arte del boxeo","url":"https:\/\/latelierlartdeboxer.com\/","logo":{"@type":"ImageObject","inLanguage":"es","@id":"https:\/\/latelierlartdeboxer.com\/#\/schema\/logo\/image\/","url":"https:\/\/latelierlartdeboxer.com\/wp-content\/uploads\/2023\/05\/cropped-logo.png","contentUrl":"https:\/\/latelierlartdeboxer.com\/wp-content\/uploads\/2023\/05\/cropped-logo.png","width":1062,"height":1062,"caption":"L&#039;Atelier l&#039;art de boxer"},"image":{"@id":"https:\/\/latelierlartdeboxer.com\/#\/schema\/logo\/image\/"}}]}},"_links":{"self":[{"href":"https:\/\/latelierlartdeboxer.com\/es\/wp-json\/wp\/v2\/pages\/2312","targetHints":{"allow":["GET"]}}],"collection":[{"href":"https:\/\/latelierlartdeboxer.com\/es\/wp-json\/wp\/v2\/pages"}],"about":[{"href":"https:\/\/latelierlartdeboxer.com\/es\/wp-json\/wp\/v2\/types\/page"}],"author":[{"embeddable":true,"href":"https:\/\/latelierlartdeboxer.com\/es\/wp-json\/wp\/v2\/users\/1"}],"replies":[{"embeddable":true,"href":"https:\/\/latelierlartdeboxer.com\/es\/wp-json\/wp\/v2\/comments?post=2312"}],"version-history":[{"count":5,"href":"https:\/\/latelierlartdeboxer.com\/es\/wp-json\/wp\/v2\/pages\/2312\/revisions"}],"predecessor-version":[{"id":2320,"href":"https:\/\/latelierlartdeboxer.com\/es\/wp-json\/wp\/v2\/pages\/2312\/revisions\/2320"}],"up":[{"embeddable":true,"href":"https:\/\/latelierlartdeboxer.com\/es\/wp-json\/wp\/v2\/pages\/49"}],"wp:attachment":[{"href":"https:\/\/latelierlartdeboxer.com\/es\/wp-json\/wp\/v2\/media?parent=2312"}],"curies":[{"name":"wp","href":"https:\/\/api.w.org\/{rel}","templated":true}]}}