{"id":19,"date":"2023-05-11T08:39:01","date_gmt":"2023-05-11T06:39:01","guid":{"rendered":"https:\/\/latelierlartdeboxer.com\/?page_id=19"},"modified":"2025-08-19T17:42:06","modified_gmt":"2025-08-19T15:42:06","slug":"quienes-somos","status":"publish","type":"page","link":"https:\/\/latelierlartdeboxer.com\/es\/a-propos\/qui-sommes-nous\/","title":{"rendered":"\u00bfQui\u00e9nes somos?"},"content":{"rendered":"<div data-elementor-type=\"wp-page\" data-elementor-id=\"19\" class=\"elementor elementor-19\" wpc-filter-elementor-widget=\"1\" data-elementor-post-type=\"page\">\n\t\t\t\t<div class=\"elementor-element elementor-element-41a71b4 e-flex e-con-boxed e-con e-parent\" data-id=\"41a71b4\" data-element_type=\"container\" data-e-type=\"container\" data-settings=\"{&quot;background_background&quot;:&quot;classic&quot;}\">\n\t\t\t\t\t<div class=\"e-con-inner\">\n\t\t\t\t<div class=\"elementor-element elementor-element-78d09ae elementor-widget elementor-widget-heading\" data-id=\"78d09ae\" data-element_type=\"widget\" data-e-type=\"widget\" data-widget_type=\"heading.default\">\n\t\t\t\t<div class=\"elementor-widget-container\">\n\t\t\t\t\t<h3 class=\"elementor-heading-title elementor-size-default\">Acerca de l'Atelier<\/h3>\t\t\t\t<\/div>\n\t\t\t\t<\/div>\n\t\t\t\t<div class=\"elementor-element elementor-element-2c1b0c2 elementor-widget-divider--view-line elementor-widget elementor-widget-divider\" data-id=\"2c1b0c2\" data-element_type=\"widget\" data-e-type=\"widget\" data-widget_type=\"divider.default\">\n\t\t\t\t<div class=\"elementor-widget-container\">\n\t\t\t\t\t\t\t<div class=\"elementor-divider\">\n\t\t\t<span class=\"elementor-divider-separator\">\n\t\t\t\t\t\t<\/span>\n\t\t<\/div>\n\t\t\t\t\t\t<\/div>\n\t\t\t\t<\/div>\n\t\t\t\t<div class=\"elementor-element elementor-element-2a4fd0f elementor-widget elementor-widget-heading\" data-id=\"2a4fd0f\" data-element_type=\"widget\" data-e-type=\"widget\" data-widget_type=\"heading.default\">\n\t\t\t\t<div class=\"elementor-widget-container\">\n\t\t\t\t\t<h1 class=\"elementor-heading-title elementor-size-default\">\u00bfQui\u00e9nes somos?<\/h1>\t\t\t\t<\/div>\n\t\t\t\t<\/div>\n\t\t\t\t\t<\/div>\n\t\t\t\t<\/div>\n\t\t<div class=\"elementor-element elementor-element-6dd86ee e-flex e-con-boxed e-con e-parent\" data-id=\"6dd86ee\" data-element_type=\"container\" data-e-type=\"container\">\n\t\t\t\t\t<div class=\"e-con-inner\">\n\t\t<div class=\"elementor-element elementor-element-784c519 e-flex e-con-boxed e-con e-child\" data-id=\"784c519\" data-element_type=\"container\" data-e-type=\"container\">\n\t\t\t\t\t<div class=\"e-con-inner\">\n\t\t\t\t<div class=\"elementor-element elementor-element-50fde2a elementor-widget elementor-widget-image\" data-id=\"50fde2a\" data-element_type=\"widget\" data-e-type=\"widget\" data-widget_type=\"image.default\">\n\t\t\t\t<div class=\"elementor-widget-container\">\n\t\t\t\t\t\t\t\t\t\t\t\t\t\t\t<img fetchpriority=\"high\" decoding=\"async\" width=\"300\" height=\"300\" src=\"https:\/\/latelierlartdeboxer.com\/wp-content\/uploads\/2023\/05\/cropped-cropped-logo-300x300.png\" class=\"attachment-medium size-medium wp-image-96\" alt=\"\" srcset=\"https:\/\/latelierlartdeboxer.com\/wp-content\/uploads\/2023\/05\/cropped-cropped-logo-300x300.png 300w, https:\/\/latelierlartdeboxer.com\/wp-content\/uploads\/2023\/05\/cropped-cropped-logo-150x150.png 150w, https:\/\/latelierlartdeboxer.com\/wp-content\/uploads\/2023\/05\/cropped-cropped-logo-270x270.png 270w, https:\/\/latelierlartdeboxer.com\/wp-content\/uploads\/2023\/05\/cropped-cropped-logo-192x192.png 192w, https:\/\/latelierlartdeboxer.com\/wp-content\/uploads\/2023\/05\/cropped-cropped-logo-180x180.png 180w, https:\/\/latelierlartdeboxer.com\/wp-content\/uploads\/2023\/05\/cropped-cropped-logo-32x32.png 32w, https:\/\/latelierlartdeboxer.com\/wp-content\/uploads\/2023\/05\/cropped-cropped-logo.png 512w\" sizes=\"(max-width: 300px) 100vw, 300px\" \/>\t\t\t\t\t\t\t\t\t\t\t\t\t\t\t<\/div>\n\t\t\t\t<\/div>\n\t\t\t\t\t<\/div>\n\t\t\t\t<\/div>\n\t\t\t\t\t<\/div>\n\t\t\t\t<\/div>\n\t\t<div class=\"elementor-element elementor-element-e5679b2 e-flex e-con-boxed e-con e-parent\" data-id=\"e5679b2\" data-element_type=\"container\" data-e-type=\"container\">\n\t\t\t\t\t<div class=\"e-con-inner\">\n\t\t<div class=\"elementor-element elementor-element-44c653e e-con-full e-flex e-con e-child\" data-id=\"44c653e\" data-element_type=\"container\" data-e-type=\"container\">\n\t\t\t\t<div class=\"elementor-element elementor-element-a4aabe1 elementor-widget elementor-widget-text-editor\" data-id=\"a4aabe1\" data-element_type=\"widget\" data-e-type=\"widget\" data-widget_type=\"text-editor.default\">\n\t\t\t\t<div class=\"elementor-widget-container\">\n\t\t\t\t\t\t\t\t\t<p>Fundado en 2023, Atelier l'art de boxer es un ecosistema dise\u00f1ado para facilitar los intercambios entre entusiastas de las peleas a pu\u00f1etazos y las MMA de todo el mundo.\u00a0<\/p><p>Varias plataformas permiten a los aficionados y profesionales del boxeo ingl\u00e9s, kickboxing, boxeo franc\u00e9s, muaythai y MMA intercambiar, compartir y practicar sus disciplinas favoritas en las mejores condiciones.\u00a0\u00a0<\/p><p>Objetivos:<\/p><ul><li>- Fomento de los deportes de contacto,<\/li><li>- Introducir a la gente en nuestras disciplinas de pies de pu\u00f1o,<\/li><li>- Profesionalizaci\u00f3n de deportistas, entrenadores y clubes...<\/li><li>- Facilitar el acceso a nuestras disciplinas, en particular mediante la adquisici\u00f3n de material adecuado para la pr\u00e1ctica segura de actividades deportivas,\u00a0<\/li><li>- Centralizar toda la informaci\u00f3n sobre el boxeo de pu\u00f1os y las MMA en una \u00fanica base de datos que facilite la b\u00fasqueda y la conexi\u00f3n entre los distintos agentes implicados en el desarrollo y la expansi\u00f3n de los proyectos de deportes de contacto.<\/li><\/ul>\t\t\t\t\t\t\t\t<\/div>\n\t\t\t\t<\/div>\n\t\t\t\t<\/div>\n\t\t\t\t\t<\/div>\n\t\t\t\t<\/div>\n\t\t\t\t<\/div>","protected":false},"excerpt":{"rendered":"<p>A propos de l&rsquo;Atelier Qui sommes nous ? Fond\u00e9 en 2023, l&rsquo;Atelier l&rsquo;art de boxer est un \u00e9cosyst\u00e8me destin\u00e9 \u00e0 faciliter les \u00e9changes entre les passionn\u00e9s de boxe pieds poings et de MMA dans le monde entier.\u00a0 Plusieurs plateformes sont propos\u00e9es pour permettre aux amateurs comme aux professionnels de la boxe anglaise, du kickboxing, de [&hellip;]<\/p>\n","protected":false},"author":1,"featured_media":0,"parent":13,"menu_order":0,"comment_status":"closed","ping_status":"closed","template":"","meta":{"_acf_changed":false,"site-sidebar-layout":"no-sidebar","site-content-layout":"page-builder","ast-site-content-layout":"default","site-content-style":"default","site-sidebar-style":"default","ast-global-header-display":"","ast-banner-title-visibility":"","ast-main-header-display":"","ast-hfb-above-header-display":"","ast-hfb-below-header-display":"","ast-hfb-mobile-header-display":"","site-post-title":"","ast-breadcrumbs-content":"","ast-featured-img":"disabled","footer-sml-layout":"","ast-disable-related-posts":"","theme-transparent-header-meta":"enabled","adv-header-id-meta":"","stick-header-meta":"","header-above-stick-meta":"","header-main-stick-meta":"","header-below-stick-meta":"","astra-migrate-meta-layouts":"default","ast-page-background-enabled":"default","ast-page-background-meta":{"desktop":{"background-color":"var(--ast-global-color-4)","background-image":"","background-repeat":"repeat","background-position":"center center","background-size":"auto","background-attachment":"scroll","background-type":"","background-media":"","overlay-type":"","overlay-color":"","overlay-opacity":"","overlay-gradient":""},"tablet":{"background-color":"","background-image":"","background-repeat":"repeat","background-position":"center center","background-size":"auto","background-attachment":"scroll","background-type":"","background-media":"","overlay-type":"","overlay-color":"","overlay-opacity":"","overlay-gradient":""},"mobile":{"background-color":"","background-image":"","background-repeat":"repeat","background-position":"center center","background-size":"auto","background-attachment":"scroll","background-type":"","background-media":"","overlay-type":"","overlay-color":"","overlay-opacity":"","overlay-gradient":""}},"ast-content-background-meta":{"desktop":{"background-color":"var(--ast-global-color-5)","background-image":"","background-repeat":"repeat","background-position":"center center","background-size":"auto","background-attachment":"scroll","background-type":"","background-media":"","overlay-type":"","overlay-color":"","overlay-opacity":"","overlay-gradient":""},"tablet":{"background-color":"var(--ast-global-color-5)","background-image":"","background-repeat":"repeat","background-position":"center center","background-size":"auto","background-attachment":"scroll","background-type":"","background-media":"","overlay-type":"","overlay-color":"","overlay-opacity":"","overlay-gradient":""},"mobile":{"background-color":"var(--ast-global-color-5)","background-image":"","background-repeat":"repeat","background-position":"center center","background-size":"auto","background-attachment":"scroll","background-type":"","background-media":"","overlay-type":"","overlay-color":"","overlay-opacity":"","overlay-gradient":""}},"footnotes":""},"class_list":["post-19","page","type-page","status-publish","hentry"],"acf":[],"yoast_head":"<!-- This site is optimized with the Yoast SEO plugin v27.4 - https:\/\/yoast.com\/product\/yoast-seo-wordpress\/ -->\n<title>Qui sommes nous ? - L&#039;Atelier l&#039;art de boxer<\/title>\n<meta name=\"robots\" content=\"index, follow, max-snippet:-1, max-image-preview:large, max-video-preview:-1\" \/>\n<link rel=\"canonical\" href=\"https:\/\/latelierlartdeboxer.com\/es\/a-propos\/quienes-somos\/\" \/>\n<meta property=\"og:locale\" content=\"es_ES\" \/>\n<meta property=\"og:type\" content=\"article\" \/>\n<meta property=\"og:title\" content=\"Qui sommes nous ? - L&#039;Atelier l&#039;art de boxer\" \/>\n<meta property=\"og:description\" content=\"A propos de l&rsquo;Atelier Qui sommes nous ? Fond\u00e9 en 2023, l&rsquo;Atelier l&rsquo;art de boxer est un \u00e9cosyst\u00e8me destin\u00e9 \u00e0 faciliter les \u00e9changes entre les passionn\u00e9s de boxe pieds poings et de MMA dans le monde entier.\u00a0 Plusieurs plateformes sont propos\u00e9es pour permettre aux amateurs comme aux professionnels de la boxe anglaise, du kickboxing, de [&hellip;]\" \/>\n<meta property=\"og:url\" content=\"https:\/\/latelierlartdeboxer.com\/es\/a-propos\/quienes-somos\/\" \/>\n<meta property=\"og:site_name\" content=\"L&#039;Atelier l&#039;art de boxer\" \/>\n<meta property=\"article:modified_time\" content=\"2025-08-19T15:42:06+00:00\" \/>\n<meta property=\"og:image\" content=\"https:\/\/latelierlartdeboxer.com\/wp-content\/uploads\/2023\/05\/cropped-cropped-logo.png\" \/>\n\t<meta property=\"og:image:width\" content=\"512\" \/>\n\t<meta property=\"og:image:height\" content=\"512\" \/>\n\t<meta property=\"og:image:type\" content=\"image\/png\" \/>\n<meta name=\"twitter:card\" content=\"summary_large_image\" \/>\n<meta name=\"twitter:label1\" content=\"Tiempo de lectura\" \/>\n\t<meta name=\"twitter:data1\" content=\"1 minuto\" \/>\n<script type=\"application\/ld+json\" class=\"yoast-schema-graph\">{\"@context\":\"https:\\\/\\\/schema.org\",\"@graph\":[{\"@type\":\"WebPage\",\"@id\":\"https:\\\/\\\/latelierlartdeboxer.com\\\/a-propos\\\/qui-sommes-nous\\\/\",\"url\":\"https:\\\/\\\/latelierlartdeboxer.com\\\/a-propos\\\/qui-sommes-nous\\\/\",\"name\":\"Qui sommes nous ? - L&#039;Atelier l&#039;art de boxer\",\"isPartOf\":{\"@id\":\"https:\\\/\\\/latelierlartdeboxer.com\\\/#website\"},\"datePublished\":\"2023-05-11T06:39:01+00:00\",\"dateModified\":\"2025-08-19T15:42:06+00:00\",\"breadcrumb\":{\"@id\":\"https:\\\/\\\/latelierlartdeboxer.com\\\/a-propos\\\/qui-sommes-nous\\\/#breadcrumb\"},\"inLanguage\":\"es\",\"potentialAction\":[{\"@type\":\"ReadAction\",\"target\":[\"https:\\\/\\\/latelierlartdeboxer.com\\\/a-propos\\\/qui-sommes-nous\\\/\"]}]},{\"@type\":\"BreadcrumbList\",\"@id\":\"https:\\\/\\\/latelierlartdeboxer.com\\\/a-propos\\\/qui-sommes-nous\\\/#breadcrumb\",\"itemListElement\":[{\"@type\":\"ListItem\",\"position\":1,\"name\":\"Accueil\",\"item\":\"https:\\\/\\\/latelierlartdeboxer.com\\\/\"},{\"@type\":\"ListItem\",\"position\":2,\"name\":\"A propos\",\"item\":\"https:\\\/\\\/latelierlartdeboxer.com\\\/a-propos\\\/\"},{\"@type\":\"ListItem\",\"position\":3,\"name\":\"Qui sommes nous ?\"}]},{\"@type\":\"WebSite\",\"@id\":\"https:\\\/\\\/latelierlartdeboxer.com\\\/#website\",\"url\":\"https:\\\/\\\/latelierlartdeboxer.com\\\/\",\"name\":\"L&#039;Atelier l&#039;art de boxer\",\"description\":\"\",\"publisher\":{\"@id\":\"https:\\\/\\\/latelierlartdeboxer.com\\\/#organization\"},\"potentialAction\":[{\"@type\":\"SearchAction\",\"target\":{\"@type\":\"EntryPoint\",\"urlTemplate\":\"https:\\\/\\\/latelierlartdeboxer.com\\\/?s={search_term_string}\"},\"query-input\":{\"@type\":\"PropertyValueSpecification\",\"valueRequired\":true,\"valueName\":\"search_term_string\"}}],\"inLanguage\":\"es\"},{\"@type\":\"Organization\",\"@id\":\"https:\\\/\\\/latelierlartdeboxer.com\\\/#organization\",\"name\":\"L&#039;Atelier l&#039;art de boxer\",\"url\":\"https:\\\/\\\/latelierlartdeboxer.com\\\/\",\"logo\":{\"@type\":\"ImageObject\",\"inLanguage\":\"es\",\"@id\":\"https:\\\/\\\/latelierlartdeboxer.com\\\/#\\\/schema\\\/logo\\\/image\\\/\",\"url\":\"https:\\\/\\\/latelierlartdeboxer.com\\\/wp-content\\\/uploads\\\/2023\\\/05\\\/cropped-logo.png\",\"contentUrl\":\"https:\\\/\\\/latelierlartdeboxer.com\\\/wp-content\\\/uploads\\\/2023\\\/05\\\/cropped-logo.png\",\"width\":1062,\"height\":1062,\"caption\":\"L&#039;Atelier l&#039;art de boxer\"},\"image\":{\"@id\":\"https:\\\/\\\/latelierlartdeboxer.com\\\/#\\\/schema\\\/logo\\\/image\\\/\"}}]}<\/script>\n<!-- \/ Yoast SEO plugin. -->","yoast_head_json":{"title":"Qui\u00e9nes somos - El Taller del Arte del Boxeo","robots":{"index":"index","follow":"follow","max-snippet":"max-snippet:-1","max-image-preview":"max-image-preview:large","max-video-preview":"max-video-preview:-1"},"canonical":"https:\/\/latelierlartdeboxer.com\/es\/a-propos\/quienes-somos\/","og_locale":"es_ES","og_type":"article","og_title":"Qui sommes nous ? - L&#039;Atelier l&#039;art de boxer","og_description":"A propos de l&rsquo;Atelier Qui sommes nous ? Fond\u00e9 en 2023, l&rsquo;Atelier l&rsquo;art de boxer est un \u00e9cosyst\u00e8me destin\u00e9 \u00e0 faciliter les \u00e9changes entre les passionn\u00e9s de boxe pieds poings et de MMA dans le monde entier.\u00a0 Plusieurs plateformes sont propos\u00e9es pour permettre aux amateurs comme aux professionnels de la boxe anglaise, du kickboxing, de [&hellip;]","og_url":"https:\/\/latelierlartdeboxer.com\/es\/a-propos\/quienes-somos\/","og_site_name":"L&#039;Atelier l&#039;art de boxer","article_modified_time":"2025-08-19T15:42:06+00:00","og_image":[{"width":512,"height":512,"url":"https:\/\/latelierlartdeboxer.com\/wp-content\/uploads\/2023\/05\/cropped-cropped-logo.png","type":"image\/png"}],"twitter_card":"summary_large_image","twitter_misc":{"Tiempo de lectura":"1 minuto"},"schema":{"@context":"https:\/\/schema.org","@graph":[{"@type":"WebPage","@id":"https:\/\/latelierlartdeboxer.com\/a-propos\/qui-sommes-nous\/","url":"https:\/\/latelierlartdeboxer.com\/a-propos\/qui-sommes-nous\/","name":"Qui\u00e9nes somos - El Taller del Arte del Boxeo","isPartOf":{"@id":"https:\/\/latelierlartdeboxer.com\/#website"},"datePublished":"2023-05-11T06:39:01+00:00","dateModified":"2025-08-19T15:42:06+00:00","breadcrumb":{"@id":"https:\/\/latelierlartdeboxer.com\/a-propos\/qui-sommes-nous\/#breadcrumb"},"inLanguage":"es","potentialAction":[{"@type":"ReadAction","target":["https:\/\/latelierlartdeboxer.com\/a-propos\/qui-sommes-nous\/"]}]},{"@type":"BreadcrumbList","@id":"https:\/\/latelierlartdeboxer.com\/a-propos\/qui-sommes-nous\/#breadcrumb","itemListElement":[{"@type":"ListItem","position":1,"name":"Accueil","item":"https:\/\/latelierlartdeboxer.com\/"},{"@type":"ListItem","position":2,"name":"A propos","item":"https:\/\/latelierlartdeboxer.com\/a-propos\/"},{"@type":"ListItem","position":3,"name":"Qui sommes nous ?"}]},{"@type":"WebSite","@id":"https:\/\/latelierlartdeboxer.com\/#website","url":"https:\/\/latelierlartdeboxer.com\/","name":"Taller sobre el arte del boxeo","description":"","publisher":{"@id":"https:\/\/latelierlartdeboxer.com\/#organization"},"potentialAction":[{"@type":"SearchAction","target":{"@type":"EntryPoint","urlTemplate":"https:\/\/latelierlartdeboxer.com\/?s={search_term_string}"},"query-input":{"@type":"PropertyValueSpecification","valueRequired":true,"valueName":"search_term_string"}}],"inLanguage":"es"},{"@type":"Organization","@id":"https:\/\/latelierlartdeboxer.com\/#organization","name":"Taller sobre el arte del boxeo","url":"https:\/\/latelierlartdeboxer.com\/","logo":{"@type":"ImageObject","inLanguage":"es","@id":"https:\/\/latelierlartdeboxer.com\/#\/schema\/logo\/image\/","url":"https:\/\/latelierlartdeboxer.com\/wp-content\/uploads\/2023\/05\/cropped-logo.png","contentUrl":"https:\/\/latelierlartdeboxer.com\/wp-content\/uploads\/2023\/05\/cropped-logo.png","width":1062,"height":1062,"caption":"L&#039;Atelier l&#039;art de boxer"},"image":{"@id":"https:\/\/latelierlartdeboxer.com\/#\/schema\/logo\/image\/"}}]}},"_links":{"self":[{"href":"https:\/\/latelierlartdeboxer.com\/es\/wp-json\/wp\/v2\/pages\/19","targetHints":{"allow":["GET"]}}],"collection":[{"href":"https:\/\/latelierlartdeboxer.com\/es\/wp-json\/wp\/v2\/pages"}],"about":[{"href":"https:\/\/latelierlartdeboxer.com\/es\/wp-json\/wp\/v2\/types\/page"}],"author":[{"embeddable":true,"href":"https:\/\/latelierlartdeboxer.com\/es\/wp-json\/wp\/v2\/users\/1"}],"replies":[{"embeddable":true,"href":"https:\/\/latelierlartdeboxer.com\/es\/wp-json\/wp\/v2\/comments?post=19"}],"version-history":[{"count":82,"href":"https:\/\/latelierlartdeboxer.com\/es\/wp-json\/wp\/v2\/pages\/19\/revisions"}],"predecessor-version":[{"id":4206,"href":"https:\/\/latelierlartdeboxer.com\/es\/wp-json\/wp\/v2\/pages\/19\/revisions\/4206"}],"up":[{"embeddable":true,"href":"https:\/\/latelierlartdeboxer.com\/es\/wp-json\/wp\/v2\/pages\/13"}],"wp:attachment":[{"href":"https:\/\/latelierlartdeboxer.com\/es\/wp-json\/wp\/v2\/media?parent=19"}],"curies":[{"name":"wp","href":"https:\/\/api.w.org\/{rel}","templated":true}]}}