{"id":2055,"date":"2024-02-27T21:55:58","date_gmt":"2024-02-27T20:55:58","guid":{"rendered":"https:\/\/latelierlartdeboxer.com\/?page_id=2055"},"modified":"2024-10-29T19:58:15","modified_gmt":"2024-10-29T18:58:15","slug":"training-organisations","status":"publish","type":"page","link":"https:\/\/latelierlartdeboxer.com\/en\/le-q-g\/les-organismes-de-formation\/","title":{"rendered":"Training organisations\u00a0"},"content":{"rendered":"<div data-elementor-type=\"wp-page\" data-elementor-id=\"2055\" class=\"elementor elementor-2055\" wpc-filter-elementor-widget=\"1\" data-elementor-post-type=\"page\">\n\t\t\t\t<div class=\"elementor-element elementor-element-4a1e2cd e-flex e-con-boxed e-con e-parent\" data-id=\"4a1e2cd\" data-element_type=\"container\" data-e-type=\"container\" data-settings=\"{&quot;background_background&quot;:&quot;classic&quot;}\">\n\t\t\t\t\t<div class=\"e-con-inner\">\n\t\t\t\t<div class=\"elementor-element elementor-element-35c4726 elementor-widget elementor-widget-heading\" data-id=\"35c4726\" data-element_type=\"widget\" data-e-type=\"widget\" data-widget_type=\"heading.default\">\n\t\t\t\t<div class=\"elementor-widget-container\">\n\t\t\t\t\t<h3 class=\"elementor-heading-title elementor-size-default\">Headquarters<\/h3>\t\t\t\t<\/div>\n\t\t\t\t<\/div>\n\t\t\t\t<div class=\"elementor-element elementor-element-b86cf18 elementor-widget-divider--view-line elementor-widget elementor-widget-divider\" data-id=\"b86cf18\" data-element_type=\"widget\" data-e-type=\"widget\" data-widget_type=\"divider.default\">\n\t\t\t\t<div class=\"elementor-widget-container\">\n\t\t\t\t\t\t\t<div class=\"elementor-divider\">\n\t\t\t<span class=\"elementor-divider-separator\">\n\t\t\t\t\t\t<\/span>\n\t\t<\/div>\n\t\t\t\t\t\t<\/div>\n\t\t\t\t<\/div>\n\t\t\t\t<div class=\"elementor-element elementor-element-42e7199 elementor-widget elementor-widget-heading\" data-id=\"42e7199\" data-element_type=\"widget\" data-e-type=\"widget\" data-widget_type=\"heading.default\">\n\t\t\t\t<div class=\"elementor-widget-container\">\n\t\t\t\t\t<h1 class=\"elementor-heading-title elementor-size-default\">Training organisations <\/h1>\t\t\t\t<\/div>\n\t\t\t\t<\/div>\n\t\t\t\t\t<\/div>\n\t\t\t\t<\/div>\n\t\t<div class=\"elementor-element elementor-element-6dbada4 e-flex e-con-boxed e-con e-parent\" data-id=\"6dbada4\" data-element_type=\"container\" data-e-type=\"container\">\n\t\t\t\t\t<div class=\"e-con-inner\">\n\t\t\t\t<div class=\"elementor-element elementor-element-66878fa elementor-widget elementor-widget-image\" data-id=\"66878fa\" data-element_type=\"widget\" data-e-type=\"widget\" data-widget_type=\"image.default\">\n\t\t\t\t<div class=\"elementor-widget-container\">\n\t\t\t\t\t\t\t\t\t\t\t\t\t\t\t<img fetchpriority=\"high\" decoding=\"async\" width=\"300\" height=\"300\" src=\"https:\/\/latelierlartdeboxer.com\/wp-content\/uploads\/2023\/05\/logo-qg-300x300.png\" class=\"attachment-medium size-medium wp-image-282\" alt=\"\" srcset=\"https:\/\/latelierlartdeboxer.com\/wp-content\/uploads\/2023\/05\/logo-qg-300x300.png 300w, https:\/\/latelierlartdeboxer.com\/wp-content\/uploads\/2023\/05\/logo-qg-100x100.png 100w, https:\/\/latelierlartdeboxer.com\/wp-content\/uploads\/2023\/05\/logo-qg-600x600.png 600w, https:\/\/latelierlartdeboxer.com\/wp-content\/uploads\/2023\/05\/logo-qg-1024x1024.png 1024w, https:\/\/latelierlartdeboxer.com\/wp-content\/uploads\/2023\/05\/logo-qg-150x150.png 150w, https:\/\/latelierlartdeboxer.com\/wp-content\/uploads\/2023\/05\/logo-qg-768x768.png 768w, https:\/\/latelierlartdeboxer.com\/wp-content\/uploads\/2023\/05\/logo-qg.png 1064w\" sizes=\"(max-width: 300px) 100vw, 300px\" \/>\t\t\t\t\t\t\t\t\t\t\t\t\t\t\t<\/div>\n\t\t\t\t<\/div>\n\t\t\t\t\t<\/div>\n\t\t\t\t<\/div>\n\t\t<div class=\"elementor-element elementor-element-8e97d06 e-flex e-con-boxed e-con e-parent\" data-id=\"8e97d06\" data-element_type=\"container\" data-e-type=\"container\">\n\t\t\t\t\t<div class=\"e-con-inner\">\n\t\t<div class=\"elementor-element elementor-element-4f3488f e-con-full e-flex e-con e-child\" data-id=\"4f3488f\" data-element_type=\"container\" data-e-type=\"container\">\n\t\t\t\t<div class=\"elementor-element elementor-element-bdcf72f elementor-widget elementor-widget-text-editor\" data-id=\"bdcf72f\" data-element_type=\"widget\" data-e-type=\"widget\" data-widget_type=\"text-editor.default\">\n\t\t\t\t<div class=\"elementor-widget-container\">\n\t\t\t\t\t\t\t\t\t<div dir=\"auto\"><div dir=\"auto\"><div dir=\"auto\">Professionalise contact sports!<\/div><div dir=\"auto\">\u00a0<\/div><div dir=\"auto\">Training is the key to guaranteeing quality know-how, enhancing experience and ensuring the long-term future of a sporting discipline.  That's why L'ATELIER L'ART DE BOXER makes training organisations available in connection with our disciplines.\u00a0<\/div><div dir=\"auto\">\u00a0<\/div><div dir=\"auto\">Thanks to QUARTIER G\u00c9N\u00c9RAL, you will now be able to apply to these organisations to undertake training for :<\/div><\/div><\/div>\t\t\t\t\t\t\t\t<\/div>\n\t\t\t\t<\/div>\n\t\t<div class=\"elementor-element elementor-element-5dda42a e-flex e-con-boxed e-con e-child\" data-id=\"5dda42a\" data-element_type=\"container\" data-e-type=\"container\">\n\t\t\t\t\t<div class=\"e-con-inner\">\n\t\t<div class=\"elementor-element elementor-element-82be8ff e-flex e-con-boxed e-con e-child\" data-id=\"82be8ff\" data-element_type=\"container\" data-e-type=\"container\">\n\t\t\t\t\t<div class=\"e-con-inner\">\n\t\t\t\t<div class=\"elementor-element elementor-element-a3d5c2a elementor-icon-list--layout-traditional elementor-list-item-link-full_width elementor-widget elementor-widget-icon-list\" data-id=\"a3d5c2a\" data-element_type=\"widget\" data-e-type=\"widget\" data-widget_type=\"icon-list.default\">\n\t\t\t\t<div class=\"elementor-widget-container\">\n\t\t\t\t\t\t\t<ul class=\"elementor-icon-list-items\">\n\t\t\t\t\t\t\t<li class=\"elementor-icon-list-item\">\n\t\t\t\t\t\t\t\t\t\t\t<span class=\"elementor-icon-list-icon\">\n\t\t\t\t\t\t\t<i aria-hidden=\"true\" class=\"fas fa-check\"><\/i>\t\t\t\t\t\t<\/span>\n\t\t\t\t\t\t\t\t\t\t<span class=\"elementor-icon-list-text\">Federal diplomas <\/span>\n\t\t\t\t\t\t\t\t\t<\/li>\n\t\t\t\t\t\t\t\t<li class=\"elementor-icon-list-item\">\n\t\t\t\t\t\t\t\t\t\t\t<span class=\"elementor-icon-list-icon\">\n\t\t\t\t\t\t\t<i aria-hidden=\"true\" class=\"fas fa-check\"><\/i>\t\t\t\t\t\t<\/span>\n\t\t\t\t\t\t\t\t\t\t<span class=\"elementor-icon-list-text\">State diplomas<\/span>\n\t\t\t\t\t\t\t\t\t<\/li>\n\t\t\t\t\t\t\t\t<li class=\"elementor-icon-list-item\">\n\t\t\t\t\t\t\t\t\t\t\t<span class=\"elementor-icon-list-icon\">\n\t\t\t\t\t\t\t<i aria-hidden=\"true\" class=\"fas fa-check\"><\/i>\t\t\t\t\t\t<\/span>\n\t\t\t\t\t\t\t\t\t\t<span class=\"elementor-icon-list-text\">Certifications <\/span>\n\t\t\t\t\t\t\t\t\t<\/li>\n\t\t\t\t\t\t\t\t<li class=\"elementor-icon-list-item\">\n\t\t\t\t\t\t\t\t\t\t\t<span class=\"elementor-icon-list-icon\">\n\t\t\t\t\t\t\t<i aria-hidden=\"true\" class=\"fas fa-check\"><\/i>\t\t\t\t\t\t<\/span>\n\t\t\t\t\t\t\t\t\t\t<span class=\"elementor-icon-list-text\">Arbitration<\/span>\n\t\t\t\t\t\t\t\t\t<\/li>\n\t\t\t\t\t\t\t\t<li class=\"elementor-icon-list-item\">\n\t\t\t\t\t\t\t\t\t\t\t<span class=\"elementor-icon-list-icon\">\n\t\t\t\t\t\t\t<i aria-hidden=\"true\" class=\"fas fa-check\"><\/i>\t\t\t\t\t\t<\/span>\n\t\t\t\t\t\t\t\t\t\t<span class=\"elementor-icon-list-text\">Care coaches (Cutman)<\/span>\n\t\t\t\t\t\t\t\t\t<\/li>\n\t\t\t\t\t\t<\/ul>\n\t\t\t\t\t\t<\/div>\n\t\t\t\t<\/div>\n\t\t\t\t\t<\/div>\n\t\t\t\t<\/div>\n\t\t\t\t\t<\/div>\n\t\t\t\t<\/div>\n\t\t\t\t<\/div>\n\t\t\t\t\t<\/div>\n\t\t\t\t<\/div>\n\t\t<div class=\"elementor-element elementor-element-44db809 e-flex e-con-boxed e-con e-parent\" data-id=\"44db809\" data-element_type=\"container\" data-e-type=\"container\">\n\t\t\t\t\t<div class=\"e-con-inner\">\n\t\t\t\t\t<\/div>\n\t\t\t\t<\/div>\n\t\t\t\t<\/div>","protected":false},"excerpt":{"rendered":"<p>Le Quartier G\u00e9n\u00e9ral Les organismes de formation Professionnaliser les sports de contact !\u00a0La formation est la cl\u00e9 pour garantir un savoir-faire de qualit\u00e9, valoriser son exp\u00e9rience et p\u00e9renniser une discipline sportive.\u00a0 Voil\u00e0 pourquoi L&rsquo;ATELIER L&rsquo;ART DE BOXER met \u00e0 disposition des organismes de formation en lien avec nos disciplines.\u00a0\u00a0Gr\u00e2ce au QUARTIER G\u00c9N\u00c9RAL, vous aurez d\u00e9sormais [&hellip;]<\/p>\n","protected":false},"author":1,"featured_media":0,"parent":49,"menu_order":0,"comment_status":"closed","ping_status":"closed","template":"","meta":{"_acf_changed":false,"site-sidebar-layout":"no-sidebar","site-content-layout":"page-builder","ast-site-content-layout":"full-width-container","site-content-style":"default","site-sidebar-style":"default","ast-global-header-display":"","ast-banner-title-visibility":"","ast-main-header-display":"","ast-hfb-above-header-display":"","ast-hfb-below-header-display":"","ast-hfb-mobile-header-display":"","site-post-title":"disabled","ast-breadcrumbs-content":"","ast-featured-img":"disabled","footer-sml-layout":"","ast-disable-related-posts":"","theme-transparent-header-meta":"enabled","adv-header-id-meta":"","stick-header-meta":"","header-above-stick-meta":"","header-main-stick-meta":"","header-below-stick-meta":"","astra-migrate-meta-layouts":"set","ast-page-background-enabled":"default","ast-page-background-meta":{"desktop":{"background-color":"var(--ast-global-color-4)","background-image":"","background-repeat":"repeat","background-position":"center center","background-size":"auto","background-attachment":"scroll","background-type":"","background-media":"","overlay-type":"","overlay-color":"","overlay-opacity":"","overlay-gradient":""},"tablet":{"background-color":"","background-image":"","background-repeat":"repeat","background-position":"center center","background-size":"auto","background-attachment":"scroll","background-type":"","background-media":"","overlay-type":"","overlay-color":"","overlay-opacity":"","overlay-gradient":""},"mobile":{"background-color":"","background-image":"","background-repeat":"repeat","background-position":"center center","background-size":"auto","background-attachment":"scroll","background-type":"","background-media":"","overlay-type":"","overlay-color":"","overlay-opacity":"","overlay-gradient":""}},"ast-content-background-meta":{"desktop":{"background-color":"var(--ast-global-color-5)","background-image":"","background-repeat":"repeat","background-position":"center center","background-size":"auto","background-attachment":"scroll","background-type":"","background-media":"","overlay-type":"","overlay-color":"","overlay-opacity":"","overlay-gradient":""},"tablet":{"background-color":"var(--ast-global-color-5)","background-image":"","background-repeat":"repeat","background-position":"center center","background-size":"auto","background-attachment":"scroll","background-type":"","background-media":"","overlay-type":"","overlay-color":"","overlay-opacity":"","overlay-gradient":""},"mobile":{"background-color":"var(--ast-global-color-5)","background-image":"","background-repeat":"repeat","background-position":"center center","background-size":"auto","background-attachment":"scroll","background-type":"","background-media":"","overlay-type":"","overlay-color":"","overlay-opacity":"","overlay-gradient":""}},"footnotes":""},"class_list":["post-2055","page","type-page","status-publish","hentry"],"acf":[],"yoast_head":"<!-- This site is optimized with the Yoast SEO plugin v27.3 - https:\/\/yoast.com\/product\/yoast-seo-wordpress\/ -->\n<title>Les organismes de formation\u00a0 - L&#039;Atelier l&#039;art de boxer<\/title>\n<meta name=\"robots\" content=\"index, follow, max-snippet:-1, max-image-preview:large, max-video-preview:-1\" \/>\n<link rel=\"canonical\" href=\"https:\/\/latelierlartdeboxer.com\/en\/the-q-g\/training-organisations\/\" \/>\n<meta property=\"og:locale\" content=\"en_GB\" \/>\n<meta property=\"og:type\" content=\"article\" \/>\n<meta property=\"og:title\" content=\"Les organismes de formation\u00a0 - L&#039;Atelier l&#039;art de boxer\" \/>\n<meta property=\"og:description\" content=\"Le Quartier G\u00e9n\u00e9ral Les organismes de formation Professionnaliser les sports de contact !\u00a0La formation est la cl\u00e9 pour garantir un savoir-faire de qualit\u00e9, valoriser son exp\u00e9rience et p\u00e9renniser une discipline sportive.\u00a0 Voil\u00e0 pourquoi L&rsquo;ATELIER L&rsquo;ART DE BOXER met \u00e0 disposition des organismes de formation en lien avec nos disciplines.\u00a0\u00a0Gr\u00e2ce au QUARTIER G\u00c9N\u00c9RAL, vous aurez d\u00e9sormais [&hellip;]\" \/>\n<meta property=\"og:url\" content=\"https:\/\/latelierlartdeboxer.com\/en\/the-q-g\/training-organisations\/\" \/>\n<meta property=\"og:site_name\" content=\"L&#039;Atelier l&#039;art de boxer\" \/>\n<meta property=\"article:modified_time\" content=\"2024-10-29T18:58:15+00:00\" \/>\n<meta property=\"og:image\" content=\"https:\/\/latelierlartdeboxer.com\/wp-content\/uploads\/2023\/05\/logo-qg.png\" \/>\n\t<meta property=\"og:image:width\" content=\"1064\" \/>\n\t<meta property=\"og:image:height\" content=\"1064\" \/>\n\t<meta property=\"og:image:type\" content=\"image\/png\" \/>\n<meta name=\"twitter:card\" content=\"summary_large_image\" \/>\n<meta name=\"twitter:label1\" content=\"Estimated reading time\" \/>\n\t<meta name=\"twitter:data1\" content=\"1 minute\" \/>\n<script type=\"application\/ld+json\" class=\"yoast-schema-graph\">{\"@context\":\"https:\\\/\\\/schema.org\",\"@graph\":[{\"@type\":\"WebPage\",\"@id\":\"https:\\\/\\\/latelierlartdeboxer.com\\\/le-q-g\\\/les-organismes-de-formation\\\/\",\"url\":\"https:\\\/\\\/latelierlartdeboxer.com\\\/le-q-g\\\/les-organismes-de-formation\\\/\",\"name\":\"Les organismes de formation\u00a0 - L&#039;Atelier l&#039;art de boxer\",\"isPartOf\":{\"@id\":\"https:\\\/\\\/latelierlartdeboxer.com\\\/#website\"},\"datePublished\":\"2024-02-27T20:55:58+00:00\",\"dateModified\":\"2024-10-29T18:58:15+00:00\",\"breadcrumb\":{\"@id\":\"https:\\\/\\\/latelierlartdeboxer.com\\\/le-q-g\\\/les-organismes-de-formation\\\/#breadcrumb\"},\"inLanguage\":\"en-GB\",\"potentialAction\":[{\"@type\":\"ReadAction\",\"target\":[\"https:\\\/\\\/latelierlartdeboxer.com\\\/le-q-g\\\/les-organismes-de-formation\\\/\"]}]},{\"@type\":\"BreadcrumbList\",\"@id\":\"https:\\\/\\\/latelierlartdeboxer.com\\\/le-q-g\\\/les-organismes-de-formation\\\/#breadcrumb\",\"itemListElement\":[{\"@type\":\"ListItem\",\"position\":1,\"name\":\"Accueil\",\"item\":\"https:\\\/\\\/latelierlartdeboxer.com\\\/\"},{\"@type\":\"ListItem\",\"position\":2,\"name\":\"Le Quartier G\u00e9n\u00e9ral\",\"item\":\"https:\\\/\\\/latelierlartdeboxer.com\\\/le-q-g\\\/\"},{\"@type\":\"ListItem\",\"position\":3,\"name\":\"Les organismes de formation\u00a0\"}]},{\"@type\":\"WebSite\",\"@id\":\"https:\\\/\\\/latelierlartdeboxer.com\\\/#website\",\"url\":\"https:\\\/\\\/latelierlartdeboxer.com\\\/\",\"name\":\"L&#039;Atelier l&#039;art de boxer\",\"description\":\"\",\"publisher\":{\"@id\":\"https:\\\/\\\/latelierlartdeboxer.com\\\/#organization\"},\"potentialAction\":[{\"@type\":\"SearchAction\",\"target\":{\"@type\":\"EntryPoint\",\"urlTemplate\":\"https:\\\/\\\/latelierlartdeboxer.com\\\/?s={search_term_string}\"},\"query-input\":{\"@type\":\"PropertyValueSpecification\",\"valueRequired\":true,\"valueName\":\"search_term_string\"}}],\"inLanguage\":\"en-GB\"},{\"@type\":\"Organization\",\"@id\":\"https:\\\/\\\/latelierlartdeboxer.com\\\/#organization\",\"name\":\"L&#039;Atelier l&#039;art de boxer\",\"url\":\"https:\\\/\\\/latelierlartdeboxer.com\\\/\",\"logo\":{\"@type\":\"ImageObject\",\"inLanguage\":\"en-GB\",\"@id\":\"https:\\\/\\\/latelierlartdeboxer.com\\\/#\\\/schema\\\/logo\\\/image\\\/\",\"url\":\"https:\\\/\\\/latelierlartdeboxer.com\\\/wp-content\\\/uploads\\\/2023\\\/05\\\/cropped-logo.png\",\"contentUrl\":\"https:\\\/\\\/latelierlartdeboxer.com\\\/wp-content\\\/uploads\\\/2023\\\/05\\\/cropped-logo.png\",\"width\":1062,\"height\":1062,\"caption\":\"L&#039;Atelier l&#039;art de boxer\"},\"image\":{\"@id\":\"https:\\\/\\\/latelierlartdeboxer.com\\\/#\\\/schema\\\/logo\\\/image\\\/\"}}]}<\/script>\n<!-- \/ Yoast SEO plugin. -->","yoast_head_json":{"title":"Training organisations - L'Atelier l'art de boxer","robots":{"index":"index","follow":"follow","max-snippet":"max-snippet:-1","max-image-preview":"max-image-preview:large","max-video-preview":"max-video-preview:-1"},"canonical":"https:\/\/latelierlartdeboxer.com\/en\/the-q-g\/training-organisations\/","og_locale":"en_GB","og_type":"article","og_title":"Les organismes de formation\u00a0 - L&#039;Atelier l&#039;art de boxer","og_description":"Le Quartier G\u00e9n\u00e9ral Les organismes de formation Professionnaliser les sports de contact !\u00a0La formation est la cl\u00e9 pour garantir un savoir-faire de qualit\u00e9, valoriser son exp\u00e9rience et p\u00e9renniser une discipline sportive.\u00a0 Voil\u00e0 pourquoi L&rsquo;ATELIER L&rsquo;ART DE BOXER met \u00e0 disposition des organismes de formation en lien avec nos disciplines.\u00a0\u00a0Gr\u00e2ce au QUARTIER G\u00c9N\u00c9RAL, vous aurez d\u00e9sormais [&hellip;]","og_url":"https:\/\/latelierlartdeboxer.com\/en\/the-q-g\/training-organisations\/","og_site_name":"L&#039;Atelier l&#039;art de boxer","article_modified_time":"2024-10-29T18:58:15+00:00","og_image":[{"width":1064,"height":1064,"url":"https:\/\/latelierlartdeboxer.com\/wp-content\/uploads\/2023\/05\/logo-qg.png","type":"image\/png"}],"twitter_card":"summary_large_image","twitter_misc":{"Estimated reading time":"1 minute"},"schema":{"@context":"https:\/\/schema.org","@graph":[{"@type":"WebPage","@id":"https:\/\/latelierlartdeboxer.com\/le-q-g\/les-organismes-de-formation\/","url":"https:\/\/latelierlartdeboxer.com\/le-q-g\/les-organismes-de-formation\/","name":"Training organisations - L'Atelier l'art de boxer","isPartOf":{"@id":"https:\/\/latelierlartdeboxer.com\/#website"},"datePublished":"2024-02-27T20:55:58+00:00","dateModified":"2024-10-29T18:58:15+00:00","breadcrumb":{"@id":"https:\/\/latelierlartdeboxer.com\/le-q-g\/les-organismes-de-formation\/#breadcrumb"},"inLanguage":"en-GB","potentialAction":[{"@type":"ReadAction","target":["https:\/\/latelierlartdeboxer.com\/le-q-g\/les-organismes-de-formation\/"]}]},{"@type":"BreadcrumbList","@id":"https:\/\/latelierlartdeboxer.com\/le-q-g\/les-organismes-de-formation\/#breadcrumb","itemListElement":[{"@type":"ListItem","position":1,"name":"Accueil","item":"https:\/\/latelierlartdeboxer.com\/"},{"@type":"ListItem","position":2,"name":"Le Quartier G\u00e9n\u00e9ral","item":"https:\/\/latelierlartdeboxer.com\/le-q-g\/"},{"@type":"ListItem","position":3,"name":"Les organismes de formation\u00a0"}]},{"@type":"WebSite","@id":"https:\/\/latelierlartdeboxer.com\/#website","url":"https:\/\/latelierlartdeboxer.com\/","name":"The Art of Boxing Workshop","description":"","publisher":{"@id":"https:\/\/latelierlartdeboxer.com\/#organization"},"potentialAction":[{"@type":"SearchAction","target":{"@type":"EntryPoint","urlTemplate":"https:\/\/latelierlartdeboxer.com\/?s={search_term_string}"},"query-input":{"@type":"PropertyValueSpecification","valueRequired":true,"valueName":"search_term_string"}}],"inLanguage":"en-GB"},{"@type":"Organization","@id":"https:\/\/latelierlartdeboxer.com\/#organization","name":"The Art of Boxing Workshop","url":"https:\/\/latelierlartdeboxer.com\/","logo":{"@type":"ImageObject","inLanguage":"en-GB","@id":"https:\/\/latelierlartdeboxer.com\/#\/schema\/logo\/image\/","url":"https:\/\/latelierlartdeboxer.com\/wp-content\/uploads\/2023\/05\/cropped-logo.png","contentUrl":"https:\/\/latelierlartdeboxer.com\/wp-content\/uploads\/2023\/05\/cropped-logo.png","width":1062,"height":1062,"caption":"L&#039;Atelier l&#039;art de boxer"},"image":{"@id":"https:\/\/latelierlartdeboxer.com\/#\/schema\/logo\/image\/"}}]}},"_links":{"self":[{"href":"https:\/\/latelierlartdeboxer.com\/en\/wp-json\/wp\/v2\/pages\/2055","targetHints":{"allow":["GET"]}}],"collection":[{"href":"https:\/\/latelierlartdeboxer.com\/en\/wp-json\/wp\/v2\/pages"}],"about":[{"href":"https:\/\/latelierlartdeboxer.com\/en\/wp-json\/wp\/v2\/types\/page"}],"author":[{"embeddable":true,"href":"https:\/\/latelierlartdeboxer.com\/en\/wp-json\/wp\/v2\/users\/1"}],"replies":[{"embeddable":true,"href":"https:\/\/latelierlartdeboxer.com\/en\/wp-json\/wp\/v2\/comments?post=2055"}],"version-history":[{"count":37,"href":"https:\/\/latelierlartdeboxer.com\/en\/wp-json\/wp\/v2\/pages\/2055\/revisions"}],"predecessor-version":[{"id":3478,"href":"https:\/\/latelierlartdeboxer.com\/en\/wp-json\/wp\/v2\/pages\/2055\/revisions\/3478"}],"up":[{"embeddable":true,"href":"https:\/\/latelierlartdeboxer.com\/en\/wp-json\/wp\/v2\/pages\/49"}],"wp:attachment":[{"href":"https:\/\/latelierlartdeboxer.com\/en\/wp-json\/wp\/v2\/media?parent=2055"}],"curies":[{"name":"wp","href":"https:\/\/api.w.org\/{rel}","templated":true}]}}