{"id":1889,"date":"2023-08-29T00:09:12","date_gmt":"2023-08-28T22:09:12","guid":{"rendered":"https:\/\/latelierlartdeboxer.com\/?page_id=1889"},"modified":"2024-11-01T08:55:30","modified_gmt":"2024-11-01T07:55:30","slug":"coaching","status":"publish","type":"page","link":"https:\/\/latelierlartdeboxer.com\/en\/le-q-g\/le-coaching\/","title":{"rendered":"Coaches' HQ"},"content":{"rendered":"<div data-elementor-type=\"wp-page\" data-elementor-id=\"1889\" class=\"elementor elementor-1889\" wpc-filter-elementor-widget=\"1\" data-elementor-post-type=\"page\">\n\t\t\t\t<div class=\"elementor-element elementor-element-d2a6dc5 e-flex e-con-boxed e-con e-parent\" data-id=\"d2a6dc5\" data-element_type=\"container\" data-e-type=\"container\" data-settings=\"{&quot;background_background&quot;:&quot;classic&quot;}\">\n\t\t\t\t\t<div class=\"e-con-inner\">\n\t\t\t\t<div class=\"elementor-element elementor-element-fcc58a9 elementor-widget elementor-widget-heading\" data-id=\"fcc58a9\" data-element_type=\"widget\" data-e-type=\"widget\" data-widget_type=\"heading.default\">\n\t\t\t\t<div class=\"elementor-widget-container\">\n\t\t\t\t\t<h3 class=\"elementor-heading-title elementor-size-default\">Headquarters<\/h3>\t\t\t\t<\/div>\n\t\t\t\t<\/div>\n\t\t\t\t<div class=\"elementor-element elementor-element-8689915 elementor-widget-divider--view-line elementor-widget elementor-widget-divider\" data-id=\"8689915\" data-element_type=\"widget\" data-e-type=\"widget\" data-widget_type=\"divider.default\">\n\t\t\t\t<div class=\"elementor-widget-container\">\n\t\t\t\t\t\t\t<div class=\"elementor-divider\">\n\t\t\t<span class=\"elementor-divider-separator\">\n\t\t\t\t\t\t<\/span>\n\t\t<\/div>\n\t\t\t\t\t\t<\/div>\n\t\t\t\t<\/div>\n\t\t\t\t<div class=\"elementor-element elementor-element-436c847 elementor-widget elementor-widget-heading\" data-id=\"436c847\" data-element_type=\"widget\" data-e-type=\"widget\" data-widget_type=\"heading.default\">\n\t\t\t\t<div class=\"elementor-widget-container\">\n\t\t\t\t\t<h1 class=\"elementor-heading-title elementor-size-default\">Coaches' HQ<\/h1>\t\t\t\t<\/div>\n\t\t\t\t<\/div>\n\t\t\t\t\t<\/div>\n\t\t\t\t<\/div>\n\t\t<div class=\"elementor-element elementor-element-d120294 e-flex e-con-boxed e-con e-parent\" data-id=\"d120294\" data-element_type=\"container\" data-e-type=\"container\">\n\t\t\t\t\t<div class=\"e-con-inner\">\n\t\t\t\t<div class=\"elementor-element elementor-element-4fbc13c elementor-widget elementor-widget-image\" data-id=\"4fbc13c\" data-element_type=\"widget\" data-e-type=\"widget\" data-widget_type=\"image.default\">\n\t\t\t\t<div class=\"elementor-widget-container\">\n\t\t\t\t\t\t\t\t\t\t\t\t\t\t\t<img fetchpriority=\"high\" decoding=\"async\" width=\"300\" height=\"300\" src=\"https:\/\/latelierlartdeboxer.com\/wp-content\/uploads\/2023\/05\/logo-qg-300x300.png\" class=\"attachment-medium size-medium wp-image-282\" alt=\"\" srcset=\"https:\/\/latelierlartdeboxer.com\/wp-content\/uploads\/2023\/05\/logo-qg-300x300.png 300w, https:\/\/latelierlartdeboxer.com\/wp-content\/uploads\/2023\/05\/logo-qg-100x100.png 100w, https:\/\/latelierlartdeboxer.com\/wp-content\/uploads\/2023\/05\/logo-qg-600x600.png 600w, https:\/\/latelierlartdeboxer.com\/wp-content\/uploads\/2023\/05\/logo-qg-1024x1024.png 1024w, https:\/\/latelierlartdeboxer.com\/wp-content\/uploads\/2023\/05\/logo-qg-150x150.png 150w, https:\/\/latelierlartdeboxer.com\/wp-content\/uploads\/2023\/05\/logo-qg-768x768.png 768w, https:\/\/latelierlartdeboxer.com\/wp-content\/uploads\/2023\/05\/logo-qg.png 1064w\" sizes=\"(max-width: 300px) 100vw, 300px\" \/>\t\t\t\t\t\t\t\t\t\t\t\t\t\t\t<\/div>\n\t\t\t\t<\/div>\n\t\t\t\t\t<\/div>\n\t\t\t\t<\/div>\n\t\t<div class=\"elementor-element elementor-element-7345fbb e-flex e-con-boxed e-con e-parent\" data-id=\"7345fbb\" data-element_type=\"container\" data-e-type=\"container\">\n\t\t\t\t\t<div class=\"e-con-inner\">\n\t\t<div class=\"elementor-element elementor-element-03a612e e-con-full e-flex e-con e-child\" data-id=\"03a612e\" data-element_type=\"container\" data-e-type=\"container\">\n\t\t\t\t<div class=\"elementor-element elementor-element-beac1d9 elementor-widget elementor-widget-text-editor\" data-id=\"beac1d9\" data-element_type=\"widget\" data-e-type=\"widget\" data-widget_type=\"text-editor.default\">\n\t\t\t\t<div class=\"elementor-widget-container\">\n\t\t\t\t\t\t\t\t\t<p>The Atelier will enable sports coaches with a professional card and a state diploma to gain greater visibility and be contacted by fitness centres and companies.<\/p>\n<p>Thanks to QUARTIER G\u00c9N\u00c9RAL, gyms offering introductory fist-boxing and m.m.a. classes will now be able to search for qualified coaches in the field.<\/p>\n<p>Companies wishing to hire boxing coaches will also be able to call on them thanks to \u00abCoach Wanted\u00bb, a service that lets you post ads for experienced coaches.<\/p>\t\t\t\t\t\t\t\t<\/div>\n\t\t\t\t<\/div>\n\t\t\t\t<div class=\"elementor-element elementor-element-6607aa4 elementor-widget elementor-widget-heading\" data-id=\"6607aa4\" data-element_type=\"widget\" data-e-type=\"widget\" data-widget_type=\"heading.default\">\n\t\t\t\t<div class=\"elementor-widget-container\">\n\t\t\t\t\t<h2 class=\"elementor-heading-title elementor-size-default\">The benefits<\/h2>\t\t\t\t<\/div>\n\t\t\t\t<\/div>\n\t\t\t\t<div class=\"elementor-element elementor-element-a02dcbb elementor-icon-list--layout-traditional elementor-list-item-link-full_width elementor-widget elementor-widget-icon-list\" data-id=\"a02dcbb\" data-element_type=\"widget\" data-e-type=\"widget\" data-widget_type=\"icon-list.default\">\n\t\t\t\t<div class=\"elementor-widget-container\">\n\t\t\t\t\t\t\t<ul class=\"elementor-icon-list-items\">\n\t\t\t\t\t\t\t<li class=\"elementor-icon-list-item\">\n\t\t\t\t\t\t\t\t\t\t\t<span class=\"elementor-icon-list-icon\">\n\t\t\t\t\t\t\t<i aria-hidden=\"true\" class=\"fas fa-check\"><\/i>\t\t\t\t\t\t<\/span>\n\t\t\t\t\t\t\t\t\t\t<span class=\"elementor-icon-list-text\">A national database of sports coaches in the fist-fighting disciplines.<\/span>\n\t\t\t\t\t\t\t\t\t<\/li>\n\t\t\t\t\t\t\t\t<li class=\"elementor-icon-list-item\">\n\t\t\t\t\t\t\t\t\t\t\t<span class=\"elementor-icon-list-icon\">\n\t\t\t\t\t\t\t<i aria-hidden=\"true\" class=\"fas fa-check\"><\/i>\t\t\t\t\t\t<\/span>\n\t\t\t\t\t\t\t\t\t\t<span class=\"elementor-icon-list-text\">Professionalise coaches with a state diploma and professional card.<\/span>\n\t\t\t\t\t\t\t\t\t<\/li>\n\t\t\t\t\t\t\t\t<li class=\"elementor-icon-list-item\">\n\t\t\t\t\t\t\t\t\t\t\t<span class=\"elementor-icon-list-icon\">\n\t\t\t\t\t\t\t<i aria-hidden=\"true\" class=\"fas fa-check\"><\/i>\t\t\t\t\t\t<\/span>\n\t\t\t\t\t\t\t\t\t\t<span class=\"elementor-icon-list-text\">Facilitating exchanges between sports coaches and companies. <\/span>\n\t\t\t\t\t\t\t\t\t<\/li>\n\t\t\t\t\t\t\t\t<li class=\"elementor-icon-list-item\">\n\t\t\t\t\t\t\t\t\t\t\t<span class=\"elementor-icon-list-icon\">\n\t\t\t\t\t\t\t<i aria-hidden=\"true\" class=\"fas fa-check\"><\/i>\t\t\t\t\t\t<\/span>\n\t\t\t\t\t\t\t\t\t\t<span class=\"elementor-icon-list-text\">Promote access to employment for people who want to become professional sportspeople.<\/span>\n\t\t\t\t\t\t\t\t\t<\/li>\n\t\t\t\t\t\t\t\t<li class=\"elementor-icon-list-item\">\n\t\t\t\t\t\t\t\t\t\t\t<span class=\"elementor-icon-list-icon\">\n\t\t\t\t\t\t\t<i aria-hidden=\"true\" class=\"fas fa-check\"><\/i>\t\t\t\t\t\t<\/span>\n\t\t\t\t\t\t\t\t\t\t<span class=\"elementor-icon-list-text\">Simplify searches for companies wishing to work with qualified trainers. <\/span>\n\t\t\t\t\t\t\t\t\t<\/li>\n\t\t\t\t\t\t<\/ul>\n\t\t\t\t\t\t<\/div>\n\t\t\t\t<\/div>\n\t\t\t\t<\/div>\n\t\t\t\t\t<\/div>\n\t\t\t\t<\/div>\n\t\t\t\t<\/div>","protected":false},"excerpt":{"rendered":"<p>Le Quartier G\u00e9n\u00e9ral Le Q.G. des coachs L&rsquo;Atelier va permettre aux coachs sportifs, disposant d&rsquo;une carte professionnelle et un dipl\u00f4me d&rsquo;\u00e9tat, d&rsquo;obtenir davantage de visibilit\u00e9 et \u00eatre contact\u00e9s par les salles de remise en forme et les entreprises. Gr\u00e2ce au QUARTIER G\u00c9N\u00c9RAL,&nbsp; les salles de sport proposant des cours de boxe pieds poings et de [&hellip;]<\/p>\n","protected":false},"author":1,"featured_media":0,"parent":49,"menu_order":0,"comment_status":"closed","ping_status":"closed","template":"","meta":{"_acf_changed":false,"site-sidebar-layout":"no-sidebar","site-content-layout":"page-builder","ast-site-content-layout":"full-width-container","site-content-style":"unboxed","site-sidebar-style":"unboxed","ast-global-header-display":"","ast-banner-title-visibility":"","ast-main-header-display":"","ast-hfb-above-header-display":"","ast-hfb-below-header-display":"","ast-hfb-mobile-header-display":"","site-post-title":"disabled","ast-breadcrumbs-content":"","ast-featured-img":"disabled","footer-sml-layout":"","ast-disable-related-posts":"","theme-transparent-header-meta":"enabled","adv-header-id-meta":"","stick-header-meta":"","header-above-stick-meta":"","header-main-stick-meta":"","header-below-stick-meta":"","astra-migrate-meta-layouts":"set","ast-page-background-enabled":"default","ast-page-background-meta":{"desktop":{"background-color":"var(--ast-global-color-4)","background-image":"","background-repeat":"repeat","background-position":"center center","background-size":"auto","background-attachment":"scroll","background-type":"","background-media":"","overlay-type":"","overlay-color":"","overlay-opacity":"","overlay-gradient":""},"tablet":{"background-color":"","background-image":"","background-repeat":"repeat","background-position":"center center","background-size":"auto","background-attachment":"scroll","background-type":"","background-media":"","overlay-type":"","overlay-color":"","overlay-opacity":"","overlay-gradient":""},"mobile":{"background-color":"","background-image":"","background-repeat":"repeat","background-position":"center center","background-size":"auto","background-attachment":"scroll","background-type":"","background-media":"","overlay-type":"","overlay-color":"","overlay-opacity":"","overlay-gradient":""}},"ast-content-background-meta":{"desktop":{"background-color":"var(--ast-global-color-5)","background-image":"","background-repeat":"repeat","background-position":"center center","background-size":"auto","background-attachment":"scroll","background-type":"","background-media":"","overlay-type":"","overlay-color":"","overlay-opacity":"","overlay-gradient":""},"tablet":{"background-color":"var(--ast-global-color-5)","background-image":"","background-repeat":"repeat","background-position":"center center","background-size":"auto","background-attachment":"scroll","background-type":"","background-media":"","overlay-type":"","overlay-color":"","overlay-opacity":"","overlay-gradient":""},"mobile":{"background-color":"var(--ast-global-color-5)","background-image":"","background-repeat":"repeat","background-position":"center center","background-size":"auto","background-attachment":"scroll","background-type":"","background-media":"","overlay-type":"","overlay-color":"","overlay-opacity":"","overlay-gradient":""}},"footnotes":""},"class_list":["post-1889","page","type-page","status-publish","hentry"],"acf":[],"yoast_head":"<!-- This site is optimized with the Yoast SEO plugin v27.3 - https:\/\/yoast.com\/product\/yoast-seo-wordpress\/ -->\n<title>Le Q.G. des coachs - L&#039;Atelier l&#039;art de boxer<\/title>\n<meta name=\"robots\" content=\"index, follow, max-snippet:-1, max-image-preview:large, max-video-preview:-1\" \/>\n<link rel=\"canonical\" href=\"https:\/\/latelierlartdeboxer.com\/en\/the-q-g\/coaching\/\" \/>\n<meta property=\"og:locale\" content=\"en_GB\" \/>\n<meta property=\"og:type\" content=\"article\" \/>\n<meta property=\"og:title\" content=\"Le Q.G. des coachs - L&#039;Atelier l&#039;art de boxer\" \/>\n<meta property=\"og:description\" content=\"Le Quartier G\u00e9n\u00e9ral Le Q.G. des coachs L&rsquo;Atelier va permettre aux coachs sportifs, disposant d&rsquo;une carte professionnelle et un dipl\u00f4me d&rsquo;\u00e9tat, d&rsquo;obtenir davantage de visibilit\u00e9 et \u00eatre contact\u00e9s par les salles de remise en forme et les entreprises. Gr\u00e2ce au QUARTIER G\u00c9N\u00c9RAL,&nbsp; les salles de sport proposant des cours de boxe pieds poings et de [&hellip;]\" \/>\n<meta property=\"og:url\" content=\"https:\/\/latelierlartdeboxer.com\/en\/the-q-g\/coaching\/\" \/>\n<meta property=\"og:site_name\" content=\"L&#039;Atelier l&#039;art de boxer\" \/>\n<meta property=\"article:modified_time\" content=\"2024-11-01T07:55:30+00:00\" \/>\n<meta property=\"og:image\" content=\"https:\/\/latelierlartdeboxer.com\/wp-content\/uploads\/2023\/05\/logo-qg.png\" \/>\n\t<meta property=\"og:image:width\" content=\"1064\" \/>\n\t<meta property=\"og:image:height\" content=\"1064\" \/>\n\t<meta property=\"og:image:type\" content=\"image\/png\" \/>\n<meta name=\"twitter:card\" content=\"summary_large_image\" \/>\n<meta name=\"twitter:label1\" content=\"Estimated reading time\" \/>\n\t<meta name=\"twitter:data1\" content=\"2 minutes\" \/>\n<script type=\"application\/ld+json\" class=\"yoast-schema-graph\">{\"@context\":\"https:\\\/\\\/schema.org\",\"@graph\":[{\"@type\":\"WebPage\",\"@id\":\"https:\\\/\\\/latelierlartdeboxer.com\\\/le-q-g\\\/le-coaching\\\/\",\"url\":\"https:\\\/\\\/latelierlartdeboxer.com\\\/le-q-g\\\/le-coaching\\\/\",\"name\":\"Le Q.G. des coachs - L&#039;Atelier l&#039;art de boxer\",\"isPartOf\":{\"@id\":\"https:\\\/\\\/latelierlartdeboxer.com\\\/#website\"},\"datePublished\":\"2023-08-28T22:09:12+00:00\",\"dateModified\":\"2024-11-01T07:55:30+00:00\",\"breadcrumb\":{\"@id\":\"https:\\\/\\\/latelierlartdeboxer.com\\\/le-q-g\\\/le-coaching\\\/#breadcrumb\"},\"inLanguage\":\"en-GB\",\"potentialAction\":[{\"@type\":\"ReadAction\",\"target\":[\"https:\\\/\\\/latelierlartdeboxer.com\\\/le-q-g\\\/le-coaching\\\/\"]}]},{\"@type\":\"BreadcrumbList\",\"@id\":\"https:\\\/\\\/latelierlartdeboxer.com\\\/le-q-g\\\/le-coaching\\\/#breadcrumb\",\"itemListElement\":[{\"@type\":\"ListItem\",\"position\":1,\"name\":\"Accueil\",\"item\":\"https:\\\/\\\/latelierlartdeboxer.com\\\/\"},{\"@type\":\"ListItem\",\"position\":2,\"name\":\"Le Quartier G\u00e9n\u00e9ral\",\"item\":\"https:\\\/\\\/latelierlartdeboxer.com\\\/le-q-g\\\/\"},{\"@type\":\"ListItem\",\"position\":3,\"name\":\"Le Q.G. des coachs\"}]},{\"@type\":\"WebSite\",\"@id\":\"https:\\\/\\\/latelierlartdeboxer.com\\\/#website\",\"url\":\"https:\\\/\\\/latelierlartdeboxer.com\\\/\",\"name\":\"L&#039;Atelier l&#039;art de boxer\",\"description\":\"\",\"publisher\":{\"@id\":\"https:\\\/\\\/latelierlartdeboxer.com\\\/#organization\"},\"potentialAction\":[{\"@type\":\"SearchAction\",\"target\":{\"@type\":\"EntryPoint\",\"urlTemplate\":\"https:\\\/\\\/latelierlartdeboxer.com\\\/?s={search_term_string}\"},\"query-input\":{\"@type\":\"PropertyValueSpecification\",\"valueRequired\":true,\"valueName\":\"search_term_string\"}}],\"inLanguage\":\"en-GB\"},{\"@type\":\"Organization\",\"@id\":\"https:\\\/\\\/latelierlartdeboxer.com\\\/#organization\",\"name\":\"L&#039;Atelier l&#039;art de boxer\",\"url\":\"https:\\\/\\\/latelierlartdeboxer.com\\\/\",\"logo\":{\"@type\":\"ImageObject\",\"inLanguage\":\"en-GB\",\"@id\":\"https:\\\/\\\/latelierlartdeboxer.com\\\/#\\\/schema\\\/logo\\\/image\\\/\",\"url\":\"https:\\\/\\\/latelierlartdeboxer.com\\\/wp-content\\\/uploads\\\/2023\\\/05\\\/cropped-logo.png\",\"contentUrl\":\"https:\\\/\\\/latelierlartdeboxer.com\\\/wp-content\\\/uploads\\\/2023\\\/05\\\/cropped-logo.png\",\"width\":1062,\"height\":1062,\"caption\":\"L&#039;Atelier l&#039;art de boxer\"},\"image\":{\"@id\":\"https:\\\/\\\/latelierlartdeboxer.com\\\/#\\\/schema\\\/logo\\\/image\\\/\"}}]}<\/script>\n<!-- \/ Yoast SEO plugin. -->","yoast_head_json":{"title":"Coaches' HQ - The Art of Boxing Workshop","robots":{"index":"index","follow":"follow","max-snippet":"max-snippet:-1","max-image-preview":"max-image-preview:large","max-video-preview":"max-video-preview:-1"},"canonical":"https:\/\/latelierlartdeboxer.com\/en\/the-q-g\/coaching\/","og_locale":"en_GB","og_type":"article","og_title":"Le Q.G. des coachs - L&#039;Atelier l&#039;art de boxer","og_description":"Le Quartier G\u00e9n\u00e9ral Le Q.G. des coachs L&rsquo;Atelier va permettre aux coachs sportifs, disposant d&rsquo;une carte professionnelle et un dipl\u00f4me d&rsquo;\u00e9tat, d&rsquo;obtenir davantage de visibilit\u00e9 et \u00eatre contact\u00e9s par les salles de remise en forme et les entreprises. Gr\u00e2ce au QUARTIER G\u00c9N\u00c9RAL,&nbsp; les salles de sport proposant des cours de boxe pieds poings et de [&hellip;]","og_url":"https:\/\/latelierlartdeboxer.com\/en\/the-q-g\/coaching\/","og_site_name":"L&#039;Atelier l&#039;art de boxer","article_modified_time":"2024-11-01T07:55:30+00:00","og_image":[{"width":1064,"height":1064,"url":"https:\/\/latelierlartdeboxer.com\/wp-content\/uploads\/2023\/05\/logo-qg.png","type":"image\/png"}],"twitter_card":"summary_large_image","twitter_misc":{"Estimated reading time":"2 minutes"},"schema":{"@context":"https:\/\/schema.org","@graph":[{"@type":"WebPage","@id":"https:\/\/latelierlartdeboxer.com\/le-q-g\/le-coaching\/","url":"https:\/\/latelierlartdeboxer.com\/le-q-g\/le-coaching\/","name":"Coaches' HQ - The Art of Boxing Workshop","isPartOf":{"@id":"https:\/\/latelierlartdeboxer.com\/#website"},"datePublished":"2023-08-28T22:09:12+00:00","dateModified":"2024-11-01T07:55:30+00:00","breadcrumb":{"@id":"https:\/\/latelierlartdeboxer.com\/le-q-g\/le-coaching\/#breadcrumb"},"inLanguage":"en-GB","potentialAction":[{"@type":"ReadAction","target":["https:\/\/latelierlartdeboxer.com\/le-q-g\/le-coaching\/"]}]},{"@type":"BreadcrumbList","@id":"https:\/\/latelierlartdeboxer.com\/le-q-g\/le-coaching\/#breadcrumb","itemListElement":[{"@type":"ListItem","position":1,"name":"Accueil","item":"https:\/\/latelierlartdeboxer.com\/"},{"@type":"ListItem","position":2,"name":"Le Quartier G\u00e9n\u00e9ral","item":"https:\/\/latelierlartdeboxer.com\/le-q-g\/"},{"@type":"ListItem","position":3,"name":"Le Q.G. des coachs"}]},{"@type":"WebSite","@id":"https:\/\/latelierlartdeboxer.com\/#website","url":"https:\/\/latelierlartdeboxer.com\/","name":"The Art of Boxing Workshop","description":"","publisher":{"@id":"https:\/\/latelierlartdeboxer.com\/#organization"},"potentialAction":[{"@type":"SearchAction","target":{"@type":"EntryPoint","urlTemplate":"https:\/\/latelierlartdeboxer.com\/?s={search_term_string}"},"query-input":{"@type":"PropertyValueSpecification","valueRequired":true,"valueName":"search_term_string"}}],"inLanguage":"en-GB"},{"@type":"Organization","@id":"https:\/\/latelierlartdeboxer.com\/#organization","name":"The Art of Boxing Workshop","url":"https:\/\/latelierlartdeboxer.com\/","logo":{"@type":"ImageObject","inLanguage":"en-GB","@id":"https:\/\/latelierlartdeboxer.com\/#\/schema\/logo\/image\/","url":"https:\/\/latelierlartdeboxer.com\/wp-content\/uploads\/2023\/05\/cropped-logo.png","contentUrl":"https:\/\/latelierlartdeboxer.com\/wp-content\/uploads\/2023\/05\/cropped-logo.png","width":1062,"height":1062,"caption":"L&#039;Atelier l&#039;art de boxer"},"image":{"@id":"https:\/\/latelierlartdeboxer.com\/#\/schema\/logo\/image\/"}}]}},"_links":{"self":[{"href":"https:\/\/latelierlartdeboxer.com\/en\/wp-json\/wp\/v2\/pages\/1889","targetHints":{"allow":["GET"]}}],"collection":[{"href":"https:\/\/latelierlartdeboxer.com\/en\/wp-json\/wp\/v2\/pages"}],"about":[{"href":"https:\/\/latelierlartdeboxer.com\/en\/wp-json\/wp\/v2\/types\/page"}],"author":[{"embeddable":true,"href":"https:\/\/latelierlartdeboxer.com\/en\/wp-json\/wp\/v2\/users\/1"}],"replies":[{"embeddable":true,"href":"https:\/\/latelierlartdeboxer.com\/en\/wp-json\/wp\/v2\/comments?post=1889"}],"version-history":[{"count":27,"href":"https:\/\/latelierlartdeboxer.com\/en\/wp-json\/wp\/v2\/pages\/1889\/revisions"}],"predecessor-version":[{"id":3503,"href":"https:\/\/latelierlartdeboxer.com\/en\/wp-json\/wp\/v2\/pages\/1889\/revisions\/3503"}],"up":[{"embeddable":true,"href":"https:\/\/latelierlartdeboxer.com\/en\/wp-json\/wp\/v2\/pages\/49"}],"wp:attachment":[{"href":"https:\/\/latelierlartdeboxer.com\/en\/wp-json\/wp\/v2\/media?parent=1889"}],"curies":[{"name":"wp","href":"https:\/\/api.w.org\/{rel}","templated":true}]}}