{"id":55,"date":"2023-05-11T08:53:16","date_gmt":"2023-05-11T06:53:16","guid":{"rendered":"https:\/\/latelierlartdeboxer.com\/?page_id=55"},"modified":"2024-11-01T08:42:56","modified_gmt":"2024-11-01T07:42:56","slug":"%d9%85%d9%86%d8%b2%d9%84-%d8%a7%d9%84%d9%86%d8%a7%d8%af%d9%8a","status":"publish","type":"page","link":"https:\/\/latelierlartdeboxer.com\/ar\/le-q-g\/club-house\/","title":{"rendered":"\u0628\u064a\u062a \u0627\u0644\u0646\u0627\u062f\u064a"},"content":{"rendered":"<div data-elementor-type=\"wp-page\" data-elementor-id=\"55\" class=\"elementor elementor-55\" wpc-filter-elementor-widget=\"1\" data-elementor-post-type=\"page\">\n\t\t\t\t<div class=\"elementor-element elementor-element-6f5eb89 e-flex e-con-boxed e-con e-parent\" data-id=\"6f5eb89\" data-element_type=\"container\" data-e-type=\"container\" data-settings=\"{&quot;background_background&quot;:&quot;classic&quot;}\">\n\t\t\t\t\t<div class=\"e-con-inner\">\n\t\t\t\t<div class=\"elementor-element elementor-element-f798695 elementor-widget elementor-widget-heading\" data-id=\"f798695\" data-element_type=\"widget\" data-e-type=\"widget\" data-widget_type=\"heading.default\">\n\t\t\t\t<div class=\"elementor-widget-container\">\n\t\t\t\t\t<h3 class=\"elementor-heading-title elementor-size-default\">\u0627\u0644\u0645\u0642\u0631 \u0627\u0644\u0631\u0626\u064a\u0633\u064a<\/h3>\t\t\t\t<\/div>\n\t\t\t\t<\/div>\n\t\t\t\t<div class=\"elementor-element elementor-element-ba05d44 elementor-widget-divider--view-line elementor-widget elementor-widget-divider\" data-id=\"ba05d44\" data-element_type=\"widget\" data-e-type=\"widget\" data-widget_type=\"divider.default\">\n\t\t\t\t<div class=\"elementor-widget-container\">\n\t\t\t\t\t\t\t<div class=\"elementor-divider\">\n\t\t\t<span class=\"elementor-divider-separator\">\n\t\t\t\t\t\t<\/span>\n\t\t<\/div>\n\t\t\t\t\t\t<\/div>\n\t\t\t\t<\/div>\n\t\t\t\t<div class=\"elementor-element elementor-element-b7ca8ff elementor-widget elementor-widget-heading\" data-id=\"b7ca8ff\" data-element_type=\"widget\" data-e-type=\"widget\" data-widget_type=\"heading.default\">\n\t\t\t\t<div class=\"elementor-widget-container\">\n\t\t\t\t\t<h1 class=\"elementor-heading-title elementor-size-default\">\u0628\u064a\u062a \u0627\u0644\u0646\u0627\u062f\u064a<\/h1>\t\t\t\t<\/div>\n\t\t\t\t<\/div>\n\t\t\t\t\t<\/div>\n\t\t\t\t<\/div>\n\t\t<div class=\"elementor-element elementor-element-73b25f9 e-flex e-con-boxed e-con e-parent\" data-id=\"73b25f9\" data-element_type=\"container\" data-e-type=\"container\">\n\t\t\t\t\t<div class=\"e-con-inner\">\n\t\t\t\t<div class=\"elementor-element elementor-element-11efc68 elementor-widget elementor-widget-image\" data-id=\"11efc68\" data-element_type=\"widget\" data-e-type=\"widget\" data-widget_type=\"image.default\">\n\t\t\t\t<div class=\"elementor-widget-container\">\n\t\t\t\t\t\t\t\t\t\t\t\t\t\t\t<img fetchpriority=\"high\" decoding=\"async\" width=\"300\" height=\"300\" src=\"https:\/\/latelierlartdeboxer.com\/wp-content\/uploads\/2023\/05\/logo-qg-300x300.png\" class=\"attachment-medium size-medium wp-image-282\" alt=\"\" srcset=\"https:\/\/latelierlartdeboxer.com\/wp-content\/uploads\/2023\/05\/logo-qg-300x300.png 300w, https:\/\/latelierlartdeboxer.com\/wp-content\/uploads\/2023\/05\/logo-qg-100x100.png 100w, https:\/\/latelierlartdeboxer.com\/wp-content\/uploads\/2023\/05\/logo-qg-600x600.png 600w, https:\/\/latelierlartdeboxer.com\/wp-content\/uploads\/2023\/05\/logo-qg-1024x1024.png 1024w, https:\/\/latelierlartdeboxer.com\/wp-content\/uploads\/2023\/05\/logo-qg-150x150.png 150w, https:\/\/latelierlartdeboxer.com\/wp-content\/uploads\/2023\/05\/logo-qg-768x768.png 768w, https:\/\/latelierlartdeboxer.com\/wp-content\/uploads\/2023\/05\/logo-qg.png 1064w\" sizes=\"(max-width: 300px) 100vw, 300px\" \/>\t\t\t\t\t\t\t\t\t\t\t\t\t\t\t<\/div>\n\t\t\t\t<\/div>\n\t\t\t\t\t<\/div>\n\t\t\t\t<\/div>\n\t\t<div class=\"elementor-element elementor-element-1d9d33a e-flex e-con-boxed e-con e-parent\" data-id=\"1d9d33a\" data-element_type=\"container\" data-e-type=\"container\">\n\t\t\t\t\t<div class=\"e-con-inner\">\n\t\t<div class=\"elementor-element elementor-element-ecdb29e e-con-full e-flex e-con e-child\" data-id=\"ecdb29e\" data-element_type=\"container\" data-e-type=\"container\">\n\t\t\t\t<div class=\"elementor-element elementor-element-fe52fa1 elementor-widget elementor-widget-text-editor\" data-id=\"fe52fa1\" data-element_type=\"widget\" data-e-type=\"widget\" data-widget_type=\"text-editor.default\">\n\t\t\t\t<div class=\"elementor-widget-container\">\n\t\t\t\t\t\t\t\t\t<p>\u0645\u0631\u062d\u0628\u0627\u064b \u0628\u0643 \u0641\u064a \u0627\u0644\u0645\u0646\u0635\u0629 \u0627\u0644\u062a\u064a \u0633\u062a\u0645\u0643\u0646\u0643 \u0645\u0646 \u0627\u0644\u062a\u062f\u0631\u064a\u0628 \u0628\u0627\u0644\u0642\u0631\u0628 \u0645\u0646 \u0645\u0646\u0632\u0644\u0643 \u0648\u0641\u064a \u0627\u0644\u0623\u0648\u0642\u0627\u062a \u0627\u0644\u062a\u064a \u062a\u062e\u062a\u0627\u0631\u0647\u0627!<\/p>\n<p>\u064a\u0645\u0646\u062d\u0643 Le Quartier G\u00e9n\u00e9ral \u0627\u0644\u0641\u0631\u0635\u0629 \u0644\u0632\u064a\u0627\u0631\u0629 \u0625\u062d\u062f\u0649 \u0627\u0644\u0645\u0624\u0633\u0633\u0627\u062a \u0627\u0644\u0631\u064a\u0627\u0636\u064a\u0629 \u0644\u062d\u0636\u0648\u0631 \u062c\u0644\u0633\u0629 \u062a\u062f\u0631\u064a\u0628\u064a\u0629. \u0645\u0646 \u062e\u0644\u0627\u0644 \u0627\u0644\u062a\u0633\u062c\u064a\u0644 \u0641\u064a \u0642\u0627\u0639\u062f\u0629 \u0628\u064a\u0627\u0646\u0627\u062a\u0646\u0627\u060c \u0633\u062a\u062a\u0645\u0643\u0646 \u0645\u0646 \u0627\u0644\u0628\u062d\u062b \u0639\u0646 \u0646\u0627\u062f\u064d \u0641\u064a \u0645\u0646\u0637\u0642\u062a\u0643 \u0645\u0641\u062a\u0648\u062d \u0644\u0644\u0639\u0645\u0644\u060c \u062d\u062a\u0649 \u0648\u0625\u0646 \u0644\u0645 \u062a\u0643\u0646 \u0639\u0636\u0648\u0627\u064b \u0641\u064a\u0647.<\/p>\n<p>\u0633\u062a\u062a\u064a\u062d \u0644\u0643 \u0647\u0630\u0647 \u0627\u0644\u0623\u0646\u062f\u064a\u0629 \u0645\u0631\u0627\u0641\u0642\u0647\u0627 \u0628\u062d\u064a\u062b \u064a\u0645\u0643\u0646\u0643 \u0627\u0644\u062a\u062f\u0631\u064a\u0628 \u0644\u0628\u0636\u0639 \u0633\u0627\u0639\u0627\u062a \u0641\u064a \u0627\u0644\u064a\u0648\u0645\u060c \u0648\u0630\u0644\u0643 \u062d\u0633\u0628 \u062a\u0648\u0641\u0631\u0647\u0627.<\/p>\n<p>\u0644\u0644\u0642\u064a\u0627\u0645 \u0628\u0630\u0644\u0643\u060c \u0642\u0645 \u0628\u0627\u0644\u062a\u0633\u062c\u064a\u0644 \u0641\u064a \u0645\u0646\u0635\u0629 Quartier G\u00e9n\u00e9ral\u060c \u0648\u0627\u0644\u062a\u064a \u0633\u062a\u062a\u064a\u062d \u0644\u0643 \u0627\u0644\u0648\u0635\u0648\u0644 \u0625\u0644\u0649 \u0642\u0627\u0626\u0645\u0629 \u0627\u0644\u0645\u0631\u0627\u0641\u0642 \u0627\u0644\u0645\u062e\u062a\u0644\u0641\u0629 \u0627\u0644\u062a\u064a \u062a\u0642\u062f\u0645 \u0641\u062a\u0631\u0627\u062a \u062a\u062f\u0631\u064a\u0628 \u0644\u0645\u062f\u0629 \u0633\u0627\u0639\u0629 \u0623\u0648 \u0633\u0627\u0639\u062a\u064a\u0646 \u0623\u0648 \u062b\u0644\u0627\u062b \u0633\u0627\u0639\u0627\u062a \u0641\u064a \u0638\u0631\u0648\u0641 \u0645\u062b\u0627\u0644\u064a\u0629 \u0648\u0645\u0639 \u0627\u0644\u0645\u0639\u062f\u0627\u062a \u0627\u0644\u0645\u0646\u0627\u0633\u0628\u0629.<\/p>\n<p>\u062a\u0648\u0627\u0635\u0644 \u0645\u0639\u0647\u0645 \u0644\u0648\u0636\u0639 \u0627\u0644\u0644\u0645\u0633\u0627\u062a \u0627\u0644\u0623\u062e\u064a\u0631\u0629 \u0639\u0644\u0649 \u0627\u0644\u0634\u0631\u0648\u0637 \u0648\u0627\u0644\u0623\u062d\u0643\u0627\u0645.<\/p>\t\t\t\t\t\t\t\t<\/div>\n\t\t\t\t<\/div>\n\t\t\t\t<\/div>\n\t\t\t\t\t<\/div>\n\t\t\t\t<\/div>\n\t\t<div class=\"elementor-element elementor-element-adec3b4 e-flex e-con-boxed e-con e-parent\" data-id=\"adec3b4\" data-element_type=\"container\" data-e-type=\"container\">\n\t\t\t\t\t<div class=\"e-con-inner\">\n\t\t\t\t<div class=\"elementor-element elementor-element-f1fb885 elementor-widget elementor-widget-button\" data-id=\"f1fb885\" data-element_type=\"widget\" data-e-type=\"widget\" data-widget_type=\"button.default\">\n\t\t\t\t<div class=\"elementor-widget-container\">\n\t\t\t\t\t\t\t\t\t<div class=\"elementor-button-wrapper\">\n\t\t\t\t\t<a class=\"elementor-button elementor-button-link elementor-size-sm\" href=\"https:\/\/qg.latelierlartdeboxer.com\">\n\t\t\t\t\t\t<span class=\"elementor-button-content-wrapper\">\n\t\t\t\t\t\t<span class=\"elementor-button-icon\">\n\t\t\t\t<i aria-hidden=\"true\" class=\"fas fa-angle-right\"><\/i>\t\t\t<\/span>\n\t\t\t\t\t\t\t\t\t<span class=\"elementor-button-text\">\u0645\u0646\u0635\u0629 \u0627\u0644\u0645\u0642\u0631 \u0627\u0644\u0631\u0626\u064a\u0633\u064a \u0627\u0644\u0631\u0642\u0645\u064a\u0629<\/span>\n\t\t\t\t\t<\/span>\n\t\t\t\t\t<\/a>\n\t\t\t\t<\/div>\n\t\t\t\t\t\t\t\t<\/div>\n\t\t\t\t<\/div>\n\t\t\t\t\t<\/div>\n\t\t\t\t<\/div>\n\t\t\t\t<\/div>","protected":false},"excerpt":{"rendered":"<p>Le Quartier G\u00e9n\u00e9ral Le Club House Bienvenue sur la plateforme qui va vous permettre de vous entrainer pr\u00e8s de chez vous et aux horaires de votre choix ! Le Quartier G\u00e9n\u00e9ral vous donne la possibilit\u00e9 de vous rendre dans un \u00e9tablissement sportif afin de pouvoir effectuer une s\u00e9ance d\u2019entrainement. En vous inscrivant dans notre base [&hellip;]<\/p>\n","protected":false},"author":1,"featured_media":0,"parent":49,"menu_order":0,"comment_status":"closed","ping_status":"closed","template":"","meta":{"_acf_changed":false,"site-sidebar-layout":"no-sidebar","site-content-layout":"page-builder","ast-site-content-layout":"default","site-content-style":"default","site-sidebar-style":"default","ast-global-header-display":"","ast-banner-title-visibility":"","ast-main-header-display":"","ast-hfb-above-header-display":"","ast-hfb-below-header-display":"","ast-hfb-mobile-header-display":"","site-post-title":"disabled","ast-breadcrumbs-content":"","ast-featured-img":"disabled","footer-sml-layout":"","ast-disable-related-posts":"","theme-transparent-header-meta":"enabled","adv-header-id-meta":"","stick-header-meta":"","header-above-stick-meta":"","header-main-stick-meta":"","header-below-stick-meta":"","astra-migrate-meta-layouts":"default","ast-page-background-enabled":"default","ast-page-background-meta":{"desktop":{"background-color":"var(--ast-global-color-4)","background-image":"","background-repeat":"repeat","background-position":"center center","background-size":"auto","background-attachment":"scroll","background-type":"","background-media":"","overlay-type":"","overlay-color":"","overlay-opacity":"","overlay-gradient":""},"tablet":{"background-color":"","background-image":"","background-repeat":"repeat","background-position":"center center","background-size":"auto","background-attachment":"scroll","background-type":"","background-media":"","overlay-type":"","overlay-color":"","overlay-opacity":"","overlay-gradient":""},"mobile":{"background-color":"","background-image":"","background-repeat":"repeat","background-position":"center center","background-size":"auto","background-attachment":"scroll","background-type":"","background-media":"","overlay-type":"","overlay-color":"","overlay-opacity":"","overlay-gradient":""}},"ast-content-background-meta":{"desktop":{"background-color":"var(--ast-global-color-5)","background-image":"","background-repeat":"repeat","background-position":"center center","background-size":"auto","background-attachment":"scroll","background-type":"","background-media":"","overlay-type":"","overlay-color":"","overlay-opacity":"","overlay-gradient":""},"tablet":{"background-color":"var(--ast-global-color-5)","background-image":"","background-repeat":"repeat","background-position":"center center","background-size":"auto","background-attachment":"scroll","background-type":"","background-media":"","overlay-type":"","overlay-color":"","overlay-opacity":"","overlay-gradient":""},"mobile":{"background-color":"var(--ast-global-color-5)","background-image":"","background-repeat":"repeat","background-position":"center center","background-size":"auto","background-attachment":"scroll","background-type":"","background-media":"","overlay-type":"","overlay-color":"","overlay-opacity":"","overlay-gradient":""}},"footnotes":""},"class_list":["post-55","page","type-page","status-publish","hentry"],"acf":[],"yoast_head":"<!-- This site is optimized with the Yoast SEO plugin v27.4 - https:\/\/yoast.com\/product\/yoast-seo-wordpress\/ -->\n<title>Le Club House - L&#039;Atelier l&#039;art de boxer<\/title>\n<meta name=\"robots\" content=\"index, follow, max-snippet:-1, max-image-preview:large, max-video-preview:-1\" \/>\n<link rel=\"canonical\" href=\"https:\/\/latelierlartdeboxer.com\/ar\/\u0627\u0644-q-g\/\u0645\u0646\u0632\u0644-\u0627\u0644\u0646\u0627\u062f\u064a\/\" \/>\n<meta property=\"og:locale\" content=\"ar_AR\" \/>\n<meta property=\"og:type\" content=\"article\" \/>\n<meta property=\"og:title\" content=\"Le Club House - L&#039;Atelier l&#039;art de boxer\" \/>\n<meta property=\"og:description\" content=\"Le Quartier G\u00e9n\u00e9ral Le Club House Bienvenue sur la plateforme qui va vous permettre de vous entrainer pr\u00e8s de chez vous et aux horaires de votre choix ! Le Quartier G\u00e9n\u00e9ral vous donne la possibilit\u00e9 de vous rendre dans un \u00e9tablissement sportif afin de pouvoir effectuer une s\u00e9ance d\u2019entrainement. En vous inscrivant dans notre base [&hellip;]\" \/>\n<meta property=\"og:url\" content=\"https:\/\/latelierlartdeboxer.com\/ar\/\u0627\u0644-q-g\/\u0645\u0646\u0632\u0644-\u0627\u0644\u0646\u0627\u062f\u064a\/\" \/>\n<meta property=\"og:site_name\" content=\"L&#039;Atelier l&#039;art de boxer\" \/>\n<meta property=\"article:modified_time\" content=\"2024-11-01T07:42:56+00:00\" \/>\n<meta property=\"og:image\" content=\"https:\/\/latelierlartdeboxer.com\/wp-content\/uploads\/2023\/05\/logo-qg.png\" \/>\n\t<meta property=\"og:image:width\" content=\"1064\" \/>\n\t<meta property=\"og:image:height\" content=\"1064\" \/>\n\t<meta property=\"og:image:type\" content=\"image\/png\" \/>\n<meta name=\"twitter:card\" content=\"summary_large_image\" \/>\n<meta name=\"twitter:label1\" content=\"\u0648\u0642\u062a \u0627\u0644\u0642\u0631\u0627\u0621\u0629 \u0627\u0644\u0645\u064f\u0642\u062f\u0651\u0631\" \/>\n\t<meta name=\"twitter:data1\" content=\"\u062f\u0642\u064a\u0642\u0629 \u0648\u0627\u062d\u062f\u0629\" \/>\n<script type=\"application\/ld+json\" class=\"yoast-schema-graph\">{\"@context\":\"https:\\\/\\\/schema.org\",\"@graph\":[{\"@type\":\"WebPage\",\"@id\":\"https:\\\/\\\/latelierlartdeboxer.com\\\/le-q-g\\\/club-house\\\/\",\"url\":\"https:\\\/\\\/latelierlartdeboxer.com\\\/le-q-g\\\/club-house\\\/\",\"name\":\"Le Club House - L&#039;Atelier l&#039;art de boxer\",\"isPartOf\":{\"@id\":\"https:\\\/\\\/latelierlartdeboxer.com\\\/#website\"},\"datePublished\":\"2023-05-11T06:53:16+00:00\",\"dateModified\":\"2024-11-01T07:42:56+00:00\",\"breadcrumb\":{\"@id\":\"https:\\\/\\\/latelierlartdeboxer.com\\\/le-q-g\\\/club-house\\\/#breadcrumb\"},\"inLanguage\":\"ar\",\"potentialAction\":[{\"@type\":\"ReadAction\",\"target\":[\"https:\\\/\\\/latelierlartdeboxer.com\\\/le-q-g\\\/club-house\\\/\"]}]},{\"@type\":\"BreadcrumbList\",\"@id\":\"https:\\\/\\\/latelierlartdeboxer.com\\\/le-q-g\\\/club-house\\\/#breadcrumb\",\"itemListElement\":[{\"@type\":\"ListItem\",\"position\":1,\"name\":\"Accueil\",\"item\":\"https:\\\/\\\/latelierlartdeboxer.com\\\/\"},{\"@type\":\"ListItem\",\"position\":2,\"name\":\"Le Quartier G\u00e9n\u00e9ral\",\"item\":\"https:\\\/\\\/latelierlartdeboxer.com\\\/le-q-g\\\/\"},{\"@type\":\"ListItem\",\"position\":3,\"name\":\"Le Club House\"}]},{\"@type\":\"WebSite\",\"@id\":\"https:\\\/\\\/latelierlartdeboxer.com\\\/#website\",\"url\":\"https:\\\/\\\/latelierlartdeboxer.com\\\/\",\"name\":\"L&#039;Atelier l&#039;art de boxer\",\"description\":\"\",\"publisher\":{\"@id\":\"https:\\\/\\\/latelierlartdeboxer.com\\\/#organization\"},\"potentialAction\":[{\"@type\":\"SearchAction\",\"target\":{\"@type\":\"EntryPoint\",\"urlTemplate\":\"https:\\\/\\\/latelierlartdeboxer.com\\\/?s={search_term_string}\"},\"query-input\":{\"@type\":\"PropertyValueSpecification\",\"valueRequired\":true,\"valueName\":\"search_term_string\"}}],\"inLanguage\":\"ar\"},{\"@type\":\"Organization\",\"@id\":\"https:\\\/\\\/latelierlartdeboxer.com\\\/#organization\",\"name\":\"L&#039;Atelier l&#039;art de boxer\",\"url\":\"https:\\\/\\\/latelierlartdeboxer.com\\\/\",\"logo\":{\"@type\":\"ImageObject\",\"inLanguage\":\"ar\",\"@id\":\"https:\\\/\\\/latelierlartdeboxer.com\\\/#\\\/schema\\\/logo\\\/image\\\/\",\"url\":\"https:\\\/\\\/latelierlartdeboxer.com\\\/wp-content\\\/uploads\\\/2023\\\/05\\\/cropped-logo.png\",\"contentUrl\":\"https:\\\/\\\/latelierlartdeboxer.com\\\/wp-content\\\/uploads\\\/2023\\\/05\\\/cropped-logo.png\",\"width\":1062,\"height\":1062,\"caption\":\"L&#039;Atelier l&#039;art de boxer\"},\"image\":{\"@id\":\"https:\\\/\\\/latelierlartdeboxer.com\\\/#\\\/schema\\\/logo\\\/image\\\/\"}}]}<\/script>\n<!-- \/ Yoast SEO plugin. -->","yoast_head_json":{"title":"\u0628\u064a\u062a \u0627\u0644\u0646\u0627\u062f\u064a - \u0648\u0631\u0634\u0629 \u0639\u0645\u0644 \u0641\u0646 \u0627\u0644\u0645\u0644\u0627\u0643\u0645\u0629 - \u0641\u0646 \u0627\u0644\u0645\u0644\u0627\u0643\u0645\u0629","robots":{"index":"index","follow":"follow","max-snippet":"max-snippet:-1","max-image-preview":"max-image-preview:large","max-video-preview":"max-video-preview:-1"},"canonical":"https:\/\/latelierlartdeboxer.com\/ar\/\u0627\u0644-q-g\/\u0645\u0646\u0632\u0644-\u0627\u0644\u0646\u0627\u062f\u064a\/","og_locale":"ar_AR","og_type":"article","og_title":"Le Club House - L&#039;Atelier l&#039;art de boxer","og_description":"Le Quartier G\u00e9n\u00e9ral Le Club House Bienvenue sur la plateforme qui va vous permettre de vous entrainer pr\u00e8s de chez vous et aux horaires de votre choix ! Le Quartier G\u00e9n\u00e9ral vous donne la possibilit\u00e9 de vous rendre dans un \u00e9tablissement sportif afin de pouvoir effectuer une s\u00e9ance d\u2019entrainement. En vous inscrivant dans notre base [&hellip;]","og_url":"https:\/\/latelierlartdeboxer.com\/ar\/\u0627\u0644-q-g\/\u0645\u0646\u0632\u0644-\u0627\u0644\u0646\u0627\u062f\u064a\/","og_site_name":"L&#039;Atelier l&#039;art de boxer","article_modified_time":"2024-11-01T07:42:56+00:00","og_image":[{"width":1064,"height":1064,"url":"https:\/\/latelierlartdeboxer.com\/wp-content\/uploads\/2023\/05\/logo-qg.png","type":"image\/png"}],"twitter_card":"summary_large_image","twitter_misc":{"\u0648\u0642\u062a \u0627\u0644\u0642\u0631\u0627\u0621\u0629 \u0627\u0644\u0645\u064f\u0642\u062f\u0651\u0631":"\u062f\u0642\u064a\u0642\u0629 \u0648\u0627\u062d\u062f\u0629"},"schema":{"@context":"https:\/\/schema.org","@graph":[{"@type":"WebPage","@id":"https:\/\/latelierlartdeboxer.com\/le-q-g\/club-house\/","url":"https:\/\/latelierlartdeboxer.com\/le-q-g\/club-house\/","name":"\u0628\u064a\u062a \u0627\u0644\u0646\u0627\u062f\u064a - \u0648\u0631\u0634\u0629 \u0639\u0645\u0644 \u0641\u0646 \u0627\u0644\u0645\u0644\u0627\u0643\u0645\u0629 - \u0641\u0646 \u0627\u0644\u0645\u0644\u0627\u0643\u0645\u0629","isPartOf":{"@id":"https:\/\/latelierlartdeboxer.com\/#website"},"datePublished":"2023-05-11T06:53:16+00:00","dateModified":"2024-11-01T07:42:56+00:00","breadcrumb":{"@id":"https:\/\/latelierlartdeboxer.com\/le-q-g\/club-house\/#breadcrumb"},"inLanguage":"ar","potentialAction":[{"@type":"ReadAction","target":["https:\/\/latelierlartdeboxer.com\/le-q-g\/club-house\/"]}]},{"@type":"BreadcrumbList","@id":"https:\/\/latelierlartdeboxer.com\/le-q-g\/club-house\/#breadcrumb","itemListElement":[{"@type":"ListItem","position":1,"name":"Accueil","item":"https:\/\/latelierlartdeboxer.com\/"},{"@type":"ListItem","position":2,"name":"Le Quartier G\u00e9n\u00e9ral","item":"https:\/\/latelierlartdeboxer.com\/le-q-g\/"},{"@type":"ListItem","position":3,"name":"Le Club House"}]},{"@type":"WebSite","@id":"https:\/\/latelierlartdeboxer.com\/#website","url":"https:\/\/latelierlartdeboxer.com\/","name":"\u0648\u0631\u0634\u0629 \u0639\u0645\u0644 \u0641\u0646 \u0627\u0644\u0645\u0644\u0627\u0643\u0645\u0629","description":"","publisher":{"@id":"https:\/\/latelierlartdeboxer.com\/#organization"},"potentialAction":[{"@type":"SearchAction","target":{"@type":"EntryPoint","urlTemplate":"https:\/\/latelierlartdeboxer.com\/?s={search_term_string}"},"query-input":{"@type":"PropertyValueSpecification","valueRequired":true,"valueName":"search_term_string"}}],"inLanguage":"ar"},{"@type":"Organization","@id":"https:\/\/latelierlartdeboxer.com\/#organization","name":"\u0648\u0631\u0634\u0629 \u0639\u0645\u0644 \u0641\u0646 \u0627\u0644\u0645\u0644\u0627\u0643\u0645\u0629","url":"https:\/\/latelierlartdeboxer.com\/","logo":{"@type":"ImageObject","inLanguage":"ar","@id":"https:\/\/latelierlartdeboxer.com\/#\/schema\/logo\/image\/","url":"https:\/\/latelierlartdeboxer.com\/wp-content\/uploads\/2023\/05\/cropped-logo.png","contentUrl":"https:\/\/latelierlartdeboxer.com\/wp-content\/uploads\/2023\/05\/cropped-logo.png","width":1062,"height":1062,"caption":"L&#039;Atelier l&#039;art de boxer"},"image":{"@id":"https:\/\/latelierlartdeboxer.com\/#\/schema\/logo\/image\/"}}]}},"_links":{"self":[{"href":"https:\/\/latelierlartdeboxer.com\/ar\/wp-json\/wp\/v2\/pages\/55","targetHints":{"allow":["GET"]}}],"collection":[{"href":"https:\/\/latelierlartdeboxer.com\/ar\/wp-json\/wp\/v2\/pages"}],"about":[{"href":"https:\/\/latelierlartdeboxer.com\/ar\/wp-json\/wp\/v2\/types\/page"}],"author":[{"embeddable":true,"href":"https:\/\/latelierlartdeboxer.com\/ar\/wp-json\/wp\/v2\/users\/1"}],"replies":[{"embeddable":true,"href":"https:\/\/latelierlartdeboxer.com\/ar\/wp-json\/wp\/v2\/comments?post=55"}],"version-history":[{"count":33,"href":"https:\/\/latelierlartdeboxer.com\/ar\/wp-json\/wp\/v2\/pages\/55\/revisions"}],"predecessor-version":[{"id":3497,"href":"https:\/\/latelierlartdeboxer.com\/ar\/wp-json\/wp\/v2\/pages\/55\/revisions\/3497"}],"up":[{"embeddable":true,"href":"https:\/\/latelierlartdeboxer.com\/ar\/wp-json\/wp\/v2\/pages\/49"}],"wp:attachment":[{"href":"https:\/\/latelierlartdeboxer.com\/ar\/wp-json\/wp\/v2\/media?parent=55"}],"curies":[{"name":"wp","href":"https:\/\/api.w.org\/{rel}","templated":true}]}}