{"id":35,"date":"2023-05-11T08:48:28","date_gmt":"2023-05-11T06:48:28","guid":{"rendered":"https:\/\/latelierlartdeboxer.com\/?page_id=35"},"modified":"2024-04-15T23:52:20","modified_gmt":"2024-04-15T21:52:20","slug":"%d8%a7%d9%84%d8%aa%d8%ad%d8%af%d9%8a%d8%a7%d8%aa","status":"publish","type":"page","link":"https:\/\/latelierlartdeboxer.com\/ar\/le-labo\/les-challenges\/","title":{"rendered":"\u0627\u0644\u062a\u062d\u062f\u064a\u0627\u062a"},"content":{"rendered":"<div data-elementor-type=\"wp-page\" data-elementor-id=\"35\" class=\"elementor elementor-35\" wpc-filter-elementor-widget=\"1\" data-elementor-post-type=\"page\">\n\t\t\t\t<div class=\"elementor-element elementor-element-b5c2823 e-flex e-con-boxed e-con e-parent\" data-id=\"b5c2823\" data-element_type=\"container\" data-e-type=\"container\" data-settings=\"{&quot;background_background&quot;:&quot;classic&quot;}\">\n\t\t\t\t\t<div class=\"e-con-inner\">\n\t\t\t\t<div class=\"elementor-element elementor-element-5f37c34 elementor-widget elementor-widget-heading\" data-id=\"5f37c34\" data-element_type=\"widget\" data-e-type=\"widget\" data-widget_type=\"heading.default\">\n\t\t\t\t<div class=\"elementor-widget-container\">\n\t\t\t\t\t<h3 class=\"elementor-heading-title elementor-size-default\">\u0627\u0644\u0645\u062e\u062a\u0628\u0631<\/h3>\t\t\t\t<\/div>\n\t\t\t\t<\/div>\n\t\t\t\t<div class=\"elementor-element elementor-element-d355ed8 elementor-widget-divider--view-line elementor-widget elementor-widget-divider\" data-id=\"d355ed8\" data-element_type=\"widget\" data-e-type=\"widget\" data-widget_type=\"divider.default\">\n\t\t\t\t<div class=\"elementor-widget-container\">\n\t\t\t\t\t\t\t<div class=\"elementor-divider\">\n\t\t\t<span class=\"elementor-divider-separator\">\n\t\t\t\t\t\t<\/span>\n\t\t<\/div>\n\t\t\t\t\t\t<\/div>\n\t\t\t\t<\/div>\n\t\t\t\t<div class=\"elementor-element elementor-element-180b393 elementor-widget elementor-widget-heading\" data-id=\"180b393\" data-element_type=\"widget\" data-e-type=\"widget\" data-widget_type=\"heading.default\">\n\t\t\t\t<div class=\"elementor-widget-container\">\n\t\t\t\t\t<h1 class=\"elementor-heading-title elementor-size-default\">\u0627\u0644\u062a\u062d\u062f\u064a\u0627\u062a <\/h1>\t\t\t\t<\/div>\n\t\t\t\t<\/div>\n\t\t\t\t\t<\/div>\n\t\t\t\t<\/div>\n\t\t<div class=\"elementor-element elementor-element-ee2f13d e-flex e-con-boxed e-con e-parent\" data-id=\"ee2f13d\" data-element_type=\"container\" data-e-type=\"container\">\n\t\t\t\t\t<div class=\"e-con-inner\">\n\t\t\t\t<div class=\"elementor-element elementor-element-237f7ab elementor-widget elementor-widget-image\" data-id=\"237f7ab\" data-element_type=\"widget\" data-e-type=\"widget\" data-widget_type=\"image.default\">\n\t\t\t\t<div class=\"elementor-widget-container\">\n\t\t\t\t\t\t\t\t\t\t\t\t\t\t\t<img fetchpriority=\"high\" decoding=\"async\" width=\"300\" height=\"300\" src=\"https:\/\/latelierlartdeboxer.com\/wp-content\/uploads\/2023\/05\/logo-labo-300x300.png\" class=\"attachment-medium size-medium wp-image-281\" alt=\"\" srcset=\"https:\/\/latelierlartdeboxer.com\/wp-content\/uploads\/2023\/05\/logo-labo-300x300.png 300w, https:\/\/latelierlartdeboxer.com\/wp-content\/uploads\/2023\/05\/logo-labo-100x100.png 100w, https:\/\/latelierlartdeboxer.com\/wp-content\/uploads\/2023\/05\/logo-labo-600x601.png 600w, https:\/\/latelierlartdeboxer.com\/wp-content\/uploads\/2023\/05\/logo-labo-1024x1024.png 1024w, https:\/\/latelierlartdeboxer.com\/wp-content\/uploads\/2023\/05\/logo-labo-150x150.png 150w, https:\/\/latelierlartdeboxer.com\/wp-content\/uploads\/2023\/05\/logo-labo-768x769.png 768w, https:\/\/latelierlartdeboxer.com\/wp-content\/uploads\/2023\/05\/logo-labo.png 1063w\" sizes=\"(max-width: 300px) 100vw, 300px\" \/>\t\t\t\t\t\t\t\t\t\t\t\t\t\t\t<\/div>\n\t\t\t\t<\/div>\n\t\t\t\t\t<\/div>\n\t\t\t\t<\/div>\n\t\t<div class=\"elementor-element elementor-element-70d6db5 e-flex e-con-boxed e-con e-parent\" data-id=\"70d6db5\" data-element_type=\"container\" data-e-type=\"container\">\n\t\t\t\t\t<div class=\"e-con-inner\">\n\t\t<div class=\"elementor-element elementor-element-64f4d90 e-con-full e-flex e-con e-child\" data-id=\"64f4d90\" data-element_type=\"container\" data-e-type=\"container\">\n\t\t\t\t<div class=\"elementor-element elementor-element-ba06fca elementor-widget elementor-widget-text-editor\" data-id=\"ba06fca\" data-element_type=\"widget\" data-e-type=\"widget\" data-widget_type=\"text-editor.default\">\n\t\t\t\t<div class=\"elementor-widget-container\">\n\t\t\t\t\t\t\t\t\t<p>\u0648\u0631\u0634\u0629 \u0627\u0644\u0639\u0645\u0644 \u062a\u062a\u062d\u062f\u0627\u0643 \u0623\u0646 \u062a\u0646\u062c\u062d!<br>\u0633\u064a\u062a\u0645 \u062a\u0642\u062f\u064a\u0645 \u0647\u0630\u0647 \u0627\u0644\u062a\u0645\u0627\u0631\u064a\u0646 \u0644\u0645\u0633\u0627\u0639\u062f\u062a\u0643 \u0641\u064a \u062a\u0642\u064a\u064a\u0645 \u062a\u0642\u062f\u0645\u0643\u060c \u0645\u0639 \u062a\u0645\u0627\u0631\u064a\u0646 \u0645\u0635\u0645\u0645\u0629 \u062e\u0635\u064a\u0635\u0627\u064b \u0644\u0647\u0630\u0647 \u0627\u0644\u0645\u0646\u0627\u0633\u0628\u0629\u060c \u0644\u0630\u0627 \u0627\u0633\u062a\u0639\u062f \u0644\u062e\u0648\u0636 \u0627\u0644\u062a\u062d\u062f\u064a.<\/p>\t\t\t\t\t\t\t\t<\/div>\n\t\t\t\t<\/div>\n\t\t\t\t<\/div>\n\t\t<div class=\"elementor-element elementor-element-54cc260 e-con-full e-flex e-con e-child\" data-id=\"54cc260\" data-element_type=\"container\" data-e-type=\"container\">\n\t\t\t\t<div class=\"elementor-element elementor-element-bfb70f7 elementor-widget elementor-widget-button\" data-id=\"bfb70f7\" data-element_type=\"widget\" data-e-type=\"widget\" data-widget_type=\"button.default\">\n\t\t\t\t<div class=\"elementor-widget-container\">\n\t\t\t\t\t\t\t\t\t<div class=\"elementor-button-wrapper\">\n\t\t\t\t\t<a class=\"elementor-button elementor-button-link elementor-size-sm\" href=\"#\">\n\t\t\t\t\t\t<span class=\"elementor-button-content-wrapper\">\n\t\t\t\t\t\t\t\t\t<span class=\"elementor-button-text\">\u0627\u0644\u0645\u0646\u0635\u0629 \u0627\u0644\u0631\u0642\u0645\u064a\u0629 \u0644\u0644\u0645\u062e\u062a\u0628\u0631<\/span>\n\t\t\t\t\t<\/span>\n\t\t\t\t\t<\/a>\n\t\t\t\t<\/div>\n\t\t\t\t\t\t\t\t<\/div>\n\t\t\t\t<\/div>\n\t\t\t\t<\/div>\n\t\t\t\t\t<\/div>\n\t\t\t\t<\/div>\n\t\t\t\t<\/div>","protected":false},"excerpt":{"rendered":"<p>\u0627\u0644\u0645\u062e\u062a\u0628\u0631 \u0627\u0644\u062a\u062d\u062f\u064a\u0627\u062a \u062a\u062a\u062d\u062f\u0627\u0643\u0645 \u0648\u0631\u0634\u0629 \u0627\u0644\u0639\u0645\u0644 \u0644\u0644\u0646\u062c\u0627\u062d \u0641\u064a \u062a\u062d\u062f\u064a\u0627\u062a\u0647\u0627 \u0627\u0644\u062a\u064a \u0633\u064a\u062a\u0645 \u0627\u0642\u062a\u0631\u0627\u062d\u0647\u0627 \u0628\u0647\u062f\u0641 \u062a\u0645\u0643\u064a\u0646\u0643\u0645 \u0645\u0646 \u062a\u0642\u064a\u064a\u0645 \u0647\u0627\u0645\u0634 \u062a\u0642\u062f\u0645\u0643\u0645 \u0645\u0646 \u062e\u0644\u0627\u0644 \u062a\u0645\u0627\u0631\u064a\u0646 \u062a\u0645 \u0625\u0639\u062f\u0627\u062f\u0647\u0627 \u062e\u0635\u064a\u0635\u0627\u064b \u0644\u0647\u0630\u0647 \u0627\u0644\u0645\u0646\u0627\u0633\u0628\u0629\u060c \u0641\u0627\u0633\u062a\u0639\u062f\u0648\u0627 \u0644\u062e\u0648\u0636 \u0627\u0644\u062a\u062d\u062f\u064a \u0627\u0644\u0645\u0646\u0635\u0629 \u0627\u0644\u0631\u0642\u0645\u064a\u0629 \u0644\u0644\u0645\u062e\u062a\u0628\u0631<\/p>","protected":false},"author":1,"featured_media":0,"parent":23,"menu_order":0,"comment_status":"closed","ping_status":"closed","template":"","meta":{"_acf_changed":false,"site-sidebar-layout":"no-sidebar","site-content-layout":"page-builder","ast-site-content-layout":"default","site-content-style":"default","site-sidebar-style":"default","ast-global-header-display":"","ast-banner-title-visibility":"","ast-main-header-display":"","ast-hfb-above-header-display":"","ast-hfb-below-header-display":"","ast-hfb-mobile-header-display":"","site-post-title":"disabled","ast-breadcrumbs-content":"","ast-featured-img":"disabled","footer-sml-layout":"","ast-disable-related-posts":"","theme-transparent-header-meta":"enabled","adv-header-id-meta":"","stick-header-meta":"","header-above-stick-meta":"","header-main-stick-meta":"","header-below-stick-meta":"","astra-migrate-meta-layouts":"default","ast-page-background-enabled":"default","ast-page-background-meta":{"desktop":{"background-color":"var(--ast-global-color-4)","background-image":"","background-repeat":"repeat","background-position":"center center","background-size":"auto","background-attachment":"scroll","background-type":"","background-media":"","overlay-type":"","overlay-color":"","overlay-opacity":"","overlay-gradient":""},"tablet":{"background-color":"","background-image":"","background-repeat":"repeat","background-position":"center center","background-size":"auto","background-attachment":"scroll","background-type":"","background-media":"","overlay-type":"","overlay-color":"","overlay-opacity":"","overlay-gradient":""},"mobile":{"background-color":"","background-image":"","background-repeat":"repeat","background-position":"center center","background-size":"auto","background-attachment":"scroll","background-type":"","background-media":"","overlay-type":"","overlay-color":"","overlay-opacity":"","overlay-gradient":""}},"ast-content-background-meta":{"desktop":{"background-color":"var(--ast-global-color-5)","background-image":"","background-repeat":"repeat","background-position":"center center","background-size":"auto","background-attachment":"scroll","background-type":"","background-media":"","overlay-type":"","overlay-color":"","overlay-opacity":"","overlay-gradient":""},"tablet":{"background-color":"var(--ast-global-color-5)","background-image":"","background-repeat":"repeat","background-position":"center center","background-size":"auto","background-attachment":"scroll","background-type":"","background-media":"","overlay-type":"","overlay-color":"","overlay-opacity":"","overlay-gradient":""},"mobile":{"background-color":"var(--ast-global-color-5)","background-image":"","background-repeat":"repeat","background-position":"center center","background-size":"auto","background-attachment":"scroll","background-type":"","background-media":"","overlay-type":"","overlay-color":"","overlay-opacity":"","overlay-gradient":""}},"footnotes":""},"class_list":["post-35","page","type-page","status-publish","hentry"],"acf":[],"yoast_head":"<!-- This site is optimized with the Yoast SEO plugin v27.4 - https:\/\/yoast.com\/product\/yoast-seo-wordpress\/ -->\n<title>Les challenges - L&#039;Atelier l&#039;art de boxer<\/title>\n<meta name=\"robots\" content=\"index, follow, max-snippet:-1, max-image-preview:large, max-video-preview:-1\" \/>\n<link rel=\"canonical\" href=\"https:\/\/latelierlartdeboxer.com\/ar\/\u0627\u0644\u0645\u062e\u062a\u0628\u0631\/\u0627\u0644\u062a\u062d\u062f\u064a\u0627\u062a\/\" \/>\n<meta property=\"og:locale\" content=\"ar_AR\" \/>\n<meta property=\"og:type\" content=\"article\" \/>\n<meta property=\"og:title\" content=\"Les challenges - L&#039;Atelier l&#039;art de boxer\" \/>\n<meta property=\"og:description\" content=\"Le laboratoire Les challenges L\u2019atelier vous met au d\u00e9fis de r\u00e9ussir ses challenges !Ceux-ci seront propos\u00e9s dans le but de vous permettre d\u2019\u00e9valuer votre marge de progression avec des exercices concoct\u00e9s sp\u00e9cialement pour l\u2019occasion alors soyez pr\u00eats \u00e0 relever le d\u00e9fis Plateforme digitale du laboratoire\" \/>\n<meta property=\"og:url\" content=\"https:\/\/latelierlartdeboxer.com\/ar\/\u0627\u0644\u0645\u062e\u062a\u0628\u0631\/\u0627\u0644\u062a\u062d\u062f\u064a\u0627\u062a\/\" \/>\n<meta property=\"og:site_name\" content=\"L&#039;Atelier l&#039;art de boxer\" \/>\n<meta property=\"article:modified_time\" content=\"2024-04-15T21:52:20+00:00\" \/>\n<meta property=\"og:image\" content=\"https:\/\/latelierlartdeboxer.com\/wp-content\/uploads\/2023\/05\/logo-labo-300x300.png\" \/>\n<meta name=\"twitter:card\" content=\"summary_large_image\" \/>\n<meta name=\"twitter:label1\" content=\"\u0648\u0642\u062a \u0627\u0644\u0642\u0631\u0627\u0621\u0629 \u0627\u0644\u0645\u064f\u0642\u062f\u0651\u0631\" \/>\n\t<meta name=\"twitter:data1\" content=\"\u062f\u0642\u064a\u0642\u0629 \u0648\u0627\u062d\u062f\u0629\" \/>\n<script type=\"application\/ld+json\" class=\"yoast-schema-graph\">{\"@context\":\"https:\\\/\\\/schema.org\",\"@graph\":[{\"@type\":\"WebPage\",\"@id\":\"https:\\\/\\\/latelierlartdeboxer.com\\\/le-labo\\\/les-challenges\\\/\",\"url\":\"https:\\\/\\\/latelierlartdeboxer.com\\\/le-labo\\\/les-challenges\\\/\",\"name\":\"Les challenges - L&#039;Atelier l&#039;art de boxer\",\"isPartOf\":{\"@id\":\"https:\\\/\\\/latelierlartdeboxer.com\\\/#website\"},\"datePublished\":\"2023-05-11T06:48:28+00:00\",\"dateModified\":\"2024-04-15T21:52:20+00:00\",\"breadcrumb\":{\"@id\":\"https:\\\/\\\/latelierlartdeboxer.com\\\/le-labo\\\/les-challenges\\\/#breadcrumb\"},\"inLanguage\":\"ar\",\"potentialAction\":[{\"@type\":\"ReadAction\",\"target\":[\"https:\\\/\\\/latelierlartdeboxer.com\\\/le-labo\\\/les-challenges\\\/\"]}]},{\"@type\":\"BreadcrumbList\",\"@id\":\"https:\\\/\\\/latelierlartdeboxer.com\\\/le-labo\\\/les-challenges\\\/#breadcrumb\",\"itemListElement\":[{\"@type\":\"ListItem\",\"position\":1,\"name\":\"Accueil\",\"item\":\"https:\\\/\\\/latelierlartdeboxer.com\\\/\"},{\"@type\":\"ListItem\",\"position\":2,\"name\":\"Le Laboratoire\",\"item\":\"https:\\\/\\\/latelierlartdeboxer.com\\\/le-labo\\\/\"},{\"@type\":\"ListItem\",\"position\":3,\"name\":\"Les challenges\"}]},{\"@type\":\"WebSite\",\"@id\":\"https:\\\/\\\/latelierlartdeboxer.com\\\/#website\",\"url\":\"https:\\\/\\\/latelierlartdeboxer.com\\\/\",\"name\":\"L&#039;Atelier l&#039;art de boxer\",\"description\":\"\",\"publisher\":{\"@id\":\"https:\\\/\\\/latelierlartdeboxer.com\\\/#organization\"},\"potentialAction\":[{\"@type\":\"SearchAction\",\"target\":{\"@type\":\"EntryPoint\",\"urlTemplate\":\"https:\\\/\\\/latelierlartdeboxer.com\\\/?s={search_term_string}\"},\"query-input\":{\"@type\":\"PropertyValueSpecification\",\"valueRequired\":true,\"valueName\":\"search_term_string\"}}],\"inLanguage\":\"ar\"},{\"@type\":\"Organization\",\"@id\":\"https:\\\/\\\/latelierlartdeboxer.com\\\/#organization\",\"name\":\"L&#039;Atelier l&#039;art de boxer\",\"url\":\"https:\\\/\\\/latelierlartdeboxer.com\\\/\",\"logo\":{\"@type\":\"ImageObject\",\"inLanguage\":\"ar\",\"@id\":\"https:\\\/\\\/latelierlartdeboxer.com\\\/#\\\/schema\\\/logo\\\/image\\\/\",\"url\":\"https:\\\/\\\/latelierlartdeboxer.com\\\/wp-content\\\/uploads\\\/2023\\\/05\\\/cropped-logo.png\",\"contentUrl\":\"https:\\\/\\\/latelierlartdeboxer.com\\\/wp-content\\\/uploads\\\/2023\\\/05\\\/cropped-logo.png\",\"width\":1062,\"height\":1062,\"caption\":\"L&#039;Atelier l&#039;art de boxer\"},\"image\":{\"@id\":\"https:\\\/\\\/latelierlartdeboxer.com\\\/#\\\/schema\\\/logo\\\/image\\\/\"}}]}<\/script>\n<!-- \/ Yoast SEO plugin. -->","yoast_head_json":{"title":"\u0627\u0644\u062a\u062d\u062f\u064a\u0627\u062a - \u0648\u0631\u0634\u0629 \u0639\u0645\u0644 \u0641\u0646 \u0627\u0644\u0645\u0644\u0627\u0643\u0645\u0629 - \u0641\u0646 \u0627\u0644\u0645\u0644\u0627\u0643\u0645\u0629","robots":{"index":"index","follow":"follow","max-snippet":"max-snippet:-1","max-image-preview":"max-image-preview:large","max-video-preview":"max-video-preview:-1"},"canonical":"https:\/\/latelierlartdeboxer.com\/ar\/\u0627\u0644\u0645\u062e\u062a\u0628\u0631\/\u0627\u0644\u062a\u062d\u062f\u064a\u0627\u062a\/","og_locale":"ar_AR","og_type":"article","og_title":"Les challenges - L&#039;Atelier l&#039;art de boxer","og_description":"Le laboratoire Les challenges L\u2019atelier vous met au d\u00e9fis de r\u00e9ussir ses challenges !Ceux-ci seront propos\u00e9s dans le but de vous permettre d\u2019\u00e9valuer votre marge de progression avec des exercices concoct\u00e9s sp\u00e9cialement pour l\u2019occasion alors soyez pr\u00eats \u00e0 relever le d\u00e9fis Plateforme digitale du laboratoire","og_url":"https:\/\/latelierlartdeboxer.com\/ar\/\u0627\u0644\u0645\u062e\u062a\u0628\u0631\/\u0627\u0644\u062a\u062d\u062f\u064a\u0627\u062a\/","og_site_name":"L&#039;Atelier l&#039;art de boxer","article_modified_time":"2024-04-15T21:52:20+00:00","og_image":[{"url":"https:\/\/latelierlartdeboxer.com\/wp-content\/uploads\/2023\/05\/logo-labo-300x300.png","type":"","width":"","height":""}],"twitter_card":"summary_large_image","twitter_misc":{"\u0648\u0642\u062a \u0627\u0644\u0642\u0631\u0627\u0621\u0629 \u0627\u0644\u0645\u064f\u0642\u062f\u0651\u0631":"\u062f\u0642\u064a\u0642\u0629 \u0648\u0627\u062d\u062f\u0629"},"schema":{"@context":"https:\/\/schema.org","@graph":[{"@type":"WebPage","@id":"https:\/\/latelierlartdeboxer.com\/le-labo\/les-challenges\/","url":"https:\/\/latelierlartdeboxer.com\/le-labo\/les-challenges\/","name":"\u0627\u0644\u062a\u062d\u062f\u064a\u0627\u062a - \u0648\u0631\u0634\u0629 \u0639\u0645\u0644 \u0641\u0646 \u0627\u0644\u0645\u0644\u0627\u0643\u0645\u0629 - \u0641\u0646 \u0627\u0644\u0645\u0644\u0627\u0643\u0645\u0629","isPartOf":{"@id":"https:\/\/latelierlartdeboxer.com\/#website"},"datePublished":"2023-05-11T06:48:28+00:00","dateModified":"2024-04-15T21:52:20+00:00","breadcrumb":{"@id":"https:\/\/latelierlartdeboxer.com\/le-labo\/les-challenges\/#breadcrumb"},"inLanguage":"ar","potentialAction":[{"@type":"ReadAction","target":["https:\/\/latelierlartdeboxer.com\/le-labo\/les-challenges\/"]}]},{"@type":"BreadcrumbList","@id":"https:\/\/latelierlartdeboxer.com\/le-labo\/les-challenges\/#breadcrumb","itemListElement":[{"@type":"ListItem","position":1,"name":"Accueil","item":"https:\/\/latelierlartdeboxer.com\/"},{"@type":"ListItem","position":2,"name":"Le Laboratoire","item":"https:\/\/latelierlartdeboxer.com\/le-labo\/"},{"@type":"ListItem","position":3,"name":"Les challenges"}]},{"@type":"WebSite","@id":"https:\/\/latelierlartdeboxer.com\/#website","url":"https:\/\/latelierlartdeboxer.com\/","name":"\u0648\u0631\u0634\u0629 \u0639\u0645\u0644 \u0641\u0646 \u0627\u0644\u0645\u0644\u0627\u0643\u0645\u0629","description":"","publisher":{"@id":"https:\/\/latelierlartdeboxer.com\/#organization"},"potentialAction":[{"@type":"SearchAction","target":{"@type":"EntryPoint","urlTemplate":"https:\/\/latelierlartdeboxer.com\/?s={search_term_string}"},"query-input":{"@type":"PropertyValueSpecification","valueRequired":true,"valueName":"search_term_string"}}],"inLanguage":"ar"},{"@type":"Organization","@id":"https:\/\/latelierlartdeboxer.com\/#organization","name":"\u0648\u0631\u0634\u0629 \u0639\u0645\u0644 \u0641\u0646 \u0627\u0644\u0645\u0644\u0627\u0643\u0645\u0629","url":"https:\/\/latelierlartdeboxer.com\/","logo":{"@type":"ImageObject","inLanguage":"ar","@id":"https:\/\/latelierlartdeboxer.com\/#\/schema\/logo\/image\/","url":"https:\/\/latelierlartdeboxer.com\/wp-content\/uploads\/2023\/05\/cropped-logo.png","contentUrl":"https:\/\/latelierlartdeboxer.com\/wp-content\/uploads\/2023\/05\/cropped-logo.png","width":1062,"height":1062,"caption":"L&#039;Atelier l&#039;art de boxer"},"image":{"@id":"https:\/\/latelierlartdeboxer.com\/#\/schema\/logo\/image\/"}}]}},"_links":{"self":[{"href":"https:\/\/latelierlartdeboxer.com\/ar\/wp-json\/wp\/v2\/pages\/35","targetHints":{"allow":["GET"]}}],"collection":[{"href":"https:\/\/latelierlartdeboxer.com\/ar\/wp-json\/wp\/v2\/pages"}],"about":[{"href":"https:\/\/latelierlartdeboxer.com\/ar\/wp-json\/wp\/v2\/types\/page"}],"author":[{"embeddable":true,"href":"https:\/\/latelierlartdeboxer.com\/ar\/wp-json\/wp\/v2\/users\/1"}],"replies":[{"embeddable":true,"href":"https:\/\/latelierlartdeboxer.com\/ar\/wp-json\/wp\/v2\/comments?post=35"}],"version-history":[{"count":19,"href":"https:\/\/latelierlartdeboxer.com\/ar\/wp-json\/wp\/v2\/pages\/35\/revisions"}],"predecessor-version":[{"id":2210,"href":"https:\/\/latelierlartdeboxer.com\/ar\/wp-json\/wp\/v2\/pages\/35\/revisions\/2210"}],"up":[{"embeddable":true,"href":"https:\/\/latelierlartdeboxer.com\/ar\/wp-json\/wp\/v2\/pages\/23"}],"wp:attachment":[{"href":"https:\/\/latelierlartdeboxer.com\/ar\/wp-json\/wp\/v2\/media?parent=35"}],"curies":[{"name":"wp","href":"https:\/\/api.w.org\/{rel}","templated":true}]}}