{"id":1979,"date":"2023-11-13T00:45:05","date_gmt":"2023-11-12T23:45:05","guid":{"rendered":"https:\/\/latelierlartdeboxer.com\/?page_id=1979"},"modified":"2023-11-13T00:47:24","modified_gmt":"2023-11-12T23:47:24","slug":"%d8%a3%d8%b1%d8%a7%d8%af-%d8%a7%d9%84%d9%85%d8%af%d8%b1%d8%a8","status":"publish","type":"page","link":"https:\/\/latelierlartdeboxer.com\/ar\/le-q-g\/le-coach-wanted\/","title":{"rendered":"\u0627\u0644\u0645\u062f\u0631\u0628 \u0627\u0644\u0645\u0637\u0644\u0648\u0628"},"content":{"rendered":"<div data-elementor-type=\"wp-page\" data-elementor-id=\"1979\" class=\"elementor elementor-1979\" wpc-filter-elementor-widget=\"1\" data-elementor-post-type=\"page\">\n\t\t\t\t<div class=\"elementor-element elementor-element-df3c494 e-flex e-con-boxed e-con e-parent\" data-id=\"df3c494\" data-element_type=\"container\" data-e-type=\"container\" data-settings=\"{&quot;background_background&quot;:&quot;classic&quot;}\">\n\t\t\t\t\t<div class=\"e-con-inner\">\n\t\t\t\t<div class=\"elementor-element elementor-element-2a52d97 elementor-widget elementor-widget-heading\" data-id=\"2a52d97\" data-element_type=\"widget\" data-e-type=\"widget\" data-widget_type=\"heading.default\">\n\t\t\t\t<div class=\"elementor-widget-container\">\n\t\t\t\t\t<h3 class=\"elementor-heading-title elementor-size-default\">\u0627\u0644\u0645\u0642\u0631 \u0627\u0644\u0631\u0626\u064a\u0633\u064a<\/h3>\t\t\t\t<\/div>\n\t\t\t\t<\/div>\n\t\t\t\t<div class=\"elementor-element elementor-element-94387ac elementor-widget-divider--view-line elementor-widget elementor-widget-divider\" data-id=\"94387ac\" data-element_type=\"widget\" data-e-type=\"widget\" data-widget_type=\"divider.default\">\n\t\t\t\t<div class=\"elementor-widget-container\">\n\t\t\t\t\t\t\t<div class=\"elementor-divider\">\n\t\t\t<span class=\"elementor-divider-separator\">\n\t\t\t\t\t\t<\/span>\n\t\t<\/div>\n\t\t\t\t\t\t<\/div>\n\t\t\t\t<\/div>\n\t\t\t\t<div class=\"elementor-element elementor-element-7649a79 elementor-widget elementor-widget-heading\" data-id=\"7649a79\" data-element_type=\"widget\" data-e-type=\"widget\" data-widget_type=\"heading.default\">\n\t\t\t\t<div class=\"elementor-widget-container\">\n\t\t\t\t\t<h1 class=\"elementor-heading-title elementor-size-default\">\u0627\u0644\u0645\u062f\u0631\u0628 \u0627\u0644\u0645\u0637\u0644\u0648\u0628<\/h1>\t\t\t\t<\/div>\n\t\t\t\t<\/div>\n\t\t\t\t\t<\/div>\n\t\t\t\t<\/div>\n\t\t<div class=\"elementor-element elementor-element-7927bd2 e-flex e-con-boxed e-con e-parent\" data-id=\"7927bd2\" data-element_type=\"container\" data-e-type=\"container\">\n\t\t\t\t\t<div class=\"e-con-inner\">\n\t\t\t\t<div class=\"elementor-element elementor-element-3345c73 elementor-widget elementor-widget-image\" data-id=\"3345c73\" data-element_type=\"widget\" data-e-type=\"widget\" data-widget_type=\"image.default\">\n\t\t\t\t<div class=\"elementor-widget-container\">\n\t\t\t\t\t\t\t\t\t\t\t\t\t\t\t<img fetchpriority=\"high\" decoding=\"async\" width=\"300\" height=\"300\" src=\"https:\/\/latelierlartdeboxer.com\/wp-content\/uploads\/2023\/05\/logo-qg-300x300.png\" class=\"attachment-medium size-medium wp-image-282\" alt=\"\" srcset=\"https:\/\/latelierlartdeboxer.com\/wp-content\/uploads\/2023\/05\/logo-qg-300x300.png 300w, https:\/\/latelierlartdeboxer.com\/wp-content\/uploads\/2023\/05\/logo-qg-100x100.png 100w, https:\/\/latelierlartdeboxer.com\/wp-content\/uploads\/2023\/05\/logo-qg-600x600.png 600w, https:\/\/latelierlartdeboxer.com\/wp-content\/uploads\/2023\/05\/logo-qg-1024x1024.png 1024w, https:\/\/latelierlartdeboxer.com\/wp-content\/uploads\/2023\/05\/logo-qg-150x150.png 150w, https:\/\/latelierlartdeboxer.com\/wp-content\/uploads\/2023\/05\/logo-qg-768x768.png 768w, https:\/\/latelierlartdeboxer.com\/wp-content\/uploads\/2023\/05\/logo-qg.png 1064w\" sizes=\"(max-width: 300px) 100vw, 300px\" \/>\t\t\t\t\t\t\t\t\t\t\t\t\t\t\t<\/div>\n\t\t\t\t<\/div>\n\t\t\t\t\t<\/div>\n\t\t\t\t<\/div>\n\t\t<div class=\"elementor-element elementor-element-9d21a0a e-flex e-con-boxed e-con e-parent\" data-id=\"9d21a0a\" data-element_type=\"container\" data-e-type=\"container\">\n\t\t\t\t\t<div class=\"e-con-inner\">\n\t\t<div class=\"elementor-element elementor-element-9579928 e-con-full e-flex e-con e-child\" data-id=\"9579928\" data-element_type=\"container\" data-e-type=\"container\">\n\t\t\t\t<div class=\"elementor-element elementor-element-6a15135 elementor-widget elementor-widget-text-editor\" data-id=\"6a15135\" data-element_type=\"widget\" data-e-type=\"widget\" data-widget_type=\"text-editor.default\">\n\t\t\t\t<div class=\"elementor-widget-container\">\n\t\t\t\t\t\t\t\t\t<p>\u064a\u0645\u0643\u0646 \u0644 L'ATELIER L'ART DE BOXER \u0623\u064a\u0636\u064b\u0627 \u0646\u0634\u0631 \u0625\u0639\u0644\u0627\u0646\u0627\u062a \u0639\u0644\u0649 \u0627\u0644\u0645\u0646\u0635\u0629 \u0644\u0645\u062f\u0631\u0628\u064a \u0627\u0644\u0645\u0644\u0627\u0643\u0645\u0629!<\/p><p>\u0628\u0641\u0636\u0644 \u0628\u0631\u0646\u0627\u0645\u062c QUARTIER G\u00c9N\u00c9RAL\u060c \u0633\u062a\u062a\u0645\u0643\u0646 \u0627\u0644\u0634\u0631\u0643\u0627\u062a \u0648\u0646\u0648\u0627\u062f\u064a \u0627\u0644\u0645\u0644\u0627\u0643\u0645\u0629 \u0648\u0627\u0644\u0642\u0627\u0639\u0627\u062a \u0627\u0644\u0631\u064a\u0627\u0636\u064a\u0629 \u0645\u0646 \u0646\u0634\u0631 \u0639\u0645\u0644\u064a\u0627\u062a \u0627\u0644\u0628\u062d\u062b \u0639\u0644\u0649 \u0627\u0644\u0625\u0646\u062a\u0631\u0646\u062a\u060c \u0625\u0644\u0649 \u062c\u0627\u0646\u0628 \u0645\u0639\u0644\u0648\u0645\u0627\u062a \u062d\u0648\u0644 \u0645\u0644\u0641 \u062a\u0639\u0631\u064a\u0641 \u0627\u0644\u0645\u062f\u0631\u0628\u064a\u0646 \u0627\u0644\u0630\u064a\u0646 \u064a\u0631\u063a\u0628\u0648\u0646 \u0641\u064a \u0627\u0644\u0627\u0633\u062a\u0639\u0627\u0646\u0629 \u0628\u0647\u0645 (\u0627\u0644\u062a\u062e\u0635\u0635\u060c \u0627\u0644\u0645\u0646\u0637\u0642\u0629\u060c \u0627\u0644\u0623\u0647\u062f\u0627\u0641\u060c \u0625\u0644\u062e).<\/p><p>\u062a\u062a\u064a\u062d \u0647\u0630\u0647 \u0627\u0644\u062e\u062f\u0645\u0629 \u0644\u0645\u0633\u062a\u062e\u062f\u0645\u064a \u0627\u0644\u0645\u0646\u0635\u0629 \u0627\u0644\u0627\u0637\u0644\u0627\u0639 \u0639\u0644\u0649 \u0627\u062d\u062a\u064a\u0627\u062c\u0627\u062a \u0628\u0639\u0636\u0647\u0645 \u0627\u0644\u0628\u0639\u0636 \u0648\u0627\u0644\u062a\u0648\u0627\u0635\u0644 \u0627\u0644\u0645\u0628\u0627\u0634\u0631 \u0645\u0639\u0647\u0645.<\/p>\t\t\t\t\t\t\t\t<\/div>\n\t\t\t\t<\/div>\n\t\t\t\t<div class=\"elementor-element elementor-element-18f9a3e elementor-widget elementor-widget-text-editor\" data-id=\"18f9a3e\" data-element_type=\"widget\" data-e-type=\"widget\" data-widget_type=\"text-editor.default\">\n\t\t\t\t<div class=\"elementor-widget-container\">\n\t\t\t\t\t\t\t\t\t<p><strong><a href=\"https:\/\/qg.latelierlartdeboxer.com\/\" target=\"_blank\" rel=\"noopener\">\u0627\u0644\u062a\u0633\u062c\u064a\u0644 \u0639\u0644\u0649 \u0627\u0644\u0645\u0646\u0635\u0629<\/a> \u0648\u0627\u0633\u062a\u0641\u062f \u0645\u0646 \u0631\u0624\u064a\u0629 QUARTIER G\u00c9N\u00c9RAL \u0644\u0628\u0646\u0627\u0621 \u0634\u0628\u0643\u062a\u0643.<\/strong><\/p>\t\t\t\t\t\t\t\t<\/div>\n\t\t\t\t<\/div>\n\t\t\t\t<\/div>\n\t\t\t\t\t<\/div>\n\t\t\t\t<\/div>\n\t\t\t\t<\/div>","protected":false},"excerpt":{"rendered":"<p>Le Quartier G\u00e9n\u00e9ral Le Coach Wanted L&rsquo;ATELIER L&rsquo;ART DE BOXER permet \u00e9galement de publier sur la plateforme, des annonces concernant la recherche de coachs de boxe ! Gr\u00e2ce au QUARTIER G\u00c9N\u00c9RAL, les entreprises, les clubs de boxe et les salles de sport pourront mettre en ligne leurs recherches avec des informations concernant le profil de [&hellip;]<\/p>\n","protected":false},"author":1,"featured_media":0,"parent":49,"menu_order":0,"comment_status":"closed","ping_status":"closed","template":"","meta":{"_acf_changed":false,"site-sidebar-layout":"no-sidebar","site-content-layout":"page-builder","ast-site-content-layout":"full-width-container","site-content-style":"default","site-sidebar-style":"default","ast-global-header-display":"","ast-banner-title-visibility":"","ast-main-header-display":"","ast-hfb-above-header-display":"","ast-hfb-below-header-display":"","ast-hfb-mobile-header-display":"","site-post-title":"disabled","ast-breadcrumbs-content":"","ast-featured-img":"disabled","footer-sml-layout":"","ast-disable-related-posts":"","theme-transparent-header-meta":"enabled","adv-header-id-meta":"","stick-header-meta":"","header-above-stick-meta":"","header-main-stick-meta":"","header-below-stick-meta":"","astra-migrate-meta-layouts":"set","ast-page-background-enabled":"default","ast-page-background-meta":{"desktop":{"background-color":"var(--ast-global-color-4)","background-image":"","background-repeat":"repeat","background-position":"center center","background-size":"auto","background-attachment":"scroll","background-type":"","background-media":"","overlay-type":"","overlay-color":"","overlay-opacity":"","overlay-gradient":""},"tablet":{"background-color":"","background-image":"","background-repeat":"repeat","background-position":"center center","background-size":"auto","background-attachment":"scroll","background-type":"","background-media":"","overlay-type":"","overlay-color":"","overlay-opacity":"","overlay-gradient":""},"mobile":{"background-color":"","background-image":"","background-repeat":"repeat","background-position":"center center","background-size":"auto","background-attachment":"scroll","background-type":"","background-media":"","overlay-type":"","overlay-color":"","overlay-opacity":"","overlay-gradient":""}},"ast-content-background-meta":{"desktop":{"background-color":"var(--ast-global-color-5)","background-image":"","background-repeat":"repeat","background-position":"center center","background-size":"auto","background-attachment":"scroll","background-type":"","background-media":"","overlay-type":"","overlay-color":"","overlay-opacity":"","overlay-gradient":""},"tablet":{"background-color":"var(--ast-global-color-5)","background-image":"","background-repeat":"repeat","background-position":"center center","background-size":"auto","background-attachment":"scroll","background-type":"","background-media":"","overlay-type":"","overlay-color":"","overlay-opacity":"","overlay-gradient":""},"mobile":{"background-color":"var(--ast-global-color-5)","background-image":"","background-repeat":"repeat","background-position":"center center","background-size":"auto","background-attachment":"scroll","background-type":"","background-media":"","overlay-type":"","overlay-color":"","overlay-opacity":"","overlay-gradient":""}},"footnotes":""},"class_list":["post-1979","page","type-page","status-publish","hentry"],"acf":[],"yoast_head":"<!-- This site is optimized with the Yoast SEO plugin v27.4 - https:\/\/yoast.com\/product\/yoast-seo-wordpress\/ -->\n<title>Le Coach Wanted - L&#039;Atelier l&#039;art de boxer<\/title>\n<meta name=\"robots\" content=\"index, follow, max-snippet:-1, max-image-preview:large, max-video-preview:-1\" \/>\n<link rel=\"canonical\" href=\"https:\/\/latelierlartdeboxer.com\/ar\/\u0627\u0644-q-g\/\u0623\u0631\u0627\u062f-\u0627\u0644\u0645\u062f\u0631\u0628\/\" \/>\n<meta property=\"og:locale\" content=\"ar_AR\" \/>\n<meta property=\"og:type\" content=\"article\" \/>\n<meta property=\"og:title\" content=\"Le Coach Wanted - L&#039;Atelier l&#039;art de boxer\" \/>\n<meta property=\"og:description\" content=\"Le Quartier G\u00e9n\u00e9ral Le Coach Wanted L&rsquo;ATELIER L&rsquo;ART DE BOXER permet \u00e9galement de publier sur la plateforme, des annonces concernant la recherche de coachs de boxe ! Gr\u00e2ce au QUARTIER G\u00c9N\u00c9RAL, les entreprises, les clubs de boxe et les salles de sport pourront mettre en ligne leurs recherches avec des informations concernant le profil de [&hellip;]\" \/>\n<meta property=\"og:url\" content=\"https:\/\/latelierlartdeboxer.com\/ar\/\u0627\u0644-q-g\/\u0623\u0631\u0627\u062f-\u0627\u0644\u0645\u062f\u0631\u0628\/\" \/>\n<meta property=\"og:site_name\" content=\"L&#039;Atelier l&#039;art de boxer\" \/>\n<meta property=\"article:modified_time\" content=\"2023-11-12T23:47:24+00:00\" \/>\n<meta property=\"og:image\" content=\"https:\/\/latelierlartdeboxer.com\/wp-content\/uploads\/2023\/05\/logo-qg-300x300.png\" \/>\n<meta name=\"twitter:card\" content=\"summary_large_image\" \/>\n<meta name=\"twitter:label1\" content=\"\u0648\u0642\u062a \u0627\u0644\u0642\u0631\u0627\u0621\u0629 \u0627\u0644\u0645\u064f\u0642\u062f\u0651\u0631\" \/>\n\t<meta name=\"twitter:data1\" content=\"\u062f\u0642\u064a\u0642\u0629 \u0648\u0627\u062d\u062f\u0629\" \/>\n<script type=\"application\/ld+json\" class=\"yoast-schema-graph\">{\"@context\":\"https:\\\/\\\/schema.org\",\"@graph\":[{\"@type\":\"WebPage\",\"@id\":\"https:\\\/\\\/latelierlartdeboxer.com\\\/le-q-g\\\/le-coach-wanted\\\/\",\"url\":\"https:\\\/\\\/latelierlartdeboxer.com\\\/le-q-g\\\/le-coach-wanted\\\/\",\"name\":\"Le Coach Wanted - L&#039;Atelier l&#039;art de boxer\",\"isPartOf\":{\"@id\":\"https:\\\/\\\/latelierlartdeboxer.com\\\/#website\"},\"datePublished\":\"2023-11-12T23:45:05+00:00\",\"dateModified\":\"2023-11-12T23:47:24+00:00\",\"breadcrumb\":{\"@id\":\"https:\\\/\\\/latelierlartdeboxer.com\\\/le-q-g\\\/le-coach-wanted\\\/#breadcrumb\"},\"inLanguage\":\"ar\",\"potentialAction\":[{\"@type\":\"ReadAction\",\"target\":[\"https:\\\/\\\/latelierlartdeboxer.com\\\/le-q-g\\\/le-coach-wanted\\\/\"]}]},{\"@type\":\"BreadcrumbList\",\"@id\":\"https:\\\/\\\/latelierlartdeboxer.com\\\/le-q-g\\\/le-coach-wanted\\\/#breadcrumb\",\"itemListElement\":[{\"@type\":\"ListItem\",\"position\":1,\"name\":\"Accueil\",\"item\":\"https:\\\/\\\/latelierlartdeboxer.com\\\/\"},{\"@type\":\"ListItem\",\"position\":2,\"name\":\"Le Quartier G\u00e9n\u00e9ral\",\"item\":\"https:\\\/\\\/latelierlartdeboxer.com\\\/le-q-g\\\/\"},{\"@type\":\"ListItem\",\"position\":3,\"name\":\"Le Coach Wanted\"}]},{\"@type\":\"WebSite\",\"@id\":\"https:\\\/\\\/latelierlartdeboxer.com\\\/#website\",\"url\":\"https:\\\/\\\/latelierlartdeboxer.com\\\/\",\"name\":\"L&#039;Atelier l&#039;art de boxer\",\"description\":\"\",\"publisher\":{\"@id\":\"https:\\\/\\\/latelierlartdeboxer.com\\\/#organization\"},\"potentialAction\":[{\"@type\":\"SearchAction\",\"target\":{\"@type\":\"EntryPoint\",\"urlTemplate\":\"https:\\\/\\\/latelierlartdeboxer.com\\\/?s={search_term_string}\"},\"query-input\":{\"@type\":\"PropertyValueSpecification\",\"valueRequired\":true,\"valueName\":\"search_term_string\"}}],\"inLanguage\":\"ar\"},{\"@type\":\"Organization\",\"@id\":\"https:\\\/\\\/latelierlartdeboxer.com\\\/#organization\",\"name\":\"L&#039;Atelier l&#039;art de boxer\",\"url\":\"https:\\\/\\\/latelierlartdeboxer.com\\\/\",\"logo\":{\"@type\":\"ImageObject\",\"inLanguage\":\"ar\",\"@id\":\"https:\\\/\\\/latelierlartdeboxer.com\\\/#\\\/schema\\\/logo\\\/image\\\/\",\"url\":\"https:\\\/\\\/latelierlartdeboxer.com\\\/wp-content\\\/uploads\\\/2023\\\/05\\\/cropped-logo.png\",\"contentUrl\":\"https:\\\/\\\/latelierlartdeboxer.com\\\/wp-content\\\/uploads\\\/2023\\\/05\\\/cropped-logo.png\",\"width\":1062,\"height\":1062,\"caption\":\"L&#039;Atelier l&#039;art de boxer\"},\"image\":{\"@id\":\"https:\\\/\\\/latelierlartdeboxer.com\\\/#\\\/schema\\\/logo\\\/image\\\/\"}}]}<\/script>\n<!-- \/ Yoast SEO plugin. -->","yoast_head_json":{"title":"\u0645\u0637\u0644\u0648\u0628 \u0645\u062f\u0631\u0628 - \u0648\u0631\u0634\u0629 \u0639\u0645\u0644 \u0641\u0646 \u0627\u0644\u0645\u0644\u0627\u0643\u0645\u0629 - \u0641\u0646 \u0627\u0644\u0645\u0644\u0627\u0643\u0645\u0629","robots":{"index":"index","follow":"follow","max-snippet":"max-snippet:-1","max-image-preview":"max-image-preview:large","max-video-preview":"max-video-preview:-1"},"canonical":"https:\/\/latelierlartdeboxer.com\/ar\/\u0627\u0644-q-g\/\u0623\u0631\u0627\u062f-\u0627\u0644\u0645\u062f\u0631\u0628\/","og_locale":"ar_AR","og_type":"article","og_title":"Le Coach Wanted - L&#039;Atelier l&#039;art de boxer","og_description":"Le Quartier G\u00e9n\u00e9ral Le Coach Wanted L&rsquo;ATELIER L&rsquo;ART DE BOXER permet \u00e9galement de publier sur la plateforme, des annonces concernant la recherche de coachs de boxe ! Gr\u00e2ce au QUARTIER G\u00c9N\u00c9RAL, les entreprises, les clubs de boxe et les salles de sport pourront mettre en ligne leurs recherches avec des informations concernant le profil de [&hellip;]","og_url":"https:\/\/latelierlartdeboxer.com\/ar\/\u0627\u0644-q-g\/\u0623\u0631\u0627\u062f-\u0627\u0644\u0645\u062f\u0631\u0628\/","og_site_name":"L&#039;Atelier l&#039;art de boxer","article_modified_time":"2023-11-12T23:47:24+00:00","og_image":[{"url":"https:\/\/latelierlartdeboxer.com\/wp-content\/uploads\/2023\/05\/logo-qg-300x300.png","type":"","width":"","height":""}],"twitter_card":"summary_large_image","twitter_misc":{"\u0648\u0642\u062a \u0627\u0644\u0642\u0631\u0627\u0621\u0629 \u0627\u0644\u0645\u064f\u0642\u062f\u0651\u0631":"\u062f\u0642\u064a\u0642\u0629 \u0648\u0627\u062d\u062f\u0629"},"schema":{"@context":"https:\/\/schema.org","@graph":[{"@type":"WebPage","@id":"https:\/\/latelierlartdeboxer.com\/le-q-g\/le-coach-wanted\/","url":"https:\/\/latelierlartdeboxer.com\/le-q-g\/le-coach-wanted\/","name":"\u0645\u0637\u0644\u0648\u0628 \u0645\u062f\u0631\u0628 - \u0648\u0631\u0634\u0629 \u0639\u0645\u0644 \u0641\u0646 \u0627\u0644\u0645\u0644\u0627\u0643\u0645\u0629 - \u0641\u0646 \u0627\u0644\u0645\u0644\u0627\u0643\u0645\u0629","isPartOf":{"@id":"https:\/\/latelierlartdeboxer.com\/#website"},"datePublished":"2023-11-12T23:45:05+00:00","dateModified":"2023-11-12T23:47:24+00:00","breadcrumb":{"@id":"https:\/\/latelierlartdeboxer.com\/le-q-g\/le-coach-wanted\/#breadcrumb"},"inLanguage":"ar","potentialAction":[{"@type":"ReadAction","target":["https:\/\/latelierlartdeboxer.com\/le-q-g\/le-coach-wanted\/"]}]},{"@type":"BreadcrumbList","@id":"https:\/\/latelierlartdeboxer.com\/le-q-g\/le-coach-wanted\/#breadcrumb","itemListElement":[{"@type":"ListItem","position":1,"name":"Accueil","item":"https:\/\/latelierlartdeboxer.com\/"},{"@type":"ListItem","position":2,"name":"Le Quartier G\u00e9n\u00e9ral","item":"https:\/\/latelierlartdeboxer.com\/le-q-g\/"},{"@type":"ListItem","position":3,"name":"Le Coach Wanted"}]},{"@type":"WebSite","@id":"https:\/\/latelierlartdeboxer.com\/#website","url":"https:\/\/latelierlartdeboxer.com\/","name":"\u0648\u0631\u0634\u0629 \u0639\u0645\u0644 \u0641\u0646 \u0627\u0644\u0645\u0644\u0627\u0643\u0645\u0629","description":"","publisher":{"@id":"https:\/\/latelierlartdeboxer.com\/#organization"},"potentialAction":[{"@type":"SearchAction","target":{"@type":"EntryPoint","urlTemplate":"https:\/\/latelierlartdeboxer.com\/?s={search_term_string}"},"query-input":{"@type":"PropertyValueSpecification","valueRequired":true,"valueName":"search_term_string"}}],"inLanguage":"ar"},{"@type":"Organization","@id":"https:\/\/latelierlartdeboxer.com\/#organization","name":"\u0648\u0631\u0634\u0629 \u0639\u0645\u0644 \u0641\u0646 \u0627\u0644\u0645\u0644\u0627\u0643\u0645\u0629","url":"https:\/\/latelierlartdeboxer.com\/","logo":{"@type":"ImageObject","inLanguage":"ar","@id":"https:\/\/latelierlartdeboxer.com\/#\/schema\/logo\/image\/","url":"https:\/\/latelierlartdeboxer.com\/wp-content\/uploads\/2023\/05\/cropped-logo.png","contentUrl":"https:\/\/latelierlartdeboxer.com\/wp-content\/uploads\/2023\/05\/cropped-logo.png","width":1062,"height":1062,"caption":"L&#039;Atelier l&#039;art de boxer"},"image":{"@id":"https:\/\/latelierlartdeboxer.com\/#\/schema\/logo\/image\/"}}]}},"_links":{"self":[{"href":"https:\/\/latelierlartdeboxer.com\/ar\/wp-json\/wp\/v2\/pages\/1979","targetHints":{"allow":["GET"]}}],"collection":[{"href":"https:\/\/latelierlartdeboxer.com\/ar\/wp-json\/wp\/v2\/pages"}],"about":[{"href":"https:\/\/latelierlartdeboxer.com\/ar\/wp-json\/wp\/v2\/types\/page"}],"author":[{"embeddable":true,"href":"https:\/\/latelierlartdeboxer.com\/ar\/wp-json\/wp\/v2\/users\/1"}],"replies":[{"embeddable":true,"href":"https:\/\/latelierlartdeboxer.com\/ar\/wp-json\/wp\/v2\/comments?post=1979"}],"version-history":[{"count":5,"href":"https:\/\/latelierlartdeboxer.com\/ar\/wp-json\/wp\/v2\/pages\/1979\/revisions"}],"predecessor-version":[{"id":1989,"href":"https:\/\/latelierlartdeboxer.com\/ar\/wp-json\/wp\/v2\/pages\/1979\/revisions\/1989"}],"up":[{"embeddable":true,"href":"https:\/\/latelierlartdeboxer.com\/ar\/wp-json\/wp\/v2\/pages\/49"}],"wp:attachment":[{"href":"https:\/\/latelierlartdeboxer.com\/ar\/wp-json\/wp\/v2\/media?parent=1979"}],"curies":[{"name":"wp","href":"https:\/\/api.w.org\/{rel}","templated":true}]}}