{"id":19,"date":"2023-05-11T08:39:01","date_gmt":"2023-05-11T06:39:01","guid":{"rendered":"https:\/\/latelierlartdeboxer.com\/?page_id=19"},"modified":"2025-08-19T17:42:06","modified_gmt":"2025-08-19T15:42:06","slug":"%d9%85%d9%86-%d9%86%d8%ad%d9%86","status":"publish","type":"page","link":"https:\/\/latelierlartdeboxer.com\/ar\/a-propos\/qui-sommes-nous\/","title":{"rendered":"\u0645\u0646 \u0646\u062d\u0646\u061f"},"content":{"rendered":"<div data-elementor-type=\"wp-page\" data-elementor-id=\"19\" class=\"elementor elementor-19\" wpc-filter-elementor-widget=\"1\" data-elementor-post-type=\"page\">\n\t\t\t\t<div class=\"elementor-element elementor-element-41a71b4 e-flex e-con-boxed e-con e-parent\" data-id=\"41a71b4\" data-element_type=\"container\" data-e-type=\"container\" data-settings=\"{&quot;background_background&quot;:&quot;classic&quot;}\">\n\t\t\t\t\t<div class=\"e-con-inner\">\n\t\t\t\t<div class=\"elementor-element elementor-element-78d09ae elementor-widget elementor-widget-heading\" data-id=\"78d09ae\" data-element_type=\"widget\" data-e-type=\"widget\" data-widget_type=\"heading.default\">\n\t\t\t\t<div class=\"elementor-widget-container\">\n\t\t\t\t\t<h3 class=\"elementor-heading-title elementor-size-default\">\u0646\u0628\u0630\u0629 \u0639\u0646 \u0627\u0644\u0623\u062a\u064a\u0644\u064a\u0647<\/h3>\t\t\t\t<\/div>\n\t\t\t\t<\/div>\n\t\t\t\t<div class=\"elementor-element elementor-element-2c1b0c2 elementor-widget-divider--view-line elementor-widget elementor-widget-divider\" data-id=\"2c1b0c2\" data-element_type=\"widget\" data-e-type=\"widget\" data-widget_type=\"divider.default\">\n\t\t\t\t<div class=\"elementor-widget-container\">\n\t\t\t\t\t\t\t<div class=\"elementor-divider\">\n\t\t\t<span class=\"elementor-divider-separator\">\n\t\t\t\t\t\t<\/span>\n\t\t<\/div>\n\t\t\t\t\t\t<\/div>\n\t\t\t\t<\/div>\n\t\t\t\t<div class=\"elementor-element elementor-element-2a4fd0f elementor-widget elementor-widget-heading\" data-id=\"2a4fd0f\" data-element_type=\"widget\" data-e-type=\"widget\" data-widget_type=\"heading.default\">\n\t\t\t\t<div class=\"elementor-widget-container\">\n\t\t\t\t\t<h1 class=\"elementor-heading-title elementor-size-default\">\u0645\u0646 \u0646\u062d\u0646\u061f<\/h1>\t\t\t\t<\/div>\n\t\t\t\t<\/div>\n\t\t\t\t\t<\/div>\n\t\t\t\t<\/div>\n\t\t<div class=\"elementor-element elementor-element-6dd86ee e-flex e-con-boxed e-con e-parent\" data-id=\"6dd86ee\" data-element_type=\"container\" data-e-type=\"container\">\n\t\t\t\t\t<div class=\"e-con-inner\">\n\t\t<div class=\"elementor-element elementor-element-784c519 e-flex e-con-boxed e-con e-child\" data-id=\"784c519\" data-element_type=\"container\" data-e-type=\"container\">\n\t\t\t\t\t<div class=\"e-con-inner\">\n\t\t\t\t<div class=\"elementor-element elementor-element-50fde2a elementor-widget elementor-widget-image\" data-id=\"50fde2a\" data-element_type=\"widget\" data-e-type=\"widget\" data-widget_type=\"image.default\">\n\t\t\t\t<div class=\"elementor-widget-container\">\n\t\t\t\t\t\t\t\t\t\t\t\t\t\t\t<img fetchpriority=\"high\" decoding=\"async\" width=\"300\" height=\"300\" src=\"https:\/\/latelierlartdeboxer.com\/wp-content\/uploads\/2023\/05\/cropped-cropped-logo-300x300.png\" class=\"attachment-medium size-medium wp-image-96\" alt=\"\" srcset=\"https:\/\/latelierlartdeboxer.com\/wp-content\/uploads\/2023\/05\/cropped-cropped-logo-300x300.png 300w, https:\/\/latelierlartdeboxer.com\/wp-content\/uploads\/2023\/05\/cropped-cropped-logo-150x150.png 150w, https:\/\/latelierlartdeboxer.com\/wp-content\/uploads\/2023\/05\/cropped-cropped-logo-270x270.png 270w, https:\/\/latelierlartdeboxer.com\/wp-content\/uploads\/2023\/05\/cropped-cropped-logo-192x192.png 192w, https:\/\/latelierlartdeboxer.com\/wp-content\/uploads\/2023\/05\/cropped-cropped-logo-180x180.png 180w, https:\/\/latelierlartdeboxer.com\/wp-content\/uploads\/2023\/05\/cropped-cropped-logo-32x32.png 32w, https:\/\/latelierlartdeboxer.com\/wp-content\/uploads\/2023\/05\/cropped-cropped-logo.png 512w\" sizes=\"(max-width: 300px) 100vw, 300px\" \/>\t\t\t\t\t\t\t\t\t\t\t\t\t\t\t<\/div>\n\t\t\t\t<\/div>\n\t\t\t\t\t<\/div>\n\t\t\t\t<\/div>\n\t\t\t\t\t<\/div>\n\t\t\t\t<\/div>\n\t\t<div class=\"elementor-element elementor-element-e5679b2 e-flex e-con-boxed e-con e-parent\" data-id=\"e5679b2\" data-element_type=\"container\" data-e-type=\"container\">\n\t\t\t\t\t<div class=\"e-con-inner\">\n\t\t<div class=\"elementor-element elementor-element-44c653e e-con-full e-flex e-con e-child\" data-id=\"44c653e\" data-element_type=\"container\" data-e-type=\"container\">\n\t\t\t\t<div class=\"elementor-element elementor-element-a4aabe1 elementor-widget elementor-widget-text-editor\" data-id=\"a4aabe1\" data-element_type=\"widget\" data-e-type=\"widget\" data-widget_type=\"text-editor.default\">\n\t\t\t\t<div class=\"elementor-widget-container\">\n\t\t\t\t\t\t\t\t\t<p>\u062a\u0623\u0633\u0633 Atelier l'art de boxer \u0641\u064a \u0639\u0627\u0645 2023\u060c \u0648\u0647\u0648 \u0646\u0638\u0627\u0645 \u0628\u064a\u0626\u064a \u0645\u0635\u0645\u0645 \u0644\u062a\u0633\u0647\u064a\u0644 \u0627\u0644\u062a\u0628\u0627\u062f\u0644 \u0628\u064a\u0646 \u0639\u0634\u0627\u0642 \u0627\u0644\u0645\u0644\u0627\u0643\u0645\u0629 \u0648\u0641\u0646\u0648\u0646 \u0627\u0644\u0642\u062a\u0627\u0644 \u0627\u0644\u0645\u062e\u062a\u0644\u0637\u0629 \u062d\u0648\u0644 \u0627\u0644\u0639\u0627\u0644\u0645.\u00a0<\/p><p>\u0647\u0646\u0627\u0643 \u0627\u0644\u0639\u062f\u064a\u062f \u0645\u0646 \u0627\u0644\u0645\u0646\u0635\u0627\u062a \u0627\u0644\u0645\u062a\u0627\u062d\u0629 \u0644\u062a\u0645\u0643\u064a\u0646 \u0627\u0644\u0647\u0648\u0627\u0629 \u0648\u0627\u0644\u0645\u062d\u062a\u0631\u0641\u064a\u0646 \u0639\u0644\u0649 \u062d\u062f \u0633\u0648\u0627\u0621 \u0641\u064a \u0627\u0644\u0645\u0644\u0627\u0643\u0645\u0629 \u0627\u0644\u0625\u0646\u062c\u0644\u064a\u0632\u064a\u0629 \u0648\u0627\u0644\u0643\u064a\u0643 \u0628\u0648\u0643\u0633\u064a\u0646\u063a \u0648\u0627\u0644\u0645\u0644\u0627\u0643\u0645\u0629 \u0627\u0644\u0641\u0631\u0646\u0633\u064a\u0629 \u0648\u0627\u0644\u0645\u0648\u0627\u064a\u062b\u064a\u0631\u0627\u064a \u0648\u0641\u0646\u0648\u0646 \u0627\u0644\u0642\u062a\u0627\u0644 \u0627\u0644\u0645\u062e\u062a\u0644\u0637\u0629 \u0645\u0646 \u062a\u0628\u0627\u062f\u0644 \u0648\u0645\u0634\u0627\u0631\u0643\u0629 \u0648\u0645\u0645\u0627\u0631\u0633\u0629 \u062a\u062e\u0635\u0635\u0627\u062a\u0647\u0645 \u0627\u0644\u0645\u0641\u0636\u0644\u0629 \u0641\u064a \u0623\u0641\u0636\u0644 \u0627\u0644\u0638\u0631\u0648\u0641 \u0627\u0644\u0645\u0645\u0643\u0646\u0629.\u00a0\u00a0<\/p><p>\u0627\u0644\u0623\u0647\u062f\u0627\u0641:<\/p><ul><li>- \u0627\u0644\u062a\u0631\u0648\u064a\u062c \u0644\u0644\u0631\u064a\u0627\u0636\u0627\u062a \u0627\u0644\u062a\u064a \u062a\u062a\u0637\u0644\u0628 \u0627\u0644\u0627\u062d\u062a\u0643\u0627\u0643 \u0627\u0644\u062c\u0633\u062f\u064a,<\/li><li>- \u062a\u0639\u0631\u064a\u0641 \u0627\u0644\u0646\u0627\u0633 \u0628\u062a\u062e\u0635\u0635\u0627\u062a \u0642\u0628\u0636\u0629 \u0627\u0644\u0642\u062f\u0645 \u0644\u062f\u064a\u0646\u0627,<\/li><li>- \u0627\u062d\u062a\u0631\u0627\u0641 \u0627\u0644\u0631\u064a\u0627\u0636\u064a\u064a\u0646 \u0648\u0627\u0644\u0645\u062f\u0631\u0628\u064a\u0646 \u0648\u0627\u0644\u0623\u0646\u062f\u064a\u0629...<\/li><li>- \u062a\u0633\u0647\u064a\u0644 \u0627\u0644\u0648\u0635\u0648\u0644 \u0625\u0644\u0649 \u062a\u062e\u0635\u0635\u0627\u062a\u0646\u0627\u060c \u0648\u0644\u0627 \u0633\u064a\u0645\u0627 \u0645\u0646 \u062e\u0644\u0627\u0644 \u0627\u0642\u062a\u0646\u0627\u0621 \u0627\u0644\u0645\u0639\u062f\u0627\u062a \u0627\u0644\u0645\u0646\u0627\u0633\u0628\u0629 \u0644\u0644\u0623\u0646\u0634\u0637\u0629 \u0627\u0644\u0631\u064a\u0627\u0636\u064a\u0629 \u0627\u0644\u0622\u0645\u0646\u0629,\u00a0<\/li><li>- \u062a\u062c\u0645\u064a\u0639 \u0643\u0644 \u0627\u0644\u0645\u0639\u0644\u0648\u0645\u0627\u062a \u0627\u0644\u0645\u062a\u0639\u0644\u0642\u0629 \u0628\u0627\u0644\u0645\u0644\u0627\u0643\u0645\u0629 \u0627\u0644\u0642\u0627\u0626\u0645\u0629 \u0639\u0644\u0649 \u0642\u0628\u0636\u0629 \u0627\u0644\u064a\u062f \u0648\u0641\u0646\u0648\u0646 \u0627\u0644\u0642\u062a\u0627\u0644 \u0627\u0644\u0645\u062e\u062a\u0644\u0637\u0629 \u0641\u064a \u0642\u0627\u0639\u062f\u0629 \u0628\u064a\u0627\u0646\u0627\u062a \u0648\u0627\u062d\u062f\u0629\u060c \u0645\u0645\u0627 \u064a\u0633\u0647\u0644 \u0627\u0644\u0639\u062b\u0648\u0631 \u0639\u0644\u0649 \u0645\u062e\u062a\u0644\u0641 \u0627\u0644\u062c\u0647\u0627\u062a \u0627\u0644\u0641\u0627\u0639\u0644\u0629 \u0627\u0644\u0645\u0634\u0627\u0631\u0643\u0629 \u0641\u064a \u062a\u0637\u0648\u064a\u0631 \u0648\u062a\u0648\u0633\u064a\u0639 \u0646\u0637\u0627\u0642 \u0645\u0634\u0627\u0631\u064a\u0639 \u0631\u064a\u0627\u0636\u0627\u062a \u0627\u0644\u0627\u062d\u062a\u0643\u0627\u0643.<\/li><\/ul>\t\t\t\t\t\t\t\t<\/div>\n\t\t\t\t<\/div>\n\t\t\t\t<\/div>\n\t\t\t\t\t<\/div>\n\t\t\t\t<\/div>\n\t\t\t\t<\/div>","protected":false},"excerpt":{"rendered":"<p>A propos de l&rsquo;Atelier Qui sommes nous ? Fond\u00e9 en 2023, l&rsquo;Atelier l&rsquo;art de boxer est un \u00e9cosyst\u00e8me destin\u00e9 \u00e0 faciliter les \u00e9changes entre les passionn\u00e9s de boxe pieds poings et de MMA dans le monde entier.\u00a0 Plusieurs plateformes sont propos\u00e9es pour permettre aux amateurs comme aux professionnels de la boxe anglaise, du kickboxing, de [&hellip;]<\/p>\n","protected":false},"author":1,"featured_media":0,"parent":13,"menu_order":0,"comment_status":"closed","ping_status":"closed","template":"","meta":{"_acf_changed":false,"site-sidebar-layout":"no-sidebar","site-content-layout":"page-builder","ast-site-content-layout":"default","site-content-style":"default","site-sidebar-style":"default","ast-global-header-display":"","ast-banner-title-visibility":"","ast-main-header-display":"","ast-hfb-above-header-display":"","ast-hfb-below-header-display":"","ast-hfb-mobile-header-display":"","site-post-title":"","ast-breadcrumbs-content":"","ast-featured-img":"disabled","footer-sml-layout":"","ast-disable-related-posts":"","theme-transparent-header-meta":"enabled","adv-header-id-meta":"","stick-header-meta":"","header-above-stick-meta":"","header-main-stick-meta":"","header-below-stick-meta":"","astra-migrate-meta-layouts":"default","ast-page-background-enabled":"default","ast-page-background-meta":{"desktop":{"background-color":"var(--ast-global-color-4)","background-image":"","background-repeat":"repeat","background-position":"center center","background-size":"auto","background-attachment":"scroll","background-type":"","background-media":"","overlay-type":"","overlay-color":"","overlay-opacity":"","overlay-gradient":""},"tablet":{"background-color":"","background-image":"","background-repeat":"repeat","background-position":"center center","background-size":"auto","background-attachment":"scroll","background-type":"","background-media":"","overlay-type":"","overlay-color":"","overlay-opacity":"","overlay-gradient":""},"mobile":{"background-color":"","background-image":"","background-repeat":"repeat","background-position":"center center","background-size":"auto","background-attachment":"scroll","background-type":"","background-media":"","overlay-type":"","overlay-color":"","overlay-opacity":"","overlay-gradient":""}},"ast-content-background-meta":{"desktop":{"background-color":"var(--ast-global-color-5)","background-image":"","background-repeat":"repeat","background-position":"center center","background-size":"auto","background-attachment":"scroll","background-type":"","background-media":"","overlay-type":"","overlay-color":"","overlay-opacity":"","overlay-gradient":""},"tablet":{"background-color":"var(--ast-global-color-5)","background-image":"","background-repeat":"repeat","background-position":"center center","background-size":"auto","background-attachment":"scroll","background-type":"","background-media":"","overlay-type":"","overlay-color":"","overlay-opacity":"","overlay-gradient":""},"mobile":{"background-color":"var(--ast-global-color-5)","background-image":"","background-repeat":"repeat","background-position":"center center","background-size":"auto","background-attachment":"scroll","background-type":"","background-media":"","overlay-type":"","overlay-color":"","overlay-opacity":"","overlay-gradient":""}},"footnotes":""},"class_list":["post-19","page","type-page","status-publish","hentry"],"acf":[],"yoast_head":"<!-- This site is optimized with the Yoast SEO plugin v27.4 - https:\/\/yoast.com\/product\/yoast-seo-wordpress\/ -->\n<title>Qui sommes nous ? - L&#039;Atelier l&#039;art de boxer<\/title>\n<meta name=\"robots\" content=\"index, follow, max-snippet:-1, max-image-preview:large, max-video-preview:-1\" \/>\n<link rel=\"canonical\" href=\"https:\/\/latelierlartdeboxer.com\/ar\/\u0645\u0642\u062a\u0631\u062d\/\u0645\u0646-\u0646\u062d\u0646\/\" \/>\n<meta property=\"og:locale\" content=\"ar_AR\" \/>\n<meta property=\"og:type\" content=\"article\" \/>\n<meta property=\"og:title\" content=\"Qui sommes nous ? - L&#039;Atelier l&#039;art de boxer\" \/>\n<meta property=\"og:description\" content=\"A propos de l&rsquo;Atelier Qui sommes nous ? Fond\u00e9 en 2023, l&rsquo;Atelier l&rsquo;art de boxer est un \u00e9cosyst\u00e8me destin\u00e9 \u00e0 faciliter les \u00e9changes entre les passionn\u00e9s de boxe pieds poings et de MMA dans le monde entier.\u00a0 Plusieurs plateformes sont propos\u00e9es pour permettre aux amateurs comme aux professionnels de la boxe anglaise, du kickboxing, de [&hellip;]\" \/>\n<meta property=\"og:url\" content=\"https:\/\/latelierlartdeboxer.com\/ar\/\u0645\u0642\u062a\u0631\u062d\/\u0645\u0646-\u0646\u062d\u0646\/\" \/>\n<meta property=\"og:site_name\" content=\"L&#039;Atelier l&#039;art de boxer\" \/>\n<meta property=\"article:modified_time\" content=\"2025-08-19T15:42:06+00:00\" \/>\n<meta property=\"og:image\" content=\"https:\/\/latelierlartdeboxer.com\/wp-content\/uploads\/2023\/05\/cropped-cropped-logo.png\" \/>\n\t<meta property=\"og:image:width\" content=\"512\" \/>\n\t<meta property=\"og:image:height\" content=\"512\" \/>\n\t<meta property=\"og:image:type\" content=\"image\/png\" \/>\n<meta name=\"twitter:card\" content=\"summary_large_image\" \/>\n<meta name=\"twitter:label1\" content=\"\u0648\u0642\u062a \u0627\u0644\u0642\u0631\u0627\u0621\u0629 \u0627\u0644\u0645\u064f\u0642\u062f\u0651\u0631\" \/>\n\t<meta name=\"twitter:data1\" content=\"\u062f\u0642\u064a\u0642\u0629 \u0648\u0627\u062d\u062f\u0629\" \/>\n<script type=\"application\/ld+json\" class=\"yoast-schema-graph\">{\"@context\":\"https:\\\/\\\/schema.org\",\"@graph\":[{\"@type\":\"WebPage\",\"@id\":\"https:\\\/\\\/latelierlartdeboxer.com\\\/a-propos\\\/qui-sommes-nous\\\/\",\"url\":\"https:\\\/\\\/latelierlartdeboxer.com\\\/a-propos\\\/qui-sommes-nous\\\/\",\"name\":\"Qui sommes nous ? - L&#039;Atelier l&#039;art de boxer\",\"isPartOf\":{\"@id\":\"https:\\\/\\\/latelierlartdeboxer.com\\\/#website\"},\"datePublished\":\"2023-05-11T06:39:01+00:00\",\"dateModified\":\"2025-08-19T15:42:06+00:00\",\"breadcrumb\":{\"@id\":\"https:\\\/\\\/latelierlartdeboxer.com\\\/a-propos\\\/qui-sommes-nous\\\/#breadcrumb\"},\"inLanguage\":\"ar\",\"potentialAction\":[{\"@type\":\"ReadAction\",\"target\":[\"https:\\\/\\\/latelierlartdeboxer.com\\\/a-propos\\\/qui-sommes-nous\\\/\"]}]},{\"@type\":\"BreadcrumbList\",\"@id\":\"https:\\\/\\\/latelierlartdeboxer.com\\\/a-propos\\\/qui-sommes-nous\\\/#breadcrumb\",\"itemListElement\":[{\"@type\":\"ListItem\",\"position\":1,\"name\":\"Accueil\",\"item\":\"https:\\\/\\\/latelierlartdeboxer.com\\\/\"},{\"@type\":\"ListItem\",\"position\":2,\"name\":\"A propos\",\"item\":\"https:\\\/\\\/latelierlartdeboxer.com\\\/a-propos\\\/\"},{\"@type\":\"ListItem\",\"position\":3,\"name\":\"Qui sommes nous ?\"}]},{\"@type\":\"WebSite\",\"@id\":\"https:\\\/\\\/latelierlartdeboxer.com\\\/#website\",\"url\":\"https:\\\/\\\/latelierlartdeboxer.com\\\/\",\"name\":\"L&#039;Atelier l&#039;art de boxer\",\"description\":\"\",\"publisher\":{\"@id\":\"https:\\\/\\\/latelierlartdeboxer.com\\\/#organization\"},\"potentialAction\":[{\"@type\":\"SearchAction\",\"target\":{\"@type\":\"EntryPoint\",\"urlTemplate\":\"https:\\\/\\\/latelierlartdeboxer.com\\\/?s={search_term_string}\"},\"query-input\":{\"@type\":\"PropertyValueSpecification\",\"valueRequired\":true,\"valueName\":\"search_term_string\"}}],\"inLanguage\":\"ar\"},{\"@type\":\"Organization\",\"@id\":\"https:\\\/\\\/latelierlartdeboxer.com\\\/#organization\",\"name\":\"L&#039;Atelier l&#039;art de boxer\",\"url\":\"https:\\\/\\\/latelierlartdeboxer.com\\\/\",\"logo\":{\"@type\":\"ImageObject\",\"inLanguage\":\"ar\",\"@id\":\"https:\\\/\\\/latelierlartdeboxer.com\\\/#\\\/schema\\\/logo\\\/image\\\/\",\"url\":\"https:\\\/\\\/latelierlartdeboxer.com\\\/wp-content\\\/uploads\\\/2023\\\/05\\\/cropped-logo.png\",\"contentUrl\":\"https:\\\/\\\/latelierlartdeboxer.com\\\/wp-content\\\/uploads\\\/2023\\\/05\\\/cropped-logo.png\",\"width\":1062,\"height\":1062,\"caption\":\"L&#039;Atelier l&#039;art de boxer\"},\"image\":{\"@id\":\"https:\\\/\\\/latelierlartdeboxer.com\\\/#\\\/schema\\\/logo\\\/image\\\/\"}}]}<\/script>\n<!-- \/ Yoast SEO plugin. -->","yoast_head_json":{"title":"\u0645\u0646 \u0646\u062d\u0646 - \u0648\u0631\u0634\u0629 \u0639\u0645\u0644 \u0641\u0646 \u0627\u0644\u0645\u0644\u0627\u0643\u0645\u0629","robots":{"index":"index","follow":"follow","max-snippet":"max-snippet:-1","max-image-preview":"max-image-preview:large","max-video-preview":"max-video-preview:-1"},"canonical":"https:\/\/latelierlartdeboxer.com\/ar\/\u0645\u0642\u062a\u0631\u062d\/\u0645\u0646-\u0646\u062d\u0646\/","og_locale":"ar_AR","og_type":"article","og_title":"Qui sommes nous ? - L&#039;Atelier l&#039;art de boxer","og_description":"A propos de l&rsquo;Atelier Qui sommes nous ? Fond\u00e9 en 2023, l&rsquo;Atelier l&rsquo;art de boxer est un \u00e9cosyst\u00e8me destin\u00e9 \u00e0 faciliter les \u00e9changes entre les passionn\u00e9s de boxe pieds poings et de MMA dans le monde entier.\u00a0 Plusieurs plateformes sont propos\u00e9es pour permettre aux amateurs comme aux professionnels de la boxe anglaise, du kickboxing, de [&hellip;]","og_url":"https:\/\/latelierlartdeboxer.com\/ar\/\u0645\u0642\u062a\u0631\u062d\/\u0645\u0646-\u0646\u062d\u0646\/","og_site_name":"L&#039;Atelier l&#039;art de boxer","article_modified_time":"2025-08-19T15:42:06+00:00","og_image":[{"width":512,"height":512,"url":"https:\/\/latelierlartdeboxer.com\/wp-content\/uploads\/2023\/05\/cropped-cropped-logo.png","type":"image\/png"}],"twitter_card":"summary_large_image","twitter_misc":{"\u0648\u0642\u062a \u0627\u0644\u0642\u0631\u0627\u0621\u0629 \u0627\u0644\u0645\u064f\u0642\u062f\u0651\u0631":"\u062f\u0642\u064a\u0642\u0629 \u0648\u0627\u062d\u062f\u0629"},"schema":{"@context":"https:\/\/schema.org","@graph":[{"@type":"WebPage","@id":"https:\/\/latelierlartdeboxer.com\/a-propos\/qui-sommes-nous\/","url":"https:\/\/latelierlartdeboxer.com\/a-propos\/qui-sommes-nous\/","name":"\u0645\u0646 \u0646\u062d\u0646 - \u0648\u0631\u0634\u0629 \u0639\u0645\u0644 \u0641\u0646 \u0627\u0644\u0645\u0644\u0627\u0643\u0645\u0629","isPartOf":{"@id":"https:\/\/latelierlartdeboxer.com\/#website"},"datePublished":"2023-05-11T06:39:01+00:00","dateModified":"2025-08-19T15:42:06+00:00","breadcrumb":{"@id":"https:\/\/latelierlartdeboxer.com\/a-propos\/qui-sommes-nous\/#breadcrumb"},"inLanguage":"ar","potentialAction":[{"@type":"ReadAction","target":["https:\/\/latelierlartdeboxer.com\/a-propos\/qui-sommes-nous\/"]}]},{"@type":"BreadcrumbList","@id":"https:\/\/latelierlartdeboxer.com\/a-propos\/qui-sommes-nous\/#breadcrumb","itemListElement":[{"@type":"ListItem","position":1,"name":"Accueil","item":"https:\/\/latelierlartdeboxer.com\/"},{"@type":"ListItem","position":2,"name":"A propos","item":"https:\/\/latelierlartdeboxer.com\/a-propos\/"},{"@type":"ListItem","position":3,"name":"Qui sommes nous ?"}]},{"@type":"WebSite","@id":"https:\/\/latelierlartdeboxer.com\/#website","url":"https:\/\/latelierlartdeboxer.com\/","name":"\u0648\u0631\u0634\u0629 \u0639\u0645\u0644 \u0641\u0646 \u0627\u0644\u0645\u0644\u0627\u0643\u0645\u0629","description":"","publisher":{"@id":"https:\/\/latelierlartdeboxer.com\/#organization"},"potentialAction":[{"@type":"SearchAction","target":{"@type":"EntryPoint","urlTemplate":"https:\/\/latelierlartdeboxer.com\/?s={search_term_string}"},"query-input":{"@type":"PropertyValueSpecification","valueRequired":true,"valueName":"search_term_string"}}],"inLanguage":"ar"},{"@type":"Organization","@id":"https:\/\/latelierlartdeboxer.com\/#organization","name":"\u0648\u0631\u0634\u0629 \u0639\u0645\u0644 \u0641\u0646 \u0627\u0644\u0645\u0644\u0627\u0643\u0645\u0629","url":"https:\/\/latelierlartdeboxer.com\/","logo":{"@type":"ImageObject","inLanguage":"ar","@id":"https:\/\/latelierlartdeboxer.com\/#\/schema\/logo\/image\/","url":"https:\/\/latelierlartdeboxer.com\/wp-content\/uploads\/2023\/05\/cropped-logo.png","contentUrl":"https:\/\/latelierlartdeboxer.com\/wp-content\/uploads\/2023\/05\/cropped-logo.png","width":1062,"height":1062,"caption":"L&#039;Atelier l&#039;art de boxer"},"image":{"@id":"https:\/\/latelierlartdeboxer.com\/#\/schema\/logo\/image\/"}}]}},"_links":{"self":[{"href":"https:\/\/latelierlartdeboxer.com\/ar\/wp-json\/wp\/v2\/pages\/19","targetHints":{"allow":["GET"]}}],"collection":[{"href":"https:\/\/latelierlartdeboxer.com\/ar\/wp-json\/wp\/v2\/pages"}],"about":[{"href":"https:\/\/latelierlartdeboxer.com\/ar\/wp-json\/wp\/v2\/types\/page"}],"author":[{"embeddable":true,"href":"https:\/\/latelierlartdeboxer.com\/ar\/wp-json\/wp\/v2\/users\/1"}],"replies":[{"embeddable":true,"href":"https:\/\/latelierlartdeboxer.com\/ar\/wp-json\/wp\/v2\/comments?post=19"}],"version-history":[{"count":82,"href":"https:\/\/latelierlartdeboxer.com\/ar\/wp-json\/wp\/v2\/pages\/19\/revisions"}],"predecessor-version":[{"id":4206,"href":"https:\/\/latelierlartdeboxer.com\/ar\/wp-json\/wp\/v2\/pages\/19\/revisions\/4206"}],"up":[{"embeddable":true,"href":"https:\/\/latelierlartdeboxer.com\/ar\/wp-json\/wp\/v2\/pages\/13"}],"wp:attachment":[{"href":"https:\/\/latelierlartdeboxer.com\/ar\/wp-json\/wp\/v2\/media?parent=19"}],"curies":[{"name":"wp","href":"https:\/\/api.w.org\/{rel}","templated":true}]}}