{"id":15,"date":"2023-05-11T08:37:42","date_gmt":"2023-05-11T06:37:42","guid":{"rendered":"https:\/\/latelierlartdeboxer.com\/?page_id=15"},"modified":"2023-05-17T11:34:52","modified_gmt":"2023-05-17T09:34:52","slug":"%d9%84%d9%85%d8%a7%d8%b0%d8%a7-%d8%a7%d9%84%d9%85%d9%84%d8%a7%d9%83%d9%85%d8%a9","status":"publish","type":"page","link":"https:\/\/latelierlartdeboxer.com\/ar\/a-propos\/pourquoi-la-boxe\/","title":{"rendered":"\u0644\u0645\u0627\u0630\u0627 \u0627\u0644\u0645\u0644\u0627\u0643\u0645\u0629\u061f"},"content":{"rendered":"<div data-elementor-type=\"wp-page\" data-elementor-id=\"15\" class=\"elementor elementor-15\" wpc-filter-elementor-widget=\"1\" data-elementor-post-type=\"page\">\n\t\t\t\t<div class=\"elementor-element elementor-element-4151f5a e-flex e-con-boxed e-con e-parent\" data-id=\"4151f5a\" data-element_type=\"container\" data-e-type=\"container\" data-settings=\"{&quot;background_background&quot;:&quot;classic&quot;}\">\n\t\t\t\t\t<div class=\"e-con-inner\">\n\t\t\t\t<div class=\"elementor-element elementor-element-1aaae72 elementor-widget elementor-widget-heading\" data-id=\"1aaae72\" data-element_type=\"widget\" data-e-type=\"widget\" data-widget_type=\"heading.default\">\n\t\t\t\t<div class=\"elementor-widget-container\">\n\t\t\t\t\t<h3 class=\"elementor-heading-title elementor-size-default\">\u0646\u0628\u0630\u0629 \u0639\u0646 \u0627\u0644\u0623\u062a\u064a\u0644\u064a\u0647<\/h3>\t\t\t\t<\/div>\n\t\t\t\t<\/div>\n\t\t\t\t<div class=\"elementor-element elementor-element-2e5be2e elementor-widget-divider--view-line elementor-widget elementor-widget-divider\" data-id=\"2e5be2e\" data-element_type=\"widget\" data-e-type=\"widget\" data-widget_type=\"divider.default\">\n\t\t\t\t<div class=\"elementor-widget-container\">\n\t\t\t\t\t\t\t<div class=\"elementor-divider\">\n\t\t\t<span class=\"elementor-divider-separator\">\n\t\t\t\t\t\t<\/span>\n\t\t<\/div>\n\t\t\t\t\t\t<\/div>\n\t\t\t\t<\/div>\n\t\t\t\t<div class=\"elementor-element elementor-element-22df0e2 elementor-widget elementor-widget-heading\" data-id=\"22df0e2\" data-element_type=\"widget\" data-e-type=\"widget\" data-widget_type=\"heading.default\">\n\t\t\t\t<div class=\"elementor-widget-container\">\n\t\t\t\t\t<h1 class=\"elementor-heading-title elementor-size-default\">\u0644\u0645\u0627\u0630\u0627 \u0627\u0644\u0645\u0644\u0627\u0643\u0645\u0629\u061f<\/h1>\t\t\t\t<\/div>\n\t\t\t\t<\/div>\n\t\t\t\t\t<\/div>\n\t\t\t\t<\/div>\n\t\t<div class=\"elementor-element elementor-element-2d18017 e-flex e-con-boxed e-con e-parent\" data-id=\"2d18017\" data-element_type=\"container\" data-e-type=\"container\">\n\t\t\t\t\t<div class=\"e-con-inner\">\n\t\t<div class=\"elementor-element elementor-element-dfd022a e-con-full e-flex e-con e-parent\" data-id=\"dfd022a\" data-element_type=\"container\" data-e-type=\"container\">\n\t\t\t\t<div class=\"elementor-element elementor-element-1c1f5d6 elementor-widget elementor-widget-heading\" data-id=\"1c1f5d6\" data-element_type=\"widget\" data-e-type=\"widget\" data-widget_type=\"heading.default\">\n\t\t\t\t<div class=\"elementor-widget-container\">\n\t\t\t\t\t<h2 class=\"elementor-heading-title elementor-size-default\">Pour le bien \u00eatre<\/h2>\t\t\t\t<\/div>\n\t\t\t\t<\/div>\n\t\t\t\t<div class=\"elementor-element elementor-element-0671968 elementor-widget-divider--view-line elementor-widget elementor-widget-divider\" data-id=\"0671968\" data-element_type=\"widget\" data-e-type=\"widget\" data-widget_type=\"divider.default\">\n\t\t\t\t<div class=\"elementor-widget-container\">\n\t\t\t\t\t\t\t<div class=\"elementor-divider\">\n\t\t\t<span class=\"elementor-divider-separator\">\n\t\t\t\t\t\t<\/span>\n\t\t<\/div>\n\t\t\t\t\t\t<\/div>\n\t\t\t\t<\/div>\n\t\t\t\t<div class=\"elementor-element elementor-element-87dee2e elementor-widget elementor-widget-text-editor\" data-id=\"87dee2e\" data-element_type=\"widget\" data-e-type=\"widget\" data-widget_type=\"text-editor.default\">\n\t\t\t\t<div class=\"elementor-widget-container\">\n\t\t\t\t\t\t\t\t\t<p>Le sport c\u2019est la sant\u00e9 ! Gr\u00e2ce aux entrainements de L\u2019ATELIER, vous resterez actifs ce qui vous maintiendra en forme. De plus, la boxe est un bon moyen de d\u00e9compresser. La perte de calories et le gain de tonus sont des \u00e9l\u00e9ments qui vous seront faciles \u00e0 acqu\u00e9rir.<\/p>\t\t\t\t\t\t\t\t<\/div>\n\t\t\t\t<\/div>\n\t\t\t\t<\/div>\n\t\t<div class=\"elementor-element elementor-element-8b5a1da e-con-full e-flex e-con e-parent\" data-id=\"8b5a1da\" data-element_type=\"container\" data-e-type=\"container\">\n\t\t\t\t<div class=\"elementor-element elementor-element-b730c69 elementor-widget elementor-widget-heading\" data-id=\"b730c69\" data-element_type=\"widget\" data-e-type=\"widget\" data-widget_type=\"heading.default\">\n\t\t\t\t<div class=\"elementor-widget-container\">\n\t\t\t\t\t<h2 class=\"elementor-heading-title elementor-size-default\">Pour d\u00e9velopper des qualit\u00e9s physiques<\/h2>\t\t\t\t<\/div>\n\t\t\t\t<\/div>\n\t\t\t\t<div class=\"elementor-element elementor-element-175bec7 elementor-widget-divider--view-line elementor-widget elementor-widget-divider\" data-id=\"175bec7\" data-element_type=\"widget\" data-e-type=\"widget\" data-widget_type=\"divider.default\">\n\t\t\t\t<div class=\"elementor-widget-container\">\n\t\t\t\t\t\t\t<div class=\"elementor-divider\">\n\t\t\t<span class=\"elementor-divider-separator\">\n\t\t\t\t\t\t<\/span>\n\t\t<\/div>\n\t\t\t\t\t\t<\/div>\n\t\t\t\t<\/div>\n\t\t\t\t<div class=\"elementor-element elementor-element-f12e891 elementor-widget elementor-widget-text-editor\" data-id=\"f12e891\" data-element_type=\"widget\" data-e-type=\"widget\" data-widget_type=\"text-editor.default\">\n\t\t\t\t<div class=\"elementor-widget-container\">\n\t\t\t\t\t\t\t\t\t<p>L&rsquo;entrainement cardio vasculaire de la boxe est connu pour \u00eatre tr\u00e8s efficace. Sans compter sur les efforts musculaires n\u00e9cessaire pour pratiquer ! Vous ressortirez de nos entrainements transform\u00e9s.<\/p>\t\t\t\t\t\t\t\t<\/div>\n\t\t\t\t<\/div>\n\t\t\t\t<\/div>\n\t\t<div class=\"elementor-element elementor-element-b5bbfd7 e-con-full e-flex e-con e-parent\" data-id=\"b5bbfd7\" data-element_type=\"container\" data-e-type=\"container\">\n\t\t\t\t<div class=\"elementor-element elementor-element-bcd98d8 elementor-widget elementor-widget-heading\" data-id=\"bcd98d8\" data-element_type=\"widget\" data-e-type=\"widget\" data-widget_type=\"heading.default\">\n\t\t\t\t<div class=\"elementor-widget-container\">\n\t\t\t\t\t<h2 class=\"elementor-heading-title elementor-size-default\">Pour se d\u00e9passer, apprendre \u00e0 se conna\u00eetre, la confiance en soi<\/h2>\t\t\t\t<\/div>\n\t\t\t\t<\/div>\n\t\t\t\t<div class=\"elementor-element elementor-element-a5c0f3a elementor-widget-divider--view-line elementor-widget elementor-widget-divider\" data-id=\"a5c0f3a\" data-element_type=\"widget\" data-e-type=\"widget\" data-widget_type=\"divider.default\">\n\t\t\t\t<div class=\"elementor-widget-container\">\n\t\t\t\t\t\t\t<div class=\"elementor-divider\">\n\t\t\t<span class=\"elementor-divider-separator\">\n\t\t\t\t\t\t<\/span>\n\t\t<\/div>\n\t\t\t\t\t\t<\/div>\n\t\t\t\t<\/div>\n\t\t\t\t<div class=\"elementor-element elementor-element-7926bce elementor-widget elementor-widget-text-editor\" data-id=\"7926bce\" data-element_type=\"widget\" data-e-type=\"widget\" data-widget_type=\"text-editor.default\">\n\t\t\t\t<div class=\"elementor-widget-container\">\n\t\t\t\t\t\t\t\t\t<p>La boxe est un sport individuel qui se pratique en \u00e9quipe. Mais c\u2019est une bataille que l\u2019on doit se livrer soi m\u00eame et celle-ci n\u2019est pas facile. Atteindre ses objectifs, r\u00e9ussir les exercices en \u00e9tant continuellement en effort nous procure une satisfaction qui d\u00e9veloppe chez nous une bonne estime de soi. Les difficult\u00e9s rencontr\u00e9es ainsi que la gestion des efforts nous permettent d\u2019apprendre quelles sont r\u00e9ellement nos limites et comment les repousser.<\/p>\t\t\t\t\t\t\t\t<\/div>\n\t\t\t\t<\/div>\n\t\t\t\t<\/div>\n\t\t<div class=\"elementor-element elementor-element-cf6d037 e-con-full e-flex e-con e-parent\" data-id=\"cf6d037\" data-element_type=\"container\" data-e-type=\"container\">\n\t\t\t\t<div class=\"elementor-element elementor-element-1a8ffb1 elementor-widget elementor-widget-heading\" data-id=\"1a8ffb1\" data-element_type=\"widget\" data-e-type=\"widget\" data-widget_type=\"heading.default\">\n\t\t\t\t<div class=\"elementor-widget-container\">\n\t\t\t\t\t<h2 class=\"elementor-heading-title elementor-size-default\">Pour apprendre, se perfectionner et performer<\/h2>\t\t\t\t<\/div>\n\t\t\t\t<\/div>\n\t\t\t\t<div class=\"elementor-element elementor-element-294e5da elementor-widget-divider--view-line elementor-widget elementor-widget-divider\" data-id=\"294e5da\" data-element_type=\"widget\" data-e-type=\"widget\" data-widget_type=\"divider.default\">\n\t\t\t\t<div class=\"elementor-widget-container\">\n\t\t\t\t\t\t\t<div class=\"elementor-divider\">\n\t\t\t<span class=\"elementor-divider-separator\">\n\t\t\t\t\t\t<\/span>\n\t\t<\/div>\n\t\t\t\t\t\t<\/div>\n\t\t\t\t<\/div>\n\t\t\t\t<div class=\"elementor-element elementor-element-b2c1a08 elementor-widget elementor-widget-text-editor\" data-id=\"b2c1a08\" data-element_type=\"widget\" data-e-type=\"widget\" data-widget_type=\"text-editor.default\">\n\t\t\t\t<div class=\"elementor-widget-container\">\n\t\t\t\t\t\t\t\t\t<p>Vous voulez apprendre la boxe mais vous appr\u00e9hendez ? Vous n\u2019osez pas allez dans un club de boxe \u00e0 cause du monde qu\u2019il y a lors des entrainements ? Vous d\u00e9sirez am\u00e9liorer votre technique mais vous n\u2019avez pas de coach ? Vous pr\u00e9parez une comp\u00e9tition, un combat ou un championnat et vous d\u00e9sirez un compl\u00e9ment d\u2019entrainement ? Nous sommes l\u00e0 pour vous accompagner lors de cette aventure gr\u00e2ce \u00e0 nos plans d\u2019entrainement personnalis\u00e9s mis en place apr\u00e8s avoir effectu\u00e9 votre profilage afin que votre planification soit optimale<\/p>\t\t\t\t\t\t\t\t<\/div>\n\t\t\t\t<\/div>\n\t\t\t\t<\/div>\n\t\t\t\t\t<\/div>\n\t\t\t\t<\/div>\n\t\t\t\t<\/div>","protected":false},"excerpt":{"rendered":"<p>A propos de l&rsquo;Atelier Pourquoi la boxe ? Pour le bien \u00eatre Le sport c\u2019est la sant\u00e9 ! Gr\u00e2ce aux entrainements de L\u2019ATELIER, vous resterez actifs ce qui vous maintiendra en forme. De plus, la boxe est un bon moyen de d\u00e9compresser. La perte de calories et le gain de tonus sont des \u00e9l\u00e9ments qui [&hellip;]<\/p>\n","protected":false},"author":1,"featured_media":0,"parent":13,"menu_order":0,"comment_status":"closed","ping_status":"closed","template":"","meta":{"_acf_changed":false,"site-sidebar-layout":"no-sidebar","site-content-layout":"page-builder","ast-site-content-layout":"default","site-content-style":"default","site-sidebar-style":"default","ast-global-header-display":"","ast-banner-title-visibility":"","ast-main-header-display":"","ast-hfb-above-header-display":"","ast-hfb-below-header-display":"","ast-hfb-mobile-header-display":"","site-post-title":"disabled","ast-breadcrumbs-content":"","ast-featured-img":"disabled","footer-sml-layout":"","ast-disable-related-posts":"","theme-transparent-header-meta":"enabled","adv-header-id-meta":"","stick-header-meta":"","header-above-stick-meta":"","header-main-stick-meta":"","header-below-stick-meta":"","astra-migrate-meta-layouts":"default","ast-page-background-enabled":"default","ast-page-background-meta":{"desktop":{"background-color":"var(--ast-global-color-4)","background-image":"","background-repeat":"repeat","background-position":"center center","background-size":"auto","background-attachment":"scroll","background-type":"","background-media":"","overlay-type":"","overlay-color":"","overlay-opacity":"","overlay-gradient":""},"tablet":{"background-color":"","background-image":"","background-repeat":"repeat","background-position":"center center","background-size":"auto","background-attachment":"scroll","background-type":"","background-media":"","overlay-type":"","overlay-color":"","overlay-opacity":"","overlay-gradient":""},"mobile":{"background-color":"","background-image":"","background-repeat":"repeat","background-position":"center center","background-size":"auto","background-attachment":"scroll","background-type":"","background-media":"","overlay-type":"","overlay-color":"","overlay-opacity":"","overlay-gradient":""}},"ast-content-background-meta":{"desktop":{"background-color":"var(--ast-global-color-5)","background-image":"","background-repeat":"repeat","background-position":"center center","background-size":"auto","background-attachment":"scroll","background-type":"","background-media":"","overlay-type":"","overlay-color":"","overlay-opacity":"","overlay-gradient":""},"tablet":{"background-color":"var(--ast-global-color-5)","background-image":"","background-repeat":"repeat","background-position":"center center","background-size":"auto","background-attachment":"scroll","background-type":"","background-media":"","overlay-type":"","overlay-color":"","overlay-opacity":"","overlay-gradient":""},"mobile":{"background-color":"var(--ast-global-color-5)","background-image":"","background-repeat":"repeat","background-position":"center center","background-size":"auto","background-attachment":"scroll","background-type":"","background-media":"","overlay-type":"","overlay-color":"","overlay-opacity":"","overlay-gradient":""}},"footnotes":""},"class_list":["post-15","page","type-page","status-publish","hentry"],"acf":[],"yoast_head":"<!-- This site is optimized with the Yoast SEO plugin v27.4 - https:\/\/yoast.com\/product\/yoast-seo-wordpress\/ -->\n<title>Pourquoi la boxe ? - L&#039;Atelier l&#039;art de boxer<\/title>\n<meta name=\"robots\" content=\"index, follow, max-snippet:-1, max-image-preview:large, max-video-preview:-1\" \/>\n<link rel=\"canonical\" href=\"https:\/\/latelierlartdeboxer.com\/ar\/\u0645\u0642\u062a\u0631\u062d\/\u0644\u0645\u0627\u0630\u0627-\u0627\u0644\u0645\u0644\u0627\u0643\u0645\u0629\/\" \/>\n<meta property=\"og:locale\" content=\"ar_AR\" \/>\n<meta property=\"og:type\" content=\"article\" \/>\n<meta property=\"og:title\" content=\"Pourquoi la boxe ? - L&#039;Atelier l&#039;art de boxer\" \/>\n<meta property=\"og:description\" content=\"A propos de l&rsquo;Atelier Pourquoi la boxe ? Pour le bien \u00eatre Le sport c\u2019est la sant\u00e9 ! Gr\u00e2ce aux entrainements de L\u2019ATELIER, vous resterez actifs ce qui vous maintiendra en forme. De plus, la boxe est un bon moyen de d\u00e9compresser. La perte de calories et le gain de tonus sont des \u00e9l\u00e9ments qui [&hellip;]\" \/>\n<meta property=\"og:url\" content=\"https:\/\/latelierlartdeboxer.com\/ar\/\u0645\u0642\u062a\u0631\u062d\/\u0644\u0645\u0627\u0630\u0627-\u0627\u0644\u0645\u0644\u0627\u0643\u0645\u0629\/\" \/>\n<meta property=\"og:site_name\" content=\"L&#039;Atelier l&#039;art de boxer\" \/>\n<meta property=\"article:modified_time\" content=\"2023-05-17T09:34:52+00:00\" \/>\n<meta name=\"twitter:card\" content=\"summary_large_image\" \/>\n<meta name=\"twitter:label1\" content=\"\u0648\u0642\u062a \u0627\u0644\u0642\u0631\u0627\u0621\u0629 \u0627\u0644\u0645\u064f\u0642\u062f\u0651\u0631\" \/>\n\t<meta name=\"twitter:data1\" content=\"\u062f\u0642\u064a\u0642\u062a\u0627\u0646\" \/>\n<script type=\"application\/ld+json\" class=\"yoast-schema-graph\">{\"@context\":\"https:\\\/\\\/schema.org\",\"@graph\":[{\"@type\":\"WebPage\",\"@id\":\"https:\\\/\\\/latelierlartdeboxer.com\\\/a-propos\\\/pourquoi-la-boxe\\\/\",\"url\":\"https:\\\/\\\/latelierlartdeboxer.com\\\/a-propos\\\/pourquoi-la-boxe\\\/\",\"name\":\"Pourquoi la boxe ? - L&#039;Atelier l&#039;art de boxer\",\"isPartOf\":{\"@id\":\"https:\\\/\\\/latelierlartdeboxer.com\\\/#website\"},\"datePublished\":\"2023-05-11T06:37:42+00:00\",\"dateModified\":\"2023-05-17T09:34:52+00:00\",\"breadcrumb\":{\"@id\":\"https:\\\/\\\/latelierlartdeboxer.com\\\/a-propos\\\/pourquoi-la-boxe\\\/#breadcrumb\"},\"inLanguage\":\"ar\",\"potentialAction\":[{\"@type\":\"ReadAction\",\"target\":[\"https:\\\/\\\/latelierlartdeboxer.com\\\/a-propos\\\/pourquoi-la-boxe\\\/\"]}]},{\"@type\":\"BreadcrumbList\",\"@id\":\"https:\\\/\\\/latelierlartdeboxer.com\\\/a-propos\\\/pourquoi-la-boxe\\\/#breadcrumb\",\"itemListElement\":[{\"@type\":\"ListItem\",\"position\":1,\"name\":\"Accueil\",\"item\":\"https:\\\/\\\/latelierlartdeboxer.com\\\/\"},{\"@type\":\"ListItem\",\"position\":2,\"name\":\"A propos\",\"item\":\"https:\\\/\\\/latelierlartdeboxer.com\\\/a-propos\\\/\"},{\"@type\":\"ListItem\",\"position\":3,\"name\":\"Pourquoi la boxe ?\"}]},{\"@type\":\"WebSite\",\"@id\":\"https:\\\/\\\/latelierlartdeboxer.com\\\/#website\",\"url\":\"https:\\\/\\\/latelierlartdeboxer.com\\\/\",\"name\":\"L&#039;Atelier l&#039;art de boxer\",\"description\":\"\",\"publisher\":{\"@id\":\"https:\\\/\\\/latelierlartdeboxer.com\\\/#organization\"},\"potentialAction\":[{\"@type\":\"SearchAction\",\"target\":{\"@type\":\"EntryPoint\",\"urlTemplate\":\"https:\\\/\\\/latelierlartdeboxer.com\\\/?s={search_term_string}\"},\"query-input\":{\"@type\":\"PropertyValueSpecification\",\"valueRequired\":true,\"valueName\":\"search_term_string\"}}],\"inLanguage\":\"ar\"},{\"@type\":\"Organization\",\"@id\":\"https:\\\/\\\/latelierlartdeboxer.com\\\/#organization\",\"name\":\"L&#039;Atelier l&#039;art de boxer\",\"url\":\"https:\\\/\\\/latelierlartdeboxer.com\\\/\",\"logo\":{\"@type\":\"ImageObject\",\"inLanguage\":\"ar\",\"@id\":\"https:\\\/\\\/latelierlartdeboxer.com\\\/#\\\/schema\\\/logo\\\/image\\\/\",\"url\":\"https:\\\/\\\/latelierlartdeboxer.com\\\/wp-content\\\/uploads\\\/2023\\\/05\\\/cropped-logo.png\",\"contentUrl\":\"https:\\\/\\\/latelierlartdeboxer.com\\\/wp-content\\\/uploads\\\/2023\\\/05\\\/cropped-logo.png\",\"width\":1062,\"height\":1062,\"caption\":\"L&#039;Atelier l&#039;art de boxer\"},\"image\":{\"@id\":\"https:\\\/\\\/latelierlartdeboxer.com\\\/#\\\/schema\\\/logo\\\/image\\\/\"}}]}<\/script>\n<!-- \/ Yoast SEO plugin. -->","yoast_head_json":{"title":"\u0644\u0645\u0627\u0630\u0627 \u0627\u0644\u0645\u0644\u0627\u0643\u0645\u0629\u061f - \u0648\u0631\u0634\u0629 \u0639\u0645\u0644 \u0641\u0646 \u0627\u0644\u0645\u0644\u0627\u0643\u0645\u0629","robots":{"index":"index","follow":"follow","max-snippet":"max-snippet:-1","max-image-preview":"max-image-preview:large","max-video-preview":"max-video-preview:-1"},"canonical":"https:\/\/latelierlartdeboxer.com\/ar\/\u0645\u0642\u062a\u0631\u062d\/\u0644\u0645\u0627\u0630\u0627-\u0627\u0644\u0645\u0644\u0627\u0643\u0645\u0629\/","og_locale":"ar_AR","og_type":"article","og_title":"Pourquoi la boxe ? - L&#039;Atelier l&#039;art de boxer","og_description":"A propos de l&rsquo;Atelier Pourquoi la boxe ? Pour le bien \u00eatre Le sport c\u2019est la sant\u00e9 ! Gr\u00e2ce aux entrainements de L\u2019ATELIER, vous resterez actifs ce qui vous maintiendra en forme. De plus, la boxe est un bon moyen de d\u00e9compresser. La perte de calories et le gain de tonus sont des \u00e9l\u00e9ments qui [&hellip;]","og_url":"https:\/\/latelierlartdeboxer.com\/ar\/\u0645\u0642\u062a\u0631\u062d\/\u0644\u0645\u0627\u0630\u0627-\u0627\u0644\u0645\u0644\u0627\u0643\u0645\u0629\/","og_site_name":"L&#039;Atelier l&#039;art de boxer","article_modified_time":"2023-05-17T09:34:52+00:00","twitter_card":"summary_large_image","twitter_misc":{"\u0648\u0642\u062a \u0627\u0644\u0642\u0631\u0627\u0621\u0629 \u0627\u0644\u0645\u064f\u0642\u062f\u0651\u0631":"\u062f\u0642\u064a\u0642\u062a\u0627\u0646"},"schema":{"@context":"https:\/\/schema.org","@graph":[{"@type":"WebPage","@id":"https:\/\/latelierlartdeboxer.com\/a-propos\/pourquoi-la-boxe\/","url":"https:\/\/latelierlartdeboxer.com\/a-propos\/pourquoi-la-boxe\/","name":"\u0644\u0645\u0627\u0630\u0627 \u0627\u0644\u0645\u0644\u0627\u0643\u0645\u0629\u061f - \u0648\u0631\u0634\u0629 \u0639\u0645\u0644 \u0641\u0646 \u0627\u0644\u0645\u0644\u0627\u0643\u0645\u0629","isPartOf":{"@id":"https:\/\/latelierlartdeboxer.com\/#website"},"datePublished":"2023-05-11T06:37:42+00:00","dateModified":"2023-05-17T09:34:52+00:00","breadcrumb":{"@id":"https:\/\/latelierlartdeboxer.com\/a-propos\/pourquoi-la-boxe\/#breadcrumb"},"inLanguage":"ar","potentialAction":[{"@type":"ReadAction","target":["https:\/\/latelierlartdeboxer.com\/a-propos\/pourquoi-la-boxe\/"]}]},{"@type":"BreadcrumbList","@id":"https:\/\/latelierlartdeboxer.com\/a-propos\/pourquoi-la-boxe\/#breadcrumb","itemListElement":[{"@type":"ListItem","position":1,"name":"Accueil","item":"https:\/\/latelierlartdeboxer.com\/"},{"@type":"ListItem","position":2,"name":"A propos","item":"https:\/\/latelierlartdeboxer.com\/a-propos\/"},{"@type":"ListItem","position":3,"name":"Pourquoi la boxe ?"}]},{"@type":"WebSite","@id":"https:\/\/latelierlartdeboxer.com\/#website","url":"https:\/\/latelierlartdeboxer.com\/","name":"\u0648\u0631\u0634\u0629 \u0639\u0645\u0644 \u0641\u0646 \u0627\u0644\u0645\u0644\u0627\u0643\u0645\u0629","description":"","publisher":{"@id":"https:\/\/latelierlartdeboxer.com\/#organization"},"potentialAction":[{"@type":"SearchAction","target":{"@type":"EntryPoint","urlTemplate":"https:\/\/latelierlartdeboxer.com\/?s={search_term_string}"},"query-input":{"@type":"PropertyValueSpecification","valueRequired":true,"valueName":"search_term_string"}}],"inLanguage":"ar"},{"@type":"Organization","@id":"https:\/\/latelierlartdeboxer.com\/#organization","name":"\u0648\u0631\u0634\u0629 \u0639\u0645\u0644 \u0641\u0646 \u0627\u0644\u0645\u0644\u0627\u0643\u0645\u0629","url":"https:\/\/latelierlartdeboxer.com\/","logo":{"@type":"ImageObject","inLanguage":"ar","@id":"https:\/\/latelierlartdeboxer.com\/#\/schema\/logo\/image\/","url":"https:\/\/latelierlartdeboxer.com\/wp-content\/uploads\/2023\/05\/cropped-logo.png","contentUrl":"https:\/\/latelierlartdeboxer.com\/wp-content\/uploads\/2023\/05\/cropped-logo.png","width":1062,"height":1062,"caption":"L&#039;Atelier l&#039;art de boxer"},"image":{"@id":"https:\/\/latelierlartdeboxer.com\/#\/schema\/logo\/image\/"}}]}},"_links":{"self":[{"href":"https:\/\/latelierlartdeboxer.com\/ar\/wp-json\/wp\/v2\/pages\/15","targetHints":{"allow":["GET"]}}],"collection":[{"href":"https:\/\/latelierlartdeboxer.com\/ar\/wp-json\/wp\/v2\/pages"}],"about":[{"href":"https:\/\/latelierlartdeboxer.com\/ar\/wp-json\/wp\/v2\/types\/page"}],"author":[{"embeddable":true,"href":"https:\/\/latelierlartdeboxer.com\/ar\/wp-json\/wp\/v2\/users\/1"}],"replies":[{"embeddable":true,"href":"https:\/\/latelierlartdeboxer.com\/ar\/wp-json\/wp\/v2\/comments?post=15"}],"version-history":[{"count":55,"href":"https:\/\/latelierlartdeboxer.com\/ar\/wp-json\/wp\/v2\/pages\/15\/revisions"}],"predecessor-version":[{"id":1614,"href":"https:\/\/latelierlartdeboxer.com\/ar\/wp-json\/wp\/v2\/pages\/15\/revisions\/1614"}],"up":[{"embeddable":true,"href":"https:\/\/latelierlartdeboxer.com\/ar\/wp-json\/wp\/v2\/pages\/13"}],"wp:attachment":[{"href":"https:\/\/latelierlartdeboxer.com\/ar\/wp-json\/wp\/v2\/media?parent=15"}],"curies":[{"name":"wp","href":"https:\/\/api.w.org\/{rel}","templated":true}]}}